{"id":5639,"date":"2024-06-03T14:27:12","date_gmt":"2024-06-03T14:27:12","guid":{"rendered":"https:\/\/koraledetale.pl\/?post_type=product&#038;p=5639"},"modified":"2024-07-26T05:52:18","modified_gmt":"2024-07-26T05:52:18","slug":"mala-na-intuicje-z-amazonitami","status":"publish","type":"product","link":"https:\/\/koraledetale.pl\/?product=mala-na-intuicje-z-amazonitami","title":{"rendered":"Mala NA INTUICJ\u0118 z amazonitami"},"content":{"rendered":"<p>Wielko\u015b\u0107 kamieni:<\/p>\n<ul>\n<li>amazonit &#8211; oponki: 8&#215;5 mm, kulki: 6 mm i wa\u0142eczki: 10&#215;6 mm,<\/li>\n<li>hematyt- 4&#215;2 mm.<\/li>\n<\/ul>\n<p>D\u0142ugo\u015b\u0107 mali \u2013 80 cm + guru z chwostem \u2013 5 cm.<\/p>\n","protected":false},"excerpt":{"rendered":"<p>Mala z amazonitami (oponkami, wa\u0142eczkami i kulkami), dyskretnie przeplatanymi z\u0142otymi hematytami, zwie\u0144czona chwostem z jedwabnych pasm jedwabiu, dobranych kolorystycznie do barw kamieni.<\/p>\n","protected":false},"featured_media":5644,"comment_status":"open","ping_status":"closed","template":"","meta":{"advanced_seo_description":"","jetpack_seo_html_title":"","jetpack_seo_noindex":false},"product_brand":[],"product_cat":[229],"product_tag":[53,953,478,2095,2096,832,772,939,31],"class_list":{"0":"post-5639","1":"product","2":"type-product","3":"status-publish","4":"has-post-thumbnail","6":"product_cat-sprzedane","7":"product_tag-amazonit","8":"product_tag-dlugi-naszyjnik-z-chwostem","9":"product_tag-jedwab","10":"product_tag-mala-z-amazonitami-i-jedwabnym-chwostem","11":"product_tag-mala-z-blekitnych-kamieni","12":"product_tag-mala-z-kamieniami-naturalnymi","13":"product_tag-naszyjnik-do-medytacji","14":"product_tag-naszyjnik-z-amazonitami","15":"product_tag-zloty-hematyt","17":"first","18":"outofstock","19":"shipping-taxable","20":"purchasable","21":"product-type-simple"},"jetpack_sharing_enabled":true,"_links":{"self":[{"href":"https:\/\/koraledetale.pl\/index.php?rest_route=\/wp\/v2\/product\/5639","targetHints":{"allow":["GET"]}}],"collection":[{"href":"https:\/\/koraledetale.pl\/index.php?rest_route=\/wp\/v2\/product"}],"about":[{"href":"https:\/\/koraledetale.pl\/index.php?rest_route=\/wp\/v2\/types\/product"}],"replies":[{"embeddable":true,"href":"https:\/\/koraledetale.pl\/index.php?rest_route=%2Fwp%2Fv2%2Fcomments&post=5639"}],"wp:featuredmedia":[{"embeddable":true,"href":"https:\/\/koraledetale.pl\/index.php?rest_route=\/wp\/v2\/media\/5644"}],"wp:attachment":[{"href":"https:\/\/koraledetale.pl\/index.php?rest_route=%2Fwp%2Fv2%2Fmedia&parent=5639"}],"wp:term":[{"taxonomy":"product_brand","embeddable":true,"href":"https:\/\/koraledetale.pl\/index.php?rest_route=%2Fwp%2Fv2%2Fproduct_brand&post=5639"},{"taxonomy":"product_cat","embeddable":true,"href":"https:\/\/koraledetale.pl\/index.php?rest_route=%2Fwp%2Fv2%2Fproduct_cat&post=5639"},{"taxonomy":"product_tag","embeddable":true,"href":"https:\/\/koraledetale.pl\/index.php?rest_route=%2Fwp%2Fv2%2Fproduct_tag&post=5639"}],"curies":[{"name":"wp","href":"https:\/\/api.w.org\/{rel}","templated":true}]}}