{"id":5632,"date":"2024-05-29T09:27:52","date_gmt":"2024-05-29T09:27:52","guid":{"rendered":"https:\/\/koraledetale.pl\/?post_type=product&#038;p=5632"},"modified":"2024-05-31T05:12:12","modified_gmt":"2024-05-31T05:12:12","slug":"bransoletka-syrenka-majowa-z-koralami-i-onyksami","status":"publish","type":"product","link":"https:\/\/koraledetale.pl\/?product=bransoletka-syrenka-majowa-z-koralami-i-onyksami","title":{"rendered":"Bransoletka SYRENKA MAJOWA z koralami i onyksami"},"content":{"rendered":"<p>Wielko\u015b\u0107 kamieni:<\/p>\n<ul>\n<li>koral \u2013 2,5 mm,<\/li>\n<li>onyks \u2013 2 mm,<\/li>\n<li>hematyt -2,5 mm.<\/li>\n<\/ul>\n<p>D\u0142ugo\u015b\u0107 bransoletki: 15,5 &#8211; 18,5 cm.<\/p>\n<p>Wszystkie elementy metalowe wykonane s\u0105 z nieuczulaj\u0105cej stali szlachetnej.<\/p>\n","protected":false},"excerpt":{"rendered":"<p>Bransoletka z drobnych, r\u00f3\u017cowych korali, przeplatanych zielonymi onyksami i z\u0142otymi hematytami, z zawieszk\u0105 \u2013 rozgwiazd\u0105 i zielonym chwo\u015bcikiem przy przed\u0142u\u017cce. Kamienie zasupe\u0142kowane s\u0105 na zielonej, mocnej nici jubilerskiej.<\/p>\n","protected":false},"featured_media":5627,"comment_status":"open","ping_status":"closed","template":"","meta":{"advanced_seo_description":"","jetpack_seo_html_title":"","jetpack_seo_noindex":false},"product_brand":[],"product_cat":[229],"product_tag":[79,889,133,80,237,134,1345,362,796,97,2092,152,31],"class_list":{"0":"post-5632","1":"product","2":"type-product","3":"status-publish","4":"has-post-thumbnail","6":"product_cat-sprzedane","7":"product_tag-bransoletka-z-drobnych-kamieni","8":"product_tag-bransoletka-z-drobnymi-kamieniami","9":"product_tag-bransoletka-z-kamieni-naturalnych","10":"product_tag-bransoletka-z-kamieniami-naturalnymi","11":"product_tag-bransoletka-z-kolorowymi-kamieniami","12":"product_tag-bransoletka-z-zawieszka","13":"product_tag-kolorowa-bransoletka","14":"product_tag-letnia-bransoletka","15":"product_tag-rozgwiazda","16":"product_tag-rozowy-koral","17":"product_tag-wakacyjna-bransoletka","18":"product_tag-zielony-onyks","19":"product_tag-zloty-hematyt","21":"first","22":"outofstock","23":"shipping-taxable","24":"purchasable","25":"product-type-simple"},"jetpack_sharing_enabled":true,"_links":{"self":[{"href":"https:\/\/koraledetale.pl\/index.php?rest_route=\/wp\/v2\/product\/5632","targetHints":{"allow":["GET"]}}],"collection":[{"href":"https:\/\/koraledetale.pl\/index.php?rest_route=\/wp\/v2\/product"}],"about":[{"href":"https:\/\/koraledetale.pl\/index.php?rest_route=\/wp\/v2\/types\/product"}],"replies":[{"embeddable":true,"href":"https:\/\/koraledetale.pl\/index.php?rest_route=%2Fwp%2Fv2%2Fcomments&post=5632"}],"wp:featuredmedia":[{"embeddable":true,"href":"https:\/\/koraledetale.pl\/index.php?rest_route=\/wp\/v2\/media\/5627"}],"wp:attachment":[{"href":"https:\/\/koraledetale.pl\/index.php?rest_route=%2Fwp%2Fv2%2Fmedia&parent=5632"}],"wp:term":[{"taxonomy":"product_brand","embeddable":true,"href":"https:\/\/koraledetale.pl\/index.php?rest_route=%2Fwp%2Fv2%2Fproduct_brand&post=5632"},{"taxonomy":"product_cat","embeddable":true,"href":"https:\/\/koraledetale.pl\/index.php?rest_route=%2Fwp%2Fv2%2Fproduct_cat&post=5632"},{"taxonomy":"product_tag","embeddable":true,"href":"https:\/\/koraledetale.pl\/index.php?rest_route=%2Fwp%2Fv2%2Fproduct_tag&post=5632"}],"curies":[{"name":"wp","href":"https:\/\/api.w.org\/{rel}","templated":true}]}}