{"id":5620,"date":"2024-05-29T09:12:10","date_gmt":"2024-05-29T09:12:10","guid":{"rendered":"https:\/\/koraledetale.pl\/?post_type=product&#038;p=5620"},"modified":"2024-06-02T19:41:29","modified_gmt":"2024-06-02T19:41:29","slug":"bransoletka-syrenka-majowa-z-koralami-i-howlitami","status":"publish","type":"product","link":"https:\/\/koraledetale.pl\/?product=bransoletka-syrenka-majowa-z-koralami-i-howlitami","title":{"rendered":"Bransoletka SYRENKA MAJOWA z koralami i howlitami"},"content":{"rendered":"<p>Wielko\u015b\u0107 kamieni:<\/p>\n<ul>\n<li>koral &#8211; 2 mm,<\/li>\n<li>howlit &#8211; 2,5 mm i 4,5&#215;2,5 mm,<\/li>\n<li>hematyt -2,5 mm i 2&#215;1 mm.<\/li>\n<\/ul>\n<p>D\u0142ugo\u015b\u0107 bransoletki: 16,5 &#8211; 20 cm.<\/p>\n<p>Wszystkie elementy metalowe wykonane s\u0105 z nieuczulaj\u0105cej stali szlachetnej.<\/p>\n","protected":false},"excerpt":{"rendered":"<p>Bransoletka z g\u0142adkich kuleczek czerwonego koralu, przeplatanego howlitami turkusowymi i z\u0142otymi hematytami, z zawieszk\u0105 &#8211; palm\u0105 i turkusowym chwo\u015bcikiem przy przed\u0142u\u017cce. Kamienie zasupe\u0142kowane s\u0105 na turkusowej, mocnej nici jubilerskiej.<\/p>\n","protected":false},"featured_media":5629,"comment_status":"open","ping_status":"closed","template":"","meta":{"advanced_seo_description":"","jetpack_seo_html_title":"","jetpack_seo_noindex":false},"product_brand":[],"product_cat":[229],"product_tag":[2091,79,889,133,80,237,134,463,1345,82,362,2093,2092,31],"class_list":{"0":"post-5620","1":"product","2":"type-product","3":"status-publish","4":"has-post-thumbnail","6":"product_cat-sprzedane","7":"product_tag-bransoletka-z-czerwonymi-kamieniami","8":"product_tag-bransoletka-z-drobnych-kamieni","9":"product_tag-bransoletka-z-drobnymi-kamieniami","10":"product_tag-bransoletka-z-kamieni-naturalnych","11":"product_tag-bransoletka-z-kamieniami-naturalnymi","12":"product_tag-bransoletka-z-kolorowymi-kamieniami","13":"product_tag-bransoletka-z-zawieszka","14":"product_tag-howlit-turkusowy","15":"product_tag-kolorowa-bransoletka","16":"product_tag-koral","17":"product_tag-letnia-bransoletka","18":"product_tag-palma","19":"product_tag-wakacyjna-bransoletka","20":"product_tag-zloty-hematyt","22":"first","23":"outofstock","24":"shipping-taxable","25":"purchasable","26":"product-type-simple"},"jetpack_sharing_enabled":true,"_links":{"self":[{"href":"https:\/\/koraledetale.pl\/index.php?rest_route=\/wp\/v2\/product\/5620","targetHints":{"allow":["GET"]}}],"collection":[{"href":"https:\/\/koraledetale.pl\/index.php?rest_route=\/wp\/v2\/product"}],"about":[{"href":"https:\/\/koraledetale.pl\/index.php?rest_route=\/wp\/v2\/types\/product"}],"replies":[{"embeddable":true,"href":"https:\/\/koraledetale.pl\/index.php?rest_route=%2Fwp%2Fv2%2Fcomments&post=5620"}],"wp:featuredmedia":[{"embeddable":true,"href":"https:\/\/koraledetale.pl\/index.php?rest_route=\/wp\/v2\/media\/5629"}],"wp:attachment":[{"href":"https:\/\/koraledetale.pl\/index.php?rest_route=%2Fwp%2Fv2%2Fmedia&parent=5620"}],"wp:term":[{"taxonomy":"product_brand","embeddable":true,"href":"https:\/\/koraledetale.pl\/index.php?rest_route=%2Fwp%2Fv2%2Fproduct_brand&post=5620"},{"taxonomy":"product_cat","embeddable":true,"href":"https:\/\/koraledetale.pl\/index.php?rest_route=%2Fwp%2Fv2%2Fproduct_cat&post=5620"},{"taxonomy":"product_tag","embeddable":true,"href":"https:\/\/koraledetale.pl\/index.php?rest_route=%2Fwp%2Fv2%2Fproduct_tag&post=5620"}],"curies":[{"name":"wp","href":"https:\/\/api.w.org\/{rel}","templated":true}]}}