{"id":5607,"date":"2024-05-27T16:10:49","date_gmt":"2024-05-27T16:10:49","guid":{"rendered":"https:\/\/koraledetale.pl\/?post_type=product&#038;p=5607"},"modified":"2024-05-27T17:02:01","modified_gmt":"2024-05-27T17:02:01","slug":"bransoletka-niezapominajka-z-kolorowymi-kamieniami-unikat","status":"publish","type":"product","link":"https:\/\/koraledetale.pl\/?product=bransoletka-niezapominajka-z-kolorowymi-kamieniami-unikat","title":{"rendered":"Bransoletka NIEZAPOMINAJKA z kolorowymi kamieniami &#8211; UNIKAT"},"content":{"rendered":"<p>Wielko\u015b\u0107 kamieni:<\/p>\n<ul>\n<li>kwarc dymny &#8211; owal nieregularny: 10x9x8 mm,<\/li>\n<li>peridot &#8211; plastry: 6&#215;1,5 mm,<\/li>\n<li>labradoryt &#8211; oponka: 8&#215;5 mm, plastry: 4&#215;2,5 mm, \u0142ezka: 8&#215;5 mm,<\/li>\n<li>kianit &#8211; kostka: 6&#215;6 mm,<\/li>\n<li>rodochrozyt &#8211; oponka: 6&#215;3,5 mm,<\/li>\n<li>kamie\u0144 s\u0142oneczny: owal: 8x6x4 mm, oponka: 5,5&#215;4 mm,<\/li>\n<li>amazonit &#8211; oponka: 8&#215;5 mm,<\/li>\n<li>frenit &#8211; owal nieregularny: 11&#215;8 mm,<\/li>\n<li>fluoryt &#8211; kostka: 5&#215;5 mm,<\/li>\n<li>hematyt &#8211; 4&#215;1 mm, 3,5&#215;2 mm, 3,5&#215;1 mm i 3&#215;1 mm.<\/li>\n<\/ul>\n<p>D\u0142ugo\u015b\u0107 bransoletki: 17,5 &#8211; 21 cm.<\/p>\n<p>Wszystkie elementy metalowe wykonane s\u0105 z nieuczulaj\u0105cej stali szlachetnej.<\/p>\n","protected":false},"excerpt":{"rendered":"<p>Bransoletka z kolorowymi kamieniami: kwarcem dymnym, peridotem, labradorytem, kianitem, rodochrozytem, kamieniem s\u0142onecznym, amazonitem, frenitem, fluorytem oraz z\u0142otymi hematytami.<\/p>\n","protected":false},"featured_media":5610,"comment_status":"open","ping_status":"closed","template":"","meta":{"advanced_seo_description":"","jetpack_seo_html_title":"","jetpack_seo_noindex":false},"product_brand":[],"product_cat":[229],"product_tag":[53,80,1199,24,125,94,323,63,500,545,31],"class_list":{"0":"post-5607","1":"product","2":"type-product","3":"status-publish","4":"has-post-thumbnail","6":"product_cat-sprzedane","7":"product_tag-amazonit","8":"product_tag-bransoletka-z-kamieniami-naturalnymi","9":"product_tag-bransoletka-z-kolorowych-kamieni-naturalnych","10":"product_tag-fluoryt","11":"product_tag-frenit","12":"product_tag-kamien-sloneczny","13":"product_tag-kianit","14":"product_tag-kwarc-dymny","15":"product_tag-peridot","16":"product_tag-rodochrozyt","17":"product_tag-zloty-hematyt","19":"first","20":"outofstock","21":"shipping-taxable","22":"purchasable","23":"product-type-simple"},"jetpack_sharing_enabled":true,"_links":{"self":[{"href":"https:\/\/koraledetale.pl\/index.php?rest_route=\/wp\/v2\/product\/5607","targetHints":{"allow":["GET"]}}],"collection":[{"href":"https:\/\/koraledetale.pl\/index.php?rest_route=\/wp\/v2\/product"}],"about":[{"href":"https:\/\/koraledetale.pl\/index.php?rest_route=\/wp\/v2\/types\/product"}],"replies":[{"embeddable":true,"href":"https:\/\/koraledetale.pl\/index.php?rest_route=%2Fwp%2Fv2%2Fcomments&post=5607"}],"wp:featuredmedia":[{"embeddable":true,"href":"https:\/\/koraledetale.pl\/index.php?rest_route=\/wp\/v2\/media\/5610"}],"wp:attachment":[{"href":"https:\/\/koraledetale.pl\/index.php?rest_route=%2Fwp%2Fv2%2Fmedia&parent=5607"}],"wp:term":[{"taxonomy":"product_brand","embeddable":true,"href":"https:\/\/koraledetale.pl\/index.php?rest_route=%2Fwp%2Fv2%2Fproduct_brand&post=5607"},{"taxonomy":"product_cat","embeddable":true,"href":"https:\/\/koraledetale.pl\/index.php?rest_route=%2Fwp%2Fv2%2Fproduct_cat&post=5607"},{"taxonomy":"product_tag","embeddable":true,"href":"https:\/\/koraledetale.pl\/index.php?rest_route=%2Fwp%2Fv2%2Fproduct_tag&post=5607"}],"curies":[{"name":"wp","href":"https:\/\/api.w.org\/{rel}","templated":true}]}}