{"id":5604,"date":"2024-05-21T12:03:46","date_gmt":"2024-05-21T12:03:46","guid":{"rendered":"https:\/\/koraledetale.pl\/?post_type=product&#038;p=5604"},"modified":"2025-03-27T08:57:35","modified_gmt":"2025-03-27T08:57:35","slug":"naszyjnik-bursztyn-z-opalami","status":"publish","type":"product","link":"https:\/\/koraledetale.pl\/?product=naszyjnik-bursztyn-z-opalami","title":{"rendered":"Naszyjnik BURSZTYN z opalami"},"content":{"rendered":"<p>Wielko\u015b\u0107 kamieni:<\/p>\n<ul>\n<li>opal \u2013 4,5 mm,<\/li>\n<li>bursztyn \u2013 40x15x19 mm, ok. 6\u00d75 mm i 4,5 mm,<\/li>\n<li>hematyt \u2013 2 mm.<\/li>\n<\/ul>\n<p>D\u0142ugo\u015b\u0107 naszyjnika \u2013 83 cm.<\/p>\n","protected":false},"excerpt":{"rendered":"<p>D\u0142ugi naszyjnik z r\u00f3\u017cowymi opalami, przeplatanymi kuleczkami i s\u0142upkami bursztynu oraz\u00a0 z\u0142otymi hematytami. Zwie\u0144czeniem naszyjnika jest du\u017cy, nieregularny bursztyn.<\/p>\n","protected":false},"featured_media":5601,"comment_status":"open","ping_status":"closed","template":"","meta":{"advanced_seo_description":"","jetpack_seo_html_title":"","jetpack_seo_noindex":false},"product_brand":[],"product_cat":[229],"product_tag":[1136,2088,456,2087,466,31],"class_list":{"0":"post-5604","1":"product","2":"type-product","3":"status-publish","4":"has-post-thumbnail","6":"product_cat-sprzedane","7":"product_tag-bursztyn","8":"product_tag-dlugi-naszyjnik-z-bursztynami-i-opalami","9":"product_tag-dlugi-naszyjnik-z-kamieniami-naturalnymi","10":"product_tag-dlugi-naszyjnik-z-rozowymi-opalami-i-bursztynem","11":"product_tag-rozowy-opal","12":"product_tag-zloty-hematyt","14":"first","15":"outofstock","16":"shipping-taxable","17":"purchasable","18":"product-type-simple"},"jetpack_sharing_enabled":true,"_links":{"self":[{"href":"https:\/\/koraledetale.pl\/index.php?rest_route=\/wp\/v2\/product\/5604","targetHints":{"allow":["GET"]}}],"collection":[{"href":"https:\/\/koraledetale.pl\/index.php?rest_route=\/wp\/v2\/product"}],"about":[{"href":"https:\/\/koraledetale.pl\/index.php?rest_route=\/wp\/v2\/types\/product"}],"replies":[{"embeddable":true,"href":"https:\/\/koraledetale.pl\/index.php?rest_route=%2Fwp%2Fv2%2Fcomments&post=5604"}],"wp:featuredmedia":[{"embeddable":true,"href":"https:\/\/koraledetale.pl\/index.php?rest_route=\/wp\/v2\/media\/5601"}],"wp:attachment":[{"href":"https:\/\/koraledetale.pl\/index.php?rest_route=%2Fwp%2Fv2%2Fmedia&parent=5604"}],"wp:term":[{"taxonomy":"product_brand","embeddable":true,"href":"https:\/\/koraledetale.pl\/index.php?rest_route=%2Fwp%2Fv2%2Fproduct_brand&post=5604"},{"taxonomy":"product_cat","embeddable":true,"href":"https:\/\/koraledetale.pl\/index.php?rest_route=%2Fwp%2Fv2%2Fproduct_cat&post=5604"},{"taxonomy":"product_tag","embeddable":true,"href":"https:\/\/koraledetale.pl\/index.php?rest_route=%2Fwp%2Fv2%2Fproduct_tag&post=5604"}],"curies":[{"name":"wp","href":"https:\/\/api.w.org\/{rel}","templated":true}]}}