{"id":5597,"date":"2024-05-21T11:55:04","date_gmt":"2024-05-21T11:55:04","guid":{"rendered":"https:\/\/koraledetale.pl\/?post_type=product&#038;p=5597"},"modified":"2026-02-08T07:37:36","modified_gmt":"2026-02-08T07:37:36","slug":"naszyjnik-bursztyn-z-jaspisami","status":"publish","type":"product","link":"https:\/\/koraledetale.pl\/?product=naszyjnik-bursztyn-z-jaspisami","title":{"rendered":"Naszyjnik BURSZTYN z jaspisami"},"content":{"rendered":"<p>Wielko\u015b\u0107 kamieni:<\/p>\n<ul>\n<li>jaspis &#8211; 4 mm,<\/li>\n<li>bursztyn &#8211; 35x9x15 mm, ok. 6&#215;5 mm,<\/li>\n<li>hematyt &#8211; 2 mm.<\/li>\n<\/ul>\n<p>D\u0142ugo\u015b\u0107 naszyjnika &#8211; 68 cm.<\/p>\n","protected":false},"excerpt":{"rendered":"<p>\u015aredniej d\u0142ugo\u015bci\/d\u0142ugi naszyjnik z jaspisami carskimi, przeplatanymi pod\u0142u\u017cnymi bursztynami i z\u0142otymi hematytami. Zwie\u0144czeniem naszyjnika jest du\u017cy, niemal surowy (bardzo delikatnie przeszlifowany) bursztyn.<\/p>\n","protected":false},"featured_media":5600,"comment_status":"open","ping_status":"closed","template":"","meta":{"advanced_seo_description":"","jetpack_seo_html_title":"","jetpack_seo_noindex":false},"product_brand":[],"product_cat":[229],"product_tag":[1136,2084,2085,2086,2083,31],"class_list":{"0":"post-5597","1":"product","2":"type-product","3":"status-publish","4":"has-post-thumbnail","6":"product_cat-sprzedane","7":"product_tag-bursztyn","8":"product_tag-dlugi-naszyjnik-z-bursztyniami-i-jaspisem","9":"product_tag-dlugi-naszyjnik-z-kameiniami-naturalnymi","10":"product_tag-jaspis-carski","11":"product_tag-naszyjnik-z-jaspisami-carskimi-i-bursztynem","12":"product_tag-zloty-hematyt","14":"first","15":"instock","16":"shipping-taxable","17":"purchasable","18":"product-type-simple"},"jetpack_sharing_enabled":true,"_links":{"self":[{"href":"https:\/\/koraledetale.pl\/index.php?rest_route=\/wp\/v2\/product\/5597","targetHints":{"allow":["GET"]}}],"collection":[{"href":"https:\/\/koraledetale.pl\/index.php?rest_route=\/wp\/v2\/product"}],"about":[{"href":"https:\/\/koraledetale.pl\/index.php?rest_route=\/wp\/v2\/types\/product"}],"replies":[{"embeddable":true,"href":"https:\/\/koraledetale.pl\/index.php?rest_route=%2Fwp%2Fv2%2Fcomments&post=5597"}],"wp:featuredmedia":[{"embeddable":true,"href":"https:\/\/koraledetale.pl\/index.php?rest_route=\/wp\/v2\/media\/5600"}],"wp:attachment":[{"href":"https:\/\/koraledetale.pl\/index.php?rest_route=%2Fwp%2Fv2%2Fmedia&parent=5597"}],"wp:term":[{"taxonomy":"product_brand","embeddable":true,"href":"https:\/\/koraledetale.pl\/index.php?rest_route=%2Fwp%2Fv2%2Fproduct_brand&post=5597"},{"taxonomy":"product_cat","embeddable":true,"href":"https:\/\/koraledetale.pl\/index.php?rest_route=%2Fwp%2Fv2%2Fproduct_cat&post=5597"},{"taxonomy":"product_tag","embeddable":true,"href":"https:\/\/koraledetale.pl\/index.php?rest_route=%2Fwp%2Fv2%2Fproduct_tag&post=5597"}],"curies":[{"name":"wp","href":"https:\/\/api.w.org\/{rel}","templated":true}]}}