{"id":5586,"date":"2024-05-19T10:11:41","date_gmt":"2024-05-19T10:11:41","guid":{"rendered":"https:\/\/koraledetale.pl\/?post_type=product&#038;p=5586"},"modified":"2024-05-24T16:17:57","modified_gmt":"2024-05-24T16:17:57","slug":"bransoletka-jeden-z-granatami","status":"publish","type":"product","link":"https:\/\/koraledetale.pl\/?product=bransoletka-jeden-z-granatami","title":{"rendered":"Bransoletka JEDEN z granatami"},"content":{"rendered":"<p>Wielko\u015b\u0107 kamieni:<\/p>\n<ul>\n<li>granat \u2013 3,5 mm i 2 mm,<\/li>\n<li>hematyt \u2013 2\u00d71 mm.<\/li>\n<\/ul>\n<p>D\u0142ugo\u015b\u0107 bransoletki: 16-19 cm.<\/p>\n<p>Wszystkie elementy metalowe wykonane s\u0105 z nieuczulaj\u0105cej stali szlachetnej.<\/p>\n<p>&nbsp;<\/p>\n<p><strong>Granat<\/strong> jest kamieniem ochronnym, wykorzystywanym dawniej przez wojownik\u00f3w jako talizman na polu bitwy. Zwi\u0119ksza poziom energii, witalno\u015bci i wytrzyma\u0142o\u015bci osoby, kt\u00f3ra go nosi. Jest to kamie\u0144 motywacji, odwagi i determinacji. Granat jest r\u00f3wnie\u017c symbolem mi\u0142o\u015bci, nami\u0119tno\u015bci i oddania, wzmacnia uczucia i relacje, a tak\u017ce przynosi harmoni\u0119 i zrozumienie w zwi\u0105zkach. Jest r\u00f3wnie\u017c zwi\u0105zany z procesami transformacji i odnowy, pomagaj\u0105c w przezwyci\u0119\u017caniu trudno\u015bci i zmianach \u017cyciowych. Stabilizuje emocje, zmniejsza stres i niepok\u00f3j, wprowadza spok\u00f3j i harmoni\u0119 wewn\u0119trzn\u0105.<\/p>\n","protected":false},"excerpt":{"rendered":"<p>Delikatna bransoletka z drobnymi granatami, z jednym, wi\u0119kszym w centrum oraz z\u0142otymi hematytami. Kamienie zasupe\u0142kowane s\u0105 na mocnej nici jubilerskiej.<\/p>\n","protected":false},"featured_media":5578,"comment_status":"open","ping_status":"closed","template":"","meta":{"advanced_seo_description":"","jetpack_seo_html_title":"","jetpack_seo_noindex":false},"product_brand":[],"product_cat":[229],"product_tag":[2072,2077,71,31],"class_list":{"0":"post-5586","1":"product","2":"type-product","3":"status-publish","4":"has-post-thumbnail","6":"product_cat-sprzedane","7":"product_tag-bransoletka-z-drobnymi-kamieniami-naturalnymi","8":"product_tag-delikatna-bransoletka-z-granatami","9":"product_tag-granat","10":"product_tag-zloty-hematyt","12":"first","13":"outofstock","14":"shipping-taxable","15":"purchasable","16":"product-type-simple"},"jetpack_sharing_enabled":true,"_links":{"self":[{"href":"https:\/\/koraledetale.pl\/index.php?rest_route=\/wp\/v2\/product\/5586","targetHints":{"allow":["GET"]}}],"collection":[{"href":"https:\/\/koraledetale.pl\/index.php?rest_route=\/wp\/v2\/product"}],"about":[{"href":"https:\/\/koraledetale.pl\/index.php?rest_route=\/wp\/v2\/types\/product"}],"replies":[{"embeddable":true,"href":"https:\/\/koraledetale.pl\/index.php?rest_route=%2Fwp%2Fv2%2Fcomments&post=5586"}],"wp:featuredmedia":[{"embeddable":true,"href":"https:\/\/koraledetale.pl\/index.php?rest_route=\/wp\/v2\/media\/5578"}],"wp:attachment":[{"href":"https:\/\/koraledetale.pl\/index.php?rest_route=%2Fwp%2Fv2%2Fmedia&parent=5586"}],"wp:term":[{"taxonomy":"product_brand","embeddable":true,"href":"https:\/\/koraledetale.pl\/index.php?rest_route=%2Fwp%2Fv2%2Fproduct_brand&post=5586"},{"taxonomy":"product_cat","embeddable":true,"href":"https:\/\/koraledetale.pl\/index.php?rest_route=%2Fwp%2Fv2%2Fproduct_cat&post=5586"},{"taxonomy":"product_tag","embeddable":true,"href":"https:\/\/koraledetale.pl\/index.php?rest_route=%2Fwp%2Fv2%2Fproduct_tag&post=5586"}],"curies":[{"name":"wp","href":"https:\/\/api.w.org\/{rel}","templated":true}]}}