{"id":5552,"date":"2024-05-09T14:44:38","date_gmt":"2024-05-09T14:44:38","guid":{"rendered":"https:\/\/koraledetale.pl\/?post_type=product&#038;p=5552"},"modified":"2025-12-21T12:53:49","modified_gmt":"2025-12-21T12:53:49","slug":"kolczyki-3","status":"publish","type":"product","link":"https:\/\/koraledetale.pl\/?product=kolczyki-3","title":{"rendered":"Kolczyki ASYMETRIA z granatami, kwarcem r\u00f3\u017cowym, kamieniem ksi\u0119\u017cycowym i turmalinem"},"content":{"rendered":"<p>Wielko\u015b\u0107 kamieni:<\/p>\n<ul>\n<li>granat \u2013 9x6x3,5 mm i 6,5x5x3 mm,<\/li>\n<li>kwarc r\u00f3\u017cowy \u2013 5\u00d75 mm,<\/li>\n<li>turmalin &#8211; 4,5&#215;4,5 mm,<\/li>\n<li>kamie\u0144 ksi\u0119\u017cycowy \u2013 4,5&#215;4,5 mm.<\/li>\n<\/ul>\n<p>D\u0142ugo\u015b\u0107 kolczyk\u00f3w \u2013 2,8 cm i 3,5 cm.<\/p>\n<p>Wszystkie elementy metalowe wykonane s\u0105 z nieuczulaj\u0105cej stali szlachetnej.<\/p>\n","protected":false},"excerpt":{"rendered":"<p>Asymetryczne kolczyki na sztyftach z kuleczk\u0105, na kt\u00f3rej zawieszone s\u0105: granaty, turmalin, kwarc r\u00f3\u017cowy i kamie\u0144 ksi\u0119\u017cycowy.<\/p>\n","protected":false},"featured_media":5550,"comment_status":"open","ping_status":"closed","template":"","meta":{"advanced_seo_description":"","jetpack_seo_html_title":"","jetpack_seo_noindex":false},"product_brand":[],"product_cat":[229],"product_tag":[1006,2068,2066,2067,71,64,216,59],"class_list":{"0":"post-5552","1":"product","2":"type-product","3":"status-publish","4":"has-post-thumbnail","6":"product_cat-sprzedane","7":"product_tag-asymetryczne-kolczyki-na-sztyftach","8":"product_tag-asymetryczne-kolczyki-z-granatami-kwarcem-rozowym-kamieniem-ksiezycowym-i-rozowym-turmalinem","9":"product_tag-asymetryczne-kolczyki-z-kamieniami-naturalnymi","10":"product_tag-asymetryczne-kolczyki-z-rozowymi-kamieniami","11":"product_tag-granat","12":"product_tag-kamien-ksiezycowy","13":"product_tag-kwarc-rozowy","14":"product_tag-rozowy-turmalin","16":"first","17":"outofstock","18":"shipping-taxable","19":"purchasable","20":"product-type-simple"},"jetpack_sharing_enabled":true,"_links":{"self":[{"href":"https:\/\/koraledetale.pl\/index.php?rest_route=\/wp\/v2\/product\/5552","targetHints":{"allow":["GET"]}}],"collection":[{"href":"https:\/\/koraledetale.pl\/index.php?rest_route=\/wp\/v2\/product"}],"about":[{"href":"https:\/\/koraledetale.pl\/index.php?rest_route=\/wp\/v2\/types\/product"}],"replies":[{"embeddable":true,"href":"https:\/\/koraledetale.pl\/index.php?rest_route=%2Fwp%2Fv2%2Fcomments&post=5552"}],"wp:featuredmedia":[{"embeddable":true,"href":"https:\/\/koraledetale.pl\/index.php?rest_route=\/wp\/v2\/media\/5550"}],"wp:attachment":[{"href":"https:\/\/koraledetale.pl\/index.php?rest_route=%2Fwp%2Fv2%2Fmedia&parent=5552"}],"wp:term":[{"taxonomy":"product_brand","embeddable":true,"href":"https:\/\/koraledetale.pl\/index.php?rest_route=%2Fwp%2Fv2%2Fproduct_brand&post=5552"},{"taxonomy":"product_cat","embeddable":true,"href":"https:\/\/koraledetale.pl\/index.php?rest_route=%2Fwp%2Fv2%2Fproduct_cat&post=5552"},{"taxonomy":"product_tag","embeddable":true,"href":"https:\/\/koraledetale.pl\/index.php?rest_route=%2Fwp%2Fv2%2Fproduct_tag&post=5552"}],"curies":[{"name":"wp","href":"https:\/\/api.w.org\/{rel}","templated":true}]}}