{"id":5547,"date":"2024-05-09T14:33:12","date_gmt":"2024-05-09T14:33:12","guid":{"rendered":"https:\/\/koraledetale.pl\/?post_type=product&#038;p=5547"},"modified":"2024-12-07T06:55:23","modified_gmt":"2024-12-07T06:55:23","slug":"kolczyki-herkimer-z-fluorytem","status":"publish","type":"product","link":"https:\/\/koraledetale.pl\/?product=kolczyki-herkimer-z-fluorytem","title":{"rendered":"Kolczyki SYMETRIA z herkimerem i fluorytem"},"content":{"rendered":"<p>Wielko\u015b\u0107 kamieni:<\/p>\n<ul>\n<li>herkimer \u2013 12x6x5 mm,<\/li>\n<li>fluoryt \u2013 5\u00d75 mm,<\/li>\n<li>hematyt &#8211; 2&#215;1 mm i 4&#215;1 mm.<\/li>\n<\/ul>\n<p>D\u0142ugo\u015b\u0107 kolczyk\u00f3w \u2013 2,5 cm.<\/p>\n<p>Wszystkie elementy metalowe wykonane s\u0105 z nieuczulaj\u0105cej stali szlachetnej.<\/p>\n","protected":false},"excerpt":{"rendered":"<p>Kolczyki na sztyftach z kuleczk\u0105, na kt\u00f3rej zawieszone s\u0105: herkimer, kosteczka fluorytu i z\u0142ote hematyty.<\/p>\n","protected":false},"featured_media":5551,"comment_status":"open","ping_status":"closed","template":"","meta":{"advanced_seo_description":"","jetpack_seo_html_title":"","jetpack_seo_noindex":false},"product_brand":[],"product_cat":[229],"product_tag":[1253,24,2065,603,31],"class_list":{"0":"post-5547","1":"product","2":"type-product","3":"status-publish","4":"has-post-thumbnail","6":"product_cat-sprzedane","7":"product_tag-diament-z-herkimer","8":"product_tag-fluoryt","9":"product_tag-kolczyki-na-sztyftach-z-herkimerem-i-fluorytem","10":"product_tag-krotkie-kolczyki-z-kamieniami-naturalnymi","11":"product_tag-zloty-hematyt","13":"first","14":"outofstock","15":"shipping-taxable","16":"purchasable","17":"product-type-simple"},"jetpack_sharing_enabled":true,"_links":{"self":[{"href":"https:\/\/koraledetale.pl\/index.php?rest_route=\/wp\/v2\/product\/5547","targetHints":{"allow":["GET"]}}],"collection":[{"href":"https:\/\/koraledetale.pl\/index.php?rest_route=\/wp\/v2\/product"}],"about":[{"href":"https:\/\/koraledetale.pl\/index.php?rest_route=\/wp\/v2\/types\/product"}],"replies":[{"embeddable":true,"href":"https:\/\/koraledetale.pl\/index.php?rest_route=%2Fwp%2Fv2%2Fcomments&post=5547"}],"wp:featuredmedia":[{"embeddable":true,"href":"https:\/\/koraledetale.pl\/index.php?rest_route=\/wp\/v2\/media\/5551"}],"wp:attachment":[{"href":"https:\/\/koraledetale.pl\/index.php?rest_route=%2Fwp%2Fv2%2Fmedia&parent=5547"}],"wp:term":[{"taxonomy":"product_brand","embeddable":true,"href":"https:\/\/koraledetale.pl\/index.php?rest_route=%2Fwp%2Fv2%2Fproduct_brand&post=5547"},{"taxonomy":"product_cat","embeddable":true,"href":"https:\/\/koraledetale.pl\/index.php?rest_route=%2Fwp%2Fv2%2Fproduct_cat&post=5547"},{"taxonomy":"product_tag","embeddable":true,"href":"https:\/\/koraledetale.pl\/index.php?rest_route=%2Fwp%2Fv2%2Fproduct_tag&post=5547"}],"curies":[{"name":"wp","href":"https:\/\/api.w.org\/{rel}","templated":true}]}}