{"id":5519,"date":"2024-04-28T10:16:35","date_gmt":"2024-04-28T10:16:35","guid":{"rendered":"https:\/\/koraledetale.pl\/?post_type=product&#038;p=5519"},"modified":"2024-12-09T18:52:48","modified_gmt":"2024-12-09T18:52:48","slug":"lancuszek-sila-spokoju-z-ametystem","status":"publish","type":"product","link":"https:\/\/koraledetale.pl\/?product=lancuszek-sila-spokoju-z-ametystem","title":{"rendered":"\u0141a\u0144cuszek SI\u0141A SPOKOJU z ametystem"},"content":{"rendered":"<p>Wielko\u015b\u0107 ametystu: 12,5&#215;6,5&#215;5 mm.<\/p>\n<p>D\u0142ugo\u015b\u0107 naszyjnika: 40-45 cm + zawieszka 2,8 cm.<\/p>\n<p>Wszystkie elementy metalowe wykonane s\u0105 z nieuczulaj\u0105cej stali szlachetnej.<\/p>\n","protected":false},"excerpt":{"rendered":"<p>\u0141a\u0144cuszek z fasetowanym, pod\u0142u\u017cnym ametystem zawieszonym na k\u00f3\u0142ku.<\/p>\n","protected":false},"featured_media":5524,"comment_status":"open","ping_status":"closed","template":"","meta":{"advanced_seo_description":"","jetpack_seo_html_title":"","jetpack_seo_noindex":false},"product_brand":[],"product_cat":[229],"product_tag":[38,2054,477,2052,2053],"class_list":{"0":"post-5519","1":"product","2":"type-product","3":"status-publish","4":"has-post-thumbnail","6":"product_cat-sprzedane","7":"product_tag-ametyst","8":"product_tag-naszyjnik-z-ametystem","9":"product_tag-naszyjnik-z-kamieniem-naturalnym","10":"product_tag-lancuszek-z-ametystem","11":"product_tag-lancuszek-z-fioletowym-kamieniem","13":"first","14":"outofstock","15":"shipping-taxable","16":"purchasable","17":"product-type-simple"},"jetpack_sharing_enabled":true,"_links":{"self":[{"href":"https:\/\/koraledetale.pl\/index.php?rest_route=\/wp\/v2\/product\/5519","targetHints":{"allow":["GET"]}}],"collection":[{"href":"https:\/\/koraledetale.pl\/index.php?rest_route=\/wp\/v2\/product"}],"about":[{"href":"https:\/\/koraledetale.pl\/index.php?rest_route=\/wp\/v2\/types\/product"}],"replies":[{"embeddable":true,"href":"https:\/\/koraledetale.pl\/index.php?rest_route=%2Fwp%2Fv2%2Fcomments&post=5519"}],"wp:featuredmedia":[{"embeddable":true,"href":"https:\/\/koraledetale.pl\/index.php?rest_route=\/wp\/v2\/media\/5524"}],"wp:attachment":[{"href":"https:\/\/koraledetale.pl\/index.php?rest_route=%2Fwp%2Fv2%2Fmedia&parent=5519"}],"wp:term":[{"taxonomy":"product_brand","embeddable":true,"href":"https:\/\/koraledetale.pl\/index.php?rest_route=%2Fwp%2Fv2%2Fproduct_brand&post=5519"},{"taxonomy":"product_cat","embeddable":true,"href":"https:\/\/koraledetale.pl\/index.php?rest_route=%2Fwp%2Fv2%2Fproduct_cat&post=5519"},{"taxonomy":"product_tag","embeddable":true,"href":"https:\/\/koraledetale.pl\/index.php?rest_route=%2Fwp%2Fv2%2Fproduct_tag&post=5519"}],"curies":[{"name":"wp","href":"https:\/\/api.w.org\/{rel}","templated":true}]}}