{"id":5508,"date":"2024-04-25T10:17:40","date_gmt":"2024-04-25T10:17:40","guid":{"rendered":"https:\/\/koraledetale.pl\/?post_type=product&#038;p=5508"},"modified":"2024-04-25T10:17:40","modified_gmt":"2024-04-25T10:17:40","slug":"lancuszek-tu-i-teraz-z-kianitem","status":"publish","type":"product","link":"https:\/\/koraledetale.pl\/?product=lancuszek-tu-i-teraz-z-kianitem","title":{"rendered":"\u0141a\u0144cuszek TU I TERAZ z kianitem"},"content":{"rendered":"<p>Wielko\u015b\u0107 kianitu: 12x6x4 mm.<\/p>\n<p>D\u0142ugo\u015b\u0107 naszyjnika: 42,5 &#8211; 47,5 cm.<\/p>\n<p>Wszystkie elementy metalowe wykonane s\u0105 z nieuczulaj\u0105cej stali szlachetnej.<\/p>\n","protected":false},"excerpt":{"rendered":"<p>Minimalistyczny \u0142a\u0144cuszek z prostok\u0105tnym kianitem.<\/p>\n","protected":false},"featured_media":5514,"comment_status":"open","ping_status":"closed","template":"","meta":{"advanced_seo_description":"","jetpack_seo_html_title":"","jetpack_seo_noindex":false},"product_brand":[],"product_cat":[15],"product_tag":[323,1672,1153,1685],"class_list":{"0":"post-5508","1":"product","2":"type-product","3":"status-publish","4":"has-post-thumbnail","6":"product_cat-naszyjniki","7":"product_tag-kianit","8":"product_tag-lancuszek-z-kamieniem-naturalnym","9":"product_tag-lancuszek-z-kianitem","10":"product_tag-lancuszek-z-niebieskim-kamieniem","12":"first","13":"instock","14":"shipping-taxable","15":"purchasable","16":"product-type-simple"},"jetpack_sharing_enabled":true,"_links":{"self":[{"href":"https:\/\/koraledetale.pl\/index.php?rest_route=\/wp\/v2\/product\/5508","targetHints":{"allow":["GET"]}}],"collection":[{"href":"https:\/\/koraledetale.pl\/index.php?rest_route=\/wp\/v2\/product"}],"about":[{"href":"https:\/\/koraledetale.pl\/index.php?rest_route=\/wp\/v2\/types\/product"}],"replies":[{"embeddable":true,"href":"https:\/\/koraledetale.pl\/index.php?rest_route=%2Fwp%2Fv2%2Fcomments&post=5508"}],"wp:featuredmedia":[{"embeddable":true,"href":"https:\/\/koraledetale.pl\/index.php?rest_route=\/wp\/v2\/media\/5514"}],"wp:attachment":[{"href":"https:\/\/koraledetale.pl\/index.php?rest_route=%2Fwp%2Fv2%2Fmedia&parent=5508"}],"wp:term":[{"taxonomy":"product_brand","embeddable":true,"href":"https:\/\/koraledetale.pl\/index.php?rest_route=%2Fwp%2Fv2%2Fproduct_brand&post=5508"},{"taxonomy":"product_cat","embeddable":true,"href":"https:\/\/koraledetale.pl\/index.php?rest_route=%2Fwp%2Fv2%2Fproduct_cat&post=5508"},{"taxonomy":"product_tag","embeddable":true,"href":"https:\/\/koraledetale.pl\/index.php?rest_route=%2Fwp%2Fv2%2Fproduct_tag&post=5508"}],"curies":[{"name":"wp","href":"https:\/\/api.w.org\/{rel}","templated":true}]}}