{"id":5507,"date":"2024-04-23T07:48:12","date_gmt":"2024-04-23T07:48:12","guid":{"rendered":"https:\/\/koraledetale.pl\/?post_type=product&#038;p=5507"},"modified":"2024-04-26T10:38:52","modified_gmt":"2024-04-26T10:38:52","slug":"bransoletka-marzenie-z-kwarcami-dymnymi-cytrynami-i-krysztalami-gorskimi","status":"publish","type":"product","link":"https:\/\/koraledetale.pl\/?product=bransoletka-marzenie-z-kwarcami-dymnymi-cytrynami-i-krysztalami-gorskimi","title":{"rendered":"Bransoletka MARZENIE z kwarcami dymnymi, cytrynami i kryszta\u0142ami g\u00f3rskimi"},"content":{"rendered":"<p>Wielko\u015b\u0107 kamieni:<\/p>\n<ul>\n<li>kwarc dymny, cytryn, kryszta\u0142 g\u00f3rski \u2013 4\u00d73 mm,<\/li>\n<li>hematyt \u2013 4\u00d73 mm, 3\u00d72 mm, 2\u00d71 mm i 2 mm.<\/li>\n<\/ul>\n<p>D\u0142ugo\u015b\u0107 bransoletki: 17-20 cm.<\/p>\n<p>Wszystkie elementy metalowe wykonane s\u0105 z nieuczulaj\u0105cej stali szlachetnej.<\/p>\n","protected":false},"excerpt":{"rendered":"<p>Bransoletka z cieniowanych kwarc\u00f3w dymnych, cytryn\u00f3w i kryszta\u0142\u00f3w g\u00f3rskich, przeplatanych z\u0142otymi hematytami.<\/p>\n","protected":false},"featured_media":5503,"comment_status":"open","ping_status":"closed","template":"","meta":{"advanced_seo_description":"","jetpack_seo_html_title":"","jetpack_seo_noindex":false},"product_brand":[],"product_cat":[229],"product_tag":[2048,1680,2049,193,67,702,63],"class_list":{"0":"post-5507","1":"product","2":"type-product","3":"status-publish","4":"has-post-thumbnail","6":"product_cat-sprzedane","7":"product_tag-bransoletka-z-brazowymi-i-zoltymi-kamieniami-naturalnymi","8":"product_tag-bransoletka-z-cieniowanymi-kamieniami","9":"product_tag-bransoletka-z-kwarcami-dymnymi-cytrynami-i-kwarcami-dymnymi","10":"product_tag-cytryn","11":"product_tag-hematyt","12":"product_tag-krysztal-gorski","13":"product_tag-kwarc-dymny","15":"first","16":"outofstock","17":"shipping-taxable","18":"purchasable","19":"product-type-simple"},"jetpack_sharing_enabled":true,"_links":{"self":[{"href":"https:\/\/koraledetale.pl\/index.php?rest_route=\/wp\/v2\/product\/5507","targetHints":{"allow":["GET"]}}],"collection":[{"href":"https:\/\/koraledetale.pl\/index.php?rest_route=\/wp\/v2\/product"}],"about":[{"href":"https:\/\/koraledetale.pl\/index.php?rest_route=\/wp\/v2\/types\/product"}],"replies":[{"embeddable":true,"href":"https:\/\/koraledetale.pl\/index.php?rest_route=%2Fwp%2Fv2%2Fcomments&post=5507"}],"wp:featuredmedia":[{"embeddable":true,"href":"https:\/\/koraledetale.pl\/index.php?rest_route=\/wp\/v2\/media\/5503"}],"wp:attachment":[{"href":"https:\/\/koraledetale.pl\/index.php?rest_route=%2Fwp%2Fv2%2Fmedia&parent=5507"}],"wp:term":[{"taxonomy":"product_brand","embeddable":true,"href":"https:\/\/koraledetale.pl\/index.php?rest_route=%2Fwp%2Fv2%2Fproduct_brand&post=5507"},{"taxonomy":"product_cat","embeddable":true,"href":"https:\/\/koraledetale.pl\/index.php?rest_route=%2Fwp%2Fv2%2Fproduct_cat&post=5507"},{"taxonomy":"product_tag","embeddable":true,"href":"https:\/\/koraledetale.pl\/index.php?rest_route=%2Fwp%2Fv2%2Fproduct_tag&post=5507"}],"curies":[{"name":"wp","href":"https:\/\/api.w.org\/{rel}","templated":true}]}}