{"id":5500,"date":"2024-04-23T07:41:12","date_gmt":"2024-04-23T07:41:12","guid":{"rendered":"https:\/\/koraledetale.pl\/?post_type=product&#038;p=5500"},"modified":"2024-08-04T16:08:16","modified_gmt":"2024-08-04T16:08:16","slug":"naszyjnik-marzenie-z-kwarcami-dymnymi-cytrynami-i-krysztalami-gorskimi","status":"publish","type":"product","link":"https:\/\/koraledetale.pl\/?product=naszyjnik-marzenie-z-kwarcami-dymnymi-cytrynami-i-krysztalami-gorskimi","title":{"rendered":"Naszyjnik MARZENIE z kwarcami dymnymi, cytrynami i kryszta\u0142ami g\u00f3rskimi"},"content":{"rendered":"<p>Wielko\u015b\u0107 kamieni:<\/p>\n<ul>\n<li>kwarc dymny, cytryn, kryszta\u0142 g\u00f3rski \u2013 4&#215;3 mm,<\/li>\n<li>hematyt \u2013 4\u00d73 mm, 3\u00d72 mm, 2\u00d71 mm i 2 mm.<\/li>\n<\/ul>\n<p>D\u0142ugo\u015b\u0107 naszyjnika: 40 \u2013 45 cm.<\/p>\n<p>Wszystkie elementy metalowe wykonane s\u0105 z nieuczulaj\u0105cej stali szlachetnej.<\/p>\n","protected":false},"excerpt":{"rendered":"<p>Naszyjnik z cieniowanych kwarc\u00f3w dymnych, cytryn\u00f3w i kryszta\u0142\u00f3w g\u00f3rskich, przeplatanych z\u0142otymi hematytami. Zwie\u0144czeniem naszyjnika jest dwustronna zawieszka z symbolem trzeciego oka.<\/p>\n","protected":false},"featured_media":5504,"comment_status":"open","ping_status":"closed","template":"","meta":{"advanced_seo_description":"","jetpack_seo_html_title":"","jetpack_seo_noindex":false},"product_brand":[],"product_cat":[229],"product_tag":[193,702,63,2042,2041,2043,1448,2045,2046,2044,2047,31],"class_list":{"0":"post-5500","1":"product","2":"type-product","3":"status-publish","4":"has-post-thumbnail","6":"product_cat-sprzedane","7":"product_tag-cytryn","8":"product_tag-krysztal-gorski","9":"product_tag-kwarc-dymny","10":"product_tag-naszyjnik-z-brazowymi-i-zoltymi-kamieniami","11":"product_tag-naszyjnik-z-cieniowanymi-kamieniami-naturalnymi","12":"product_tag-naszyjnik-z-kwarcami-dymnymi-cytrynami-i-krysztalami-gorskimi","13":"product_tag-naszyjnik-z-zawieszka","14":"product_tag-obfitosc","15":"product_tag-ochrona","16":"product_tag-trzecie-oko","17":"product_tag-w","18":"product_tag-zloty-hematyt","20":"first","21":"outofstock","22":"shipping-taxable","23":"purchasable","24":"product-type-simple"},"jetpack_sharing_enabled":true,"_links":{"self":[{"href":"https:\/\/koraledetale.pl\/index.php?rest_route=\/wp\/v2\/product\/5500","targetHints":{"allow":["GET"]}}],"collection":[{"href":"https:\/\/koraledetale.pl\/index.php?rest_route=\/wp\/v2\/product"}],"about":[{"href":"https:\/\/koraledetale.pl\/index.php?rest_route=\/wp\/v2\/types\/product"}],"replies":[{"embeddable":true,"href":"https:\/\/koraledetale.pl\/index.php?rest_route=%2Fwp%2Fv2%2Fcomments&post=5500"}],"wp:featuredmedia":[{"embeddable":true,"href":"https:\/\/koraledetale.pl\/index.php?rest_route=\/wp\/v2\/media\/5504"}],"wp:attachment":[{"href":"https:\/\/koraledetale.pl\/index.php?rest_route=%2Fwp%2Fv2%2Fmedia&parent=5500"}],"wp:term":[{"taxonomy":"product_brand","embeddable":true,"href":"https:\/\/koraledetale.pl\/index.php?rest_route=%2Fwp%2Fv2%2Fproduct_brand&post=5500"},{"taxonomy":"product_cat","embeddable":true,"href":"https:\/\/koraledetale.pl\/index.php?rest_route=%2Fwp%2Fv2%2Fproduct_cat&post=5500"},{"taxonomy":"product_tag","embeddable":true,"href":"https:\/\/koraledetale.pl\/index.php?rest_route=%2Fwp%2Fv2%2Fproduct_tag&post=5500"}],"curies":[{"name":"wp","href":"https:\/\/api.w.org\/{rel}","templated":true}]}}