{"id":5496,"date":"2024-04-21T16:52:45","date_gmt":"2024-04-21T16:52:45","guid":{"rendered":"https:\/\/koraledetale.pl\/?post_type=product&#038;p=5496"},"modified":"2024-07-15T12:54:47","modified_gmt":"2024-07-15T12:54:47","slug":"naszyjnik-natura-z-agatami-cytrynami-i-turmalinami","status":"publish","type":"product","link":"https:\/\/koraledetale.pl\/?product=naszyjnik-natura-z-agatami-cytrynami-i-turmalinami","title":{"rendered":"Naszyjnik NATURA z agatami, cytrynami i turmalinami"},"content":{"rendered":"<p>Wielko\u015b\u0107 kamieni:<\/p>\n<ul>\n<li>agat &#8211; 3,5 mm,<\/li>\n<li>cytryn &#8211; ok. 5&#215;4 mm,<\/li>\n<li>turmalin &#8211; 5&#215;3 mm,<\/li>\n<li>hematyt &#8211; 4&#215;3 mm, 3&#215;2 mm, 3&#215;1 mm, 2&#215;1 mm i 2 mm.<\/li>\n<\/ul>\n<p>D\u0142ugo\u015b\u0107 naszyjnika: 41 &#8211; 46 cm.<\/p>\n<p>Wszystkie elementy metalowe wykonane s\u0105 z nieuczulaj\u0105cej stali szlachetnej.<\/p>\n","protected":false},"excerpt":{"rendered":"<p>Naszyjnik z cieniowanych, zielono-\u017c\u00f3\u0142tych agat\u00f3w, przeplatanych turmalinami i cytrynami oraz z\u0142otymi hematytami. Zwie\u0144czeniem naszyjnika jest dwustronna monetka.<\/p>\n","protected":false},"featured_media":5494,"comment_status":"open","ping_status":"closed","template":"","meta":{"advanced_seo_description":"","jetpack_seo_html_title":"","jetpack_seo_noindex":false},"product_brand":[],"product_cat":[229],"product_tag":[127,193,2036,77,2037,2035,87,31],"class_list":{"0":"post-5496","1":"product","2":"type-product","3":"status-publish","4":"has-post-thumbnail","6":"product_cat-sprzedane","7":"product_tag-agat","8":"product_tag-cytryn","9":"product_tag-cytrynami-i-turmalinami","10":"product_tag-naszyjnik-z-agatami","11":"product_tag-naszyjnik-z-monetka-i-kamieniami-naturalnymi","12":"product_tag-naszyjnik-z-zielonymi-i-zoltymi-kamieniami","13":"product_tag-turmalin","14":"product_tag-zloty-hematyt","16":"first","17":"outofstock","18":"shipping-taxable","19":"purchasable","20":"product-type-simple"},"jetpack_sharing_enabled":true,"_links":{"self":[{"href":"https:\/\/koraledetale.pl\/index.php?rest_route=\/wp\/v2\/product\/5496","targetHints":{"allow":["GET"]}}],"collection":[{"href":"https:\/\/koraledetale.pl\/index.php?rest_route=\/wp\/v2\/product"}],"about":[{"href":"https:\/\/koraledetale.pl\/index.php?rest_route=\/wp\/v2\/types\/product"}],"replies":[{"embeddable":true,"href":"https:\/\/koraledetale.pl\/index.php?rest_route=%2Fwp%2Fv2%2Fcomments&post=5496"}],"wp:featuredmedia":[{"embeddable":true,"href":"https:\/\/koraledetale.pl\/index.php?rest_route=\/wp\/v2\/media\/5494"}],"wp:attachment":[{"href":"https:\/\/koraledetale.pl\/index.php?rest_route=%2Fwp%2Fv2%2Fmedia&parent=5496"}],"wp:term":[{"taxonomy":"product_brand","embeddable":true,"href":"https:\/\/koraledetale.pl\/index.php?rest_route=%2Fwp%2Fv2%2Fproduct_brand&post=5496"},{"taxonomy":"product_cat","embeddable":true,"href":"https:\/\/koraledetale.pl\/index.php?rest_route=%2Fwp%2Fv2%2Fproduct_cat&post=5496"},{"taxonomy":"product_tag","embeddable":true,"href":"https:\/\/koraledetale.pl\/index.php?rest_route=%2Fwp%2Fv2%2Fproduct_tag&post=5496"}],"curies":[{"name":"wp","href":"https:\/\/api.w.org\/{rel}","templated":true}]}}