{"id":5477,"date":"2024-04-19T12:35:24","date_gmt":"2024-04-19T12:35:24","guid":{"rendered":"https:\/\/koraledetale.pl\/?post_type=product&#038;p=5477"},"modified":"2024-05-28T09:47:34","modified_gmt":"2024-05-28T09:47:34","slug":"bransoletka-czarujacy-rubin","status":"publish","type":"product","link":"https:\/\/koraledetale.pl\/?product=bransoletka-czarujacy-rubin","title":{"rendered":"Bransoletka CZARUJ\u0104CY RUBIN"},"content":{"rendered":"<p>Wielko\u015b\u0107 kamieni:<\/p>\n<ul>\n<li>rubin \u2013 2,5 mm,<\/li>\n<li>hematyt \u2013 2,5 mm,<\/li>\n<li>kwarc dymny \u2013 4,5 mm.<\/li>\n<\/ul>\n<p>D\u0142ugo\u015b\u0107 naszyjnika: 16,5 &#8211; 19,5 cm.<\/p>\n<p>Wszystkie elementy metalowe wykonane s\u0105 z nieuczulaj\u0105cej stali szlachetnej.<\/p>\n","protected":false},"excerpt":{"rendered":"<p>Bransoletka z urzekaj\u0105cych, drobnych rubin\u00f3w o niejednolitej barwie, w odcieniach od r\u00f3\u017cu, przez bordo, ceglasty, do br\u0105zu. Pomi\u0119dzy rubiny wplecione s\u0105 z\u0142ote hematyty, a ca\u0142o\u015b\u0107 dope\u0142nia fasetowana kuleczka dymnego kwarcu, umieszczona w centrum bransoletki.<\/p>\n","protected":false},"featured_media":5472,"comment_status":"open","ping_status":"closed","template":"","meta":{"advanced_seo_description":"","jetpack_seo_html_title":"","jetpack_seo_noindex":false},"product_brand":[],"product_cat":[229],"product_tag":[79,889,133,80,237,2032,63,117,31],"class_list":{"0":"post-5477","1":"product","2":"type-product","3":"status-publish","4":"has-post-thumbnail","6":"product_cat-sprzedane","7":"product_tag-bransoletka-z-drobnych-kamieni","8":"product_tag-bransoletka-z-drobnymi-kamieniami","9":"product_tag-bransoletka-z-kamieni-naturalnych","10":"product_tag-bransoletka-z-kamieniami-naturalnymi","11":"product_tag-bransoletka-z-kolorowymi-kamieniami","12":"product_tag-bransoletka-z-rubinami-i-kwarcem-dymnym","13":"product_tag-kwarc-dymny","14":"product_tag-rubin","15":"product_tag-zloty-hematyt","17":"first","18":"outofstock","19":"shipping-taxable","20":"purchasable","21":"product-type-simple"},"jetpack_sharing_enabled":true,"_links":{"self":[{"href":"https:\/\/koraledetale.pl\/index.php?rest_route=\/wp\/v2\/product\/5477","targetHints":{"allow":["GET"]}}],"collection":[{"href":"https:\/\/koraledetale.pl\/index.php?rest_route=\/wp\/v2\/product"}],"about":[{"href":"https:\/\/koraledetale.pl\/index.php?rest_route=\/wp\/v2\/types\/product"}],"replies":[{"embeddable":true,"href":"https:\/\/koraledetale.pl\/index.php?rest_route=%2Fwp%2Fv2%2Fcomments&post=5477"}],"wp:featuredmedia":[{"embeddable":true,"href":"https:\/\/koraledetale.pl\/index.php?rest_route=\/wp\/v2\/media\/5472"}],"wp:attachment":[{"href":"https:\/\/koraledetale.pl\/index.php?rest_route=%2Fwp%2Fv2%2Fmedia&parent=5477"}],"wp:term":[{"taxonomy":"product_brand","embeddable":true,"href":"https:\/\/koraledetale.pl\/index.php?rest_route=%2Fwp%2Fv2%2Fproduct_brand&post=5477"},{"taxonomy":"product_cat","embeddable":true,"href":"https:\/\/koraledetale.pl\/index.php?rest_route=%2Fwp%2Fv2%2Fproduct_cat&post=5477"},{"taxonomy":"product_tag","embeddable":true,"href":"https:\/\/koraledetale.pl\/index.php?rest_route=%2Fwp%2Fv2%2Fproduct_tag&post=5477"}],"curies":[{"name":"wp","href":"https:\/\/api.w.org\/{rel}","templated":true}]}}