{"id":5457,"date":"2024-04-17T09:56:21","date_gmt":"2024-04-17T09:56:21","guid":{"rendered":"https:\/\/koraledetale.pl\/?post_type=product&#038;p=5457"},"modified":"2025-03-11T07:53:09","modified_gmt":"2025-03-11T07:53:09","slug":"lancuszek-herkimer","status":"publish","type":"product","link":"https:\/\/koraledetale.pl\/?product=lancuszek-herkimer","title":{"rendered":"\u0141a\u0144cuszek HERKIMER"},"content":{"rendered":"<p>Wielko\u015b\u0107 herkimera: 12&#215;6 mm.<\/p>\n<p>D\u0142ugo\u015b\u0107 naszyjnika: 40-45 cm.<\/p>\n<p>Wszystkie elementy metalowe wykonane s\u0105 z nieuczulaj\u0105cej stali szlachetnej.<\/p>\n<p>Herkimer to kryszta\u0142 g\u00f3rski o wyj\u0105tkowej budowie. Wyst\u0119puje wy\u0142\u0105cznie w\u00a0 Herkimer County w stanie Nowy Jork, st\u0105d te\u017c pochodzi jego nazwa. Ma unikalne w\u0142a\u015bciwo\u015bci, oto kilka z nich:<\/p>\n<ul>\n<li><strong>Wzmacnianie intuicji<\/strong> i jasnowidzenie, otwiera trzecie oko i pomaga w odbieraniu subtelnej energii oraz w zrozumieniu g\u0142\u0119bszych aspekt\u00f3w rzeczywisto\u015bci.<\/li>\n<li><strong>Ochrona i oczyszczanie &#8211;<\/strong> ochrona przed negatywn\u0105 energi\u0105 oraz oczyszczanie aury i przestrzeni. Jego czysta, silna energia ma potencja\u0142 do usuwania blokad energetycznych i promowania harmonii.<\/li>\n<li><strong>Wzmacnianie intencji<\/strong>: podobnie jak inne kwarce, herkimer mo\u017ce by\u0107 &#8220;programowany&#8221; przez w\u0142a\u015bciciela do wyra\u017cania okre\u015blonych cel\u00f3w i pragnie\u0144.<\/li>\n<li><strong>Wzmacnianie energii \u017cyciowej<\/strong>\u00a0i pomoc w osi\u0105ganiu r\u00f3wnowagi energetycznej. Pomaga zwi\u0119kszy\u0107 witalno\u015b\u0107 i poprawia og\u00f3ln\u0105 kondycj\u0119 fizyczn\u0105 i emocjonaln\u0105.<\/li>\n<li><strong>Przewodzenie energii<\/strong>\u00a0podczas praktyk medytacyjnych, uzdrawiania energetycznego i manifestacji.<\/li>\n<\/ul>\n","protected":false},"excerpt":{"rendered":"<p>Minimalistyczny \u0142a\u0144cuszek z surowym herkimerem.<\/p>\n","protected":false},"featured_media":6293,"comment_status":"open","ping_status":"closed","template":"","meta":{"advanced_seo_description":"","jetpack_seo_html_title":"","jetpack_seo_noindex":false},"product_brand":[],"product_cat":[229],"product_tag":[],"class_list":{"0":"post-5457","1":"product","2":"type-product","3":"status-publish","4":"has-post-thumbnail","6":"product_cat-sprzedane","8":"first","9":"outofstock","10":"shipping-taxable","11":"purchasable","12":"product-type-simple"},"jetpack_sharing_enabled":true,"_links":{"self":[{"href":"https:\/\/koraledetale.pl\/index.php?rest_route=\/wp\/v2\/product\/5457","targetHints":{"allow":["GET"]}}],"collection":[{"href":"https:\/\/koraledetale.pl\/index.php?rest_route=\/wp\/v2\/product"}],"about":[{"href":"https:\/\/koraledetale.pl\/index.php?rest_route=\/wp\/v2\/types\/product"}],"replies":[{"embeddable":true,"href":"https:\/\/koraledetale.pl\/index.php?rest_route=%2Fwp%2Fv2%2Fcomments&post=5457"}],"wp:featuredmedia":[{"embeddable":true,"href":"https:\/\/koraledetale.pl\/index.php?rest_route=\/wp\/v2\/media\/6293"}],"wp:attachment":[{"href":"https:\/\/koraledetale.pl\/index.php?rest_route=%2Fwp%2Fv2%2Fmedia&parent=5457"}],"wp:term":[{"taxonomy":"product_brand","embeddable":true,"href":"https:\/\/koraledetale.pl\/index.php?rest_route=%2Fwp%2Fv2%2Fproduct_brand&post=5457"},{"taxonomy":"product_cat","embeddable":true,"href":"https:\/\/koraledetale.pl\/index.php?rest_route=%2Fwp%2Fv2%2Fproduct_cat&post=5457"},{"taxonomy":"product_tag","embeddable":true,"href":"https:\/\/koraledetale.pl\/index.php?rest_route=%2Fwp%2Fv2%2Fproduct_tag&post=5457"}],"curies":[{"name":"wp","href":"https:\/\/api.w.org\/{rel}","templated":true}]}}