{"id":5447,"date":"2024-04-15T16:40:52","date_gmt":"2024-04-15T16:40:52","guid":{"rendered":"https:\/\/koraledetale.pl\/?post_type=product&#038;p=5447"},"modified":"2025-09-29T05:58:11","modified_gmt":"2025-09-29T05:58:11","slug":"kolczyki-nomad-z-perlami","status":"publish","type":"product","link":"https:\/\/koraledetale.pl\/?product=kolczyki-nomad-z-perlami","title":{"rendered":"Kolczyki NOMAD z per\u0142ami"},"content":{"rendered":"<p>Wielko\u015b\u0107 pere\u0142 &#8211; 6&#215;5 mm.<\/p>\n<p>D\u0142ugo\u015b\u0107 kolczyk\u00f3w \u2013 7,2 cm.<\/p>\n<p>Wszystkie elementy metalowe wykonane s\u0105 z nieuczulaj\u0105cej stali szlachetnej.<\/p>\n","protected":false},"excerpt":{"rendered":"<p>D\u0142ugie kolczyki na sztyftach z okr\u0105g\u0142ymi, t\u0142oczonymi blaszkami, zwie\u0144czonymi br\u0105zow\u0105 per\u0142\u0105.<\/p>\n","protected":false},"featured_media":5448,"comment_status":"open","ping_status":"closed","template":"","meta":{"advanced_seo_description":"","jetpack_seo_html_title":"","jetpack_seo_noindex":false},"product_brand":[],"product_cat":[1270,18],"product_tag":[552,2022,834,866,2023],"class_list":{"0":"post-5447","1":"product","2":"type-product","3":"status-publish","4":"has-post-thumbnail","6":"product_cat-nomad","7":"product_cat-kolczyki","8":"product_tag-brazowa-perla","9":"product_tag-dlugie-kolczyki-z-brazowa-perla","10":"product_tag-dlugie-kolczyki-ze-stali-chirurgicznej","11":"product_tag-dlugie-kolczyki-ze-stali-szlachetnej","12":"product_tag-nomad","14":"first","15":"instock","16":"shipping-taxable","17":"purchasable","18":"product-type-simple"},"jetpack_sharing_enabled":true,"_links":{"self":[{"href":"https:\/\/koraledetale.pl\/index.php?rest_route=\/wp\/v2\/product\/5447","targetHints":{"allow":["GET"]}}],"collection":[{"href":"https:\/\/koraledetale.pl\/index.php?rest_route=\/wp\/v2\/product"}],"about":[{"href":"https:\/\/koraledetale.pl\/index.php?rest_route=\/wp\/v2\/types\/product"}],"replies":[{"embeddable":true,"href":"https:\/\/koraledetale.pl\/index.php?rest_route=%2Fwp%2Fv2%2Fcomments&post=5447"}],"wp:featuredmedia":[{"embeddable":true,"href":"https:\/\/koraledetale.pl\/index.php?rest_route=\/wp\/v2\/media\/5448"}],"wp:attachment":[{"href":"https:\/\/koraledetale.pl\/index.php?rest_route=%2Fwp%2Fv2%2Fmedia&parent=5447"}],"wp:term":[{"taxonomy":"product_brand","embeddable":true,"href":"https:\/\/koraledetale.pl\/index.php?rest_route=%2Fwp%2Fv2%2Fproduct_brand&post=5447"},{"taxonomy":"product_cat","embeddable":true,"href":"https:\/\/koraledetale.pl\/index.php?rest_route=%2Fwp%2Fv2%2Fproduct_cat&post=5447"},{"taxonomy":"product_tag","embeddable":true,"href":"https:\/\/koraledetale.pl\/index.php?rest_route=%2Fwp%2Fv2%2Fproduct_tag&post=5447"}],"curies":[{"name":"wp","href":"https:\/\/api.w.org\/{rel}","templated":true}]}}