{"id":5431,"date":"2024-04-12T17:58:33","date_gmt":"2024-04-12T17:58:33","guid":{"rendered":"https:\/\/koraledetale.pl\/?post_type=product&#038;p=5431"},"modified":"2026-04-21T07:46:10","modified_gmt":"2026-04-21T07:46:10","slug":"bransoletka-herkimer-z-czarnym-turmalinem","status":"publish","type":"product","link":"https:\/\/koraledetale.pl\/?product=bransoletka-herkimer-z-czarnym-turmalinem","title":{"rendered":"Bransoletka HERKIMER z czarnym turmalinem"},"content":{"rendered":"<p>Wielko\u015b\u0107 kamieni:<\/p>\n<ul>\n<li>herkimer \u2013 ok. 10 x 2 mm,<\/li>\n<li>czarny turmalin \u2013 4 mm,<\/li>\n<li>hematyt \u2013 2 mm i 2&#215;1 mm.<\/li>\n<\/ul>\n<p>Bransoletka posiada \u0142atw\u0105 regulacj\u0119 d\u0142ugo\u015bci do 28 cm.<\/p>\n<p>Diament z Herkimer, zwany te\u017c potocznie po prostu herkimerem, to kryszta\u0142 g\u00f3rski o niebywa\u0142ym blasku. St\u0105d w\u0142a\u015bnie por\u00f3wnanie do diamentu. Wydobywany jest wy\u0142\u0105cznie w kopalni w Herkimer (USA). Jego naturalny, geometryczny kszta\u0142t oraz wysoka twardo\u015b\u0107 wyr\u00f3\u017cnia go w\u015br\u00f3d pozosta\u0142ych kwarc\u00f3w.<\/p>\n<p>Po\u0142\u0105czenie herkimera i czarnego turmalinu w bransoletce ma synergiczny efekt:<\/p>\n<ul>\n<li><strong>Ochrona i oczyszczanie energetyczne:<\/strong> Czarny turmalin chroni przed negatywn\u0105 energi\u0105, podczas gdy herkimer wzmacnia t\u0119 ochron\u0119. Noszenie bransoletki z tymi kamieniami pomaga w utrzymaniu czystego pola energetycznego.<\/li>\n<li><strong>Wzmacnianie intencji:<\/strong> Herkimer wzmacnia intencj\u0119, a czarny turmalin usuwa przeszkody energetyczne, kt\u00f3re wstrzymuj\u0105 realizacj\u0119 tych intencji. Po\u0142\u0105czenie obu kamieni stwarza pot\u0119\u017cne narz\u0119dzie do manifestowania cel\u00f3w i pragnie\u0144.<\/li>\n<li><strong>Poprawa jasno\u015bci my\u015bli:<\/strong> Herkimer wp\u0142ywa na jasno\u015b\u0107 my\u015bli i koncentracj\u0105, podczas gdy czarny turmalin pomaga w usuwaniu negatywnych my\u015bli i wp\u0142yw\u00f3w.<\/li>\n<li><strong>Wzmacnianie duchowego wzrostu:<\/strong> Herkimer wspiera Tw\u00f3j rozw\u00f3j duchowy, a czarny turmalin pomaga w oczyszczaniu dr\u00f3g energetycznych, u\u0142atwiaj\u0105c przep\u0142yw duchowej energii.<\/li>\n<\/ul>\n","protected":false},"excerpt":{"rendered":"<p>Regulowana bransoletka z herkimerem, otoczonym czarnymi turmalinami, na czerwonym sznureczku.<\/p>\n","protected":false},"featured_media":8423,"comment_status":"open","ping_status":"closed","template":"","meta":{"advanced_seo_description":"","jetpack_seo_html_title":"","jetpack_seo_noindex":false},"product_brand":[],"product_cat":[17],"product_tag":[2014,999,288,1252,2015,31],"class_list":{"0":"post-5431","1":"product","2":"type-product","3":"status-publish","4":"has-post-thumbnail","6":"product_cat-bransoletki","7":"product_tag-bransoletka-mocy","8":"product_tag-bransoletka-na-czerwonym-sznureczku","9":"product_tag-czarny-turmalin","10":"product_tag-herkimer","11":"product_tag-ochronna-bransoletka-z-czarnym-turmalinem-i-herkimerem","12":"product_tag-zloty-hematyt","14":"first","15":"instock","16":"featured","17":"shipping-taxable","18":"purchasable","19":"product-type-simple"},"jetpack_sharing_enabled":true,"_links":{"self":[{"href":"https:\/\/koraledetale.pl\/index.php?rest_route=\/wp\/v2\/product\/5431","targetHints":{"allow":["GET"]}}],"collection":[{"href":"https:\/\/koraledetale.pl\/index.php?rest_route=\/wp\/v2\/product"}],"about":[{"href":"https:\/\/koraledetale.pl\/index.php?rest_route=\/wp\/v2\/types\/product"}],"replies":[{"embeddable":true,"href":"https:\/\/koraledetale.pl\/index.php?rest_route=%2Fwp%2Fv2%2Fcomments&post=5431"}],"wp:featuredmedia":[{"embeddable":true,"href":"https:\/\/koraledetale.pl\/index.php?rest_route=\/wp\/v2\/media\/8423"}],"wp:attachment":[{"href":"https:\/\/koraledetale.pl\/index.php?rest_route=%2Fwp%2Fv2%2Fmedia&parent=5431"}],"wp:term":[{"taxonomy":"product_brand","embeddable":true,"href":"https:\/\/koraledetale.pl\/index.php?rest_route=%2Fwp%2Fv2%2Fproduct_brand&post=5431"},{"taxonomy":"product_cat","embeddable":true,"href":"https:\/\/koraledetale.pl\/index.php?rest_route=%2Fwp%2Fv2%2Fproduct_cat&post=5431"},{"taxonomy":"product_tag","embeddable":true,"href":"https:\/\/koraledetale.pl\/index.php?rest_route=%2Fwp%2Fv2%2Fproduct_tag&post=5431"}],"curies":[{"name":"wp","href":"https:\/\/api.w.org\/{rel}","templated":true}]}}