{"id":5430,"date":"2024-04-09T10:45:46","date_gmt":"2024-04-09T10:45:46","guid":{"rendered":"https:\/\/koraledetale.pl\/?post_type=product&#038;p=5430"},"modified":"2024-08-03T16:37:33","modified_gmt":"2024-08-03T16:37:33","slug":"naszyjnik-boskie-boho-ii-z-lapis-lazuli-i-labradorytami","status":"publish","type":"product","link":"https:\/\/koraledetale.pl\/?product=naszyjnik-boskie-boho-ii-z-lapis-lazuli-i-labradorytami","title":{"rendered":"Naszyjnik BOSKIE BOHO II z lapis lazuli i labradorytami"},"content":{"rendered":"<p>Wielko\u015b\u0107 kamieni:<\/p>\n<ul>\n<li>lapis lazuli \u2013 3,5 mm,<\/li>\n<li>labradoryt \u2013 4,5 mm,<\/li>\n<li>hematyt \u2013 4\u00d72 mm, 2\u00d71 mm i 2 mm.<\/li>\n<\/ul>\n<p>D\u0142ugo\u015b\u0107 naszyjnika: 47-51,5 cm + zawieszka 3 cm.<\/p>\n<p>Wszystkie elementy metalowe wykonane s\u0105 z nieuczulaj\u0105cej stali szlachetnej.<\/p>\n","protected":false},"excerpt":{"rendered":"<p>Naszyjnik z lapis lazuli i labradorytami przeplatanymi z\u0142otymi hematytami, zasupe\u0142kowanymi na kobaltowym, mocnym sznureczku jubilerskim. Zwie\u0144czeniem naszyjnika jest zawieszka &#8211; du\u017ca, a\u017curowa luna i nakrapiana gwiazda.<\/p>\n","protected":false},"featured_media":5424,"comment_status":"open","ping_status":"closed","template":"","meta":{"advanced_seo_description":"","jetpack_seo_html_title":"","jetpack_seo_noindex":false},"product_brand":[],"product_cat":[229],"product_tag":[789,501,56,1409,687,757,629,66,2013,2011,2012,31],"class_list":{"0":"post-5430","1":"product","2":"type-product","3":"status-publish","4":"has-post-thumbnail","6":"product_cat-sprzedane","7":"product_tag-gwiazdka","8":"product_tag-ksiezyc","9":"product_tag-labradoryt","10":"product_tag-lapis-lazuli","11":"product_tag-luna","12":"product_tag-lunula","13":"product_tag-naszyjnik-w-stylu-boho","14":"product_tag-naszyjnik-z-kamieniami-naturalnymi","15":"product_tag-naszyjnik-z-lapis-lazuli-i-labradorytem","16":"product_tag-naszyjnik-z-luna-i-gwiazdka","17":"product_tag-naszyjnik-z-lunula-i-gwiazda","18":"product_tag-zloty-hematyt","20":"first","21":"outofstock","22":"shipping-taxable","23":"purchasable","24":"product-type-simple"},"jetpack_sharing_enabled":true,"_links":{"self":[{"href":"https:\/\/koraledetale.pl\/index.php?rest_route=\/wp\/v2\/product\/5430","targetHints":{"allow":["GET"]}}],"collection":[{"href":"https:\/\/koraledetale.pl\/index.php?rest_route=\/wp\/v2\/product"}],"about":[{"href":"https:\/\/koraledetale.pl\/index.php?rest_route=\/wp\/v2\/types\/product"}],"replies":[{"embeddable":true,"href":"https:\/\/koraledetale.pl\/index.php?rest_route=%2Fwp%2Fv2%2Fcomments&post=5430"}],"wp:featuredmedia":[{"embeddable":true,"href":"https:\/\/koraledetale.pl\/index.php?rest_route=\/wp\/v2\/media\/5424"}],"wp:attachment":[{"href":"https:\/\/koraledetale.pl\/index.php?rest_route=%2Fwp%2Fv2%2Fmedia&parent=5430"}],"wp:term":[{"taxonomy":"product_brand","embeddable":true,"href":"https:\/\/koraledetale.pl\/index.php?rest_route=%2Fwp%2Fv2%2Fproduct_brand&post=5430"},{"taxonomy":"product_cat","embeddable":true,"href":"https:\/\/koraledetale.pl\/index.php?rest_route=%2Fwp%2Fv2%2Fproduct_cat&post=5430"},{"taxonomy":"product_tag","embeddable":true,"href":"https:\/\/koraledetale.pl\/index.php?rest_route=%2Fwp%2Fv2%2Fproduct_tag&post=5430"}],"curies":[{"name":"wp","href":"https:\/\/api.w.org\/{rel}","templated":true}]}}