{"id":5427,"date":"2024-04-09T10:30:00","date_gmt":"2024-04-09T10:30:00","guid":{"rendered":"https:\/\/koraledetale.pl\/?post_type=product&#038;p=5427"},"modified":"2024-08-20T16:09:42","modified_gmt":"2024-08-20T16:09:42","slug":"bransoletka-boskie-boho-z-lapis-lazuli-i-labradorytami","status":"publish","type":"product","link":"https:\/\/koraledetale.pl\/?product=bransoletka-boskie-boho-z-lapis-lazuli-i-labradorytami","title":{"rendered":"Bransoletka BOSKIE BOHO z lapis lazuli i labradorytami"},"content":{"rendered":"<p>Wielko\u015b\u0107 kamieni:<\/p>\n<ul>\n<li>lapis lazuli &#8211; 3,5 mm,<\/li>\n<li>labradoryt &#8211; 4,5 mm,<\/li>\n<li>hematyt &#8211; 4&#215;2 mm, 2&#215;1 mm i 2 mm.<\/li>\n<\/ul>\n<p>Bransoletk\u0119 \u0142atwo dopasujesz do obwodu nadgarstka przez przesuni\u0119cie hematyt\u00f3w wzd\u0142\u00f3\u017c sznurk\u00f3w. Regulacja d\u0142ugo\u015bci w zakresie: 16-23 cm.<\/p>\n<p>&nbsp;<\/p>\n","protected":false},"excerpt":{"rendered":"<p>Regulowana bransoletka z lapis lazuli i labradorytem przeplatanymi z\u0142otymi hematytami, zasupe\u0142kowanymi na kobaltowym, mocnym sznureczku jubilerskim.<\/p>\n","protected":false},"featured_media":5417,"comment_status":"open","ping_status":"closed","template":"","meta":{"advanced_seo_description":"","jetpack_seo_html_title":"","jetpack_seo_noindex":false},"product_brand":[],"product_cat":[229],"product_tag":[80,56,1409,2007,2006,31],"class_list":{"0":"post-5427","1":"product","2":"type-product","3":"status-publish","4":"has-post-thumbnail","6":"product_cat-sprzedane","7":"product_tag-bransoletka-z-kamieniami-naturalnymi","8":"product_tag-labradoryt","9":"product_tag-lapis-lazuli","10":"product_tag-regulowana-bransoletka-w-stylu-boho","11":"product_tag-regulowana-bransoletka-z-lapis-lazuli-i-labradorytami","12":"product_tag-zloty-hematyt","14":"first","15":"outofstock","16":"shipping-taxable","17":"purchasable","18":"product-type-simple"},"jetpack_sharing_enabled":true,"_links":{"self":[{"href":"https:\/\/koraledetale.pl\/index.php?rest_route=\/wp\/v2\/product\/5427","targetHints":{"allow":["GET"]}}],"collection":[{"href":"https:\/\/koraledetale.pl\/index.php?rest_route=\/wp\/v2\/product"}],"about":[{"href":"https:\/\/koraledetale.pl\/index.php?rest_route=\/wp\/v2\/types\/product"}],"replies":[{"embeddable":true,"href":"https:\/\/koraledetale.pl\/index.php?rest_route=%2Fwp%2Fv2%2Fcomments&post=5427"}],"wp:featuredmedia":[{"embeddable":true,"href":"https:\/\/koraledetale.pl\/index.php?rest_route=\/wp\/v2\/media\/5417"}],"wp:attachment":[{"href":"https:\/\/koraledetale.pl\/index.php?rest_route=%2Fwp%2Fv2%2Fmedia&parent=5427"}],"wp:term":[{"taxonomy":"product_brand","embeddable":true,"href":"https:\/\/koraledetale.pl\/index.php?rest_route=%2Fwp%2Fv2%2Fproduct_brand&post=5427"},{"taxonomy":"product_cat","embeddable":true,"href":"https:\/\/koraledetale.pl\/index.php?rest_route=%2Fwp%2Fv2%2Fproduct_cat&post=5427"},{"taxonomy":"product_tag","embeddable":true,"href":"https:\/\/koraledetale.pl\/index.php?rest_route=%2Fwp%2Fv2%2Fproduct_tag&post=5427"}],"curies":[{"name":"wp","href":"https:\/\/api.w.org\/{rel}","templated":true}]}}