{"id":5403,"date":"2024-04-07T10:18:46","date_gmt":"2024-04-07T10:18:46","guid":{"rendered":"https:\/\/koraledetale.pl\/?post_type=product&#038;p=5403"},"modified":"2024-04-07T10:18:46","modified_gmt":"2024-04-07T10:18:46","slug":"zawieszka-z-agatem","status":"publish","type":"product","link":"https:\/\/koraledetale.pl\/?product=zawieszka-z-agatem","title":{"rendered":"Zawieszka z agatem"},"content":{"rendered":"<p>Wielko\u015b\u0107 agatu: 12x10x6 mm.<\/p>\n<p>D\u0142ugo\u015b\u0107 zawieszki (z zapi\u0119ciem) \u2013 2,6 cm.<\/p>\n<p>Wszystkie elementy metalowe wykonane s\u0105 z nieuczulaj\u0105cej stali szlachetnej.<\/p>\n","protected":false},"excerpt":{"rendered":"<p>Zawieszka z zapi\u0119ciem, z \u0142agodnie fasetowan\u0105 \u0142ezk\u0105 szarego agatu o ciep\u0142ym odcieniu.<\/p>\n","protected":false},"featured_media":5399,"comment_status":"open","ping_status":"closed","template":"","meta":{"advanced_seo_description":"","jetpack_seo_html_title":"","jetpack_seo_noindex":false},"product_brand":[],"product_cat":[1060],"product_tag":[1989,1990,1062,1789,1986,1988,1987],"class_list":{"0":"post-5403","1":"product","2":"type-product","3":"status-publish","4":"has-post-thumbnail","6":"product_cat-zawieszki","7":"product_tag-agat-szary","8":"product_tag-charm-z-agatem","9":"product_tag-charms","10":"product_tag-zawieszka-z-karabinczykiem","11":"product_tag-zawieszka-z-szarym-agatem","12":"product_tag-zawieszka-z-szarym-kamieniem","13":"product_tag-zawieszka-z-lezka-agatu","15":"first","16":"instock","17":"shipping-taxable","18":"purchasable","19":"product-type-simple"},"jetpack_sharing_enabled":true,"_links":{"self":[{"href":"https:\/\/koraledetale.pl\/index.php?rest_route=\/wp\/v2\/product\/5403","targetHints":{"allow":["GET"]}}],"collection":[{"href":"https:\/\/koraledetale.pl\/index.php?rest_route=\/wp\/v2\/product"}],"about":[{"href":"https:\/\/koraledetale.pl\/index.php?rest_route=\/wp\/v2\/types\/product"}],"replies":[{"embeddable":true,"href":"https:\/\/koraledetale.pl\/index.php?rest_route=%2Fwp%2Fv2%2Fcomments&post=5403"}],"wp:featuredmedia":[{"embeddable":true,"href":"https:\/\/koraledetale.pl\/index.php?rest_route=\/wp\/v2\/media\/5399"}],"wp:attachment":[{"href":"https:\/\/koraledetale.pl\/index.php?rest_route=%2Fwp%2Fv2%2Fmedia&parent=5403"}],"wp:term":[{"taxonomy":"product_brand","embeddable":true,"href":"https:\/\/koraledetale.pl\/index.php?rest_route=%2Fwp%2Fv2%2Fproduct_brand&post=5403"},{"taxonomy":"product_cat","embeddable":true,"href":"https:\/\/koraledetale.pl\/index.php?rest_route=%2Fwp%2Fv2%2Fproduct_cat&post=5403"},{"taxonomy":"product_tag","embeddable":true,"href":"https:\/\/koraledetale.pl\/index.php?rest_route=%2Fwp%2Fv2%2Fproduct_tag&post=5403"}],"curies":[{"name":"wp","href":"https:\/\/api.w.org\/{rel}","templated":true}]}}