{"id":5395,"date":"2024-04-05T17:10:40","date_gmt":"2024-04-05T17:10:40","guid":{"rendered":"https:\/\/koraledetale.pl\/?post_type=product&#038;p=5395"},"modified":"2024-08-03T16:36:44","modified_gmt":"2024-08-03T16:36:44","slug":"naszyjnik-malediwy-z-koralami-i-howlitami","status":"publish","type":"product","link":"https:\/\/koraledetale.pl\/?product=naszyjnik-malediwy-z-koralami-i-howlitami","title":{"rendered":"Naszyjnik MALEDIWY z koralami i howlitami"},"content":{"rendered":"<p>Wielko\u015b\u0107 kamieni:<\/p>\n<ul>\n<li>koral \u2013 2,5 mm,<\/li>\n<li>howlit \u2013 3 mm,<\/li>\n<li>hematyt \u2013 2\u00d71 mm.<\/li>\n<\/ul>\n<p>D\u0142ugo\u015b\u0107 naszyjnika: 39 &#8211; 44 cm.<\/p>\n<p>Wszystkie elementy metalowe wykonane s\u0105 z nieuczulaj\u0105cej stali szlachetnej.<\/p>\n","protected":false},"excerpt":{"rendered":"<p>Choker z drobnych kamieni \u2013 kuleczek r\u00f3\u017cowego koralu oraz b\u0142\u0119kitnych i morskich howlit\u00f3w, przeplatanych z\u0142otymi hematytami.<\/p>\n","protected":false},"featured_media":5388,"comment_status":"open","ping_status":"closed","template":"","meta":{"advanced_seo_description":"","jetpack_seo_html_title":"","jetpack_seo_noindex":false},"product_brand":[],"product_cat":[229],"product_tag":[1401,1981,463,1967,1617,1982,97,31],"class_list":{"0":"post-5395","1":"product","2":"type-product","3":"status-publish","4":"has-post-thumbnail","6":"product_cat-sprzedane","7":"product_tag-choker-z-drobnymi-kamieniami","8":"product_tag-choker-z-pastelowymi-kamieniami-naturalnymi","9":"product_tag-howlit-turkusowy","10":"product_tag-naszyjnik-z-drobnych-kamieni-naturalnych","11":"product_tag-naszyjnik-z-pastelowymi-kamieniami","12":"product_tag-naszyjnik-z-rozowych-korali-i-howlitow","13":"product_tag-rozowy-koral","14":"product_tag-zloty-hematyt","16":"first","17":"outofstock","18":"shipping-taxable","19":"purchasable","20":"product-type-simple"},"jetpack_sharing_enabled":true,"_links":{"self":[{"href":"https:\/\/koraledetale.pl\/index.php?rest_route=\/wp\/v2\/product\/5395","targetHints":{"allow":["GET"]}}],"collection":[{"href":"https:\/\/koraledetale.pl\/index.php?rest_route=\/wp\/v2\/product"}],"about":[{"href":"https:\/\/koraledetale.pl\/index.php?rest_route=\/wp\/v2\/types\/product"}],"replies":[{"embeddable":true,"href":"https:\/\/koraledetale.pl\/index.php?rest_route=%2Fwp%2Fv2%2Fcomments&post=5395"}],"wp:featuredmedia":[{"embeddable":true,"href":"https:\/\/koraledetale.pl\/index.php?rest_route=\/wp\/v2\/media\/5388"}],"wp:attachment":[{"href":"https:\/\/koraledetale.pl\/index.php?rest_route=%2Fwp%2Fv2%2Fmedia&parent=5395"}],"wp:term":[{"taxonomy":"product_brand","embeddable":true,"href":"https:\/\/koraledetale.pl\/index.php?rest_route=%2Fwp%2Fv2%2Fproduct_brand&post=5395"},{"taxonomy":"product_cat","embeddable":true,"href":"https:\/\/koraledetale.pl\/index.php?rest_route=%2Fwp%2Fv2%2Fproduct_cat&post=5395"},{"taxonomy":"product_tag","embeddable":true,"href":"https:\/\/koraledetale.pl\/index.php?rest_route=%2Fwp%2Fv2%2Fproduct_tag&post=5395"}],"curies":[{"name":"wp","href":"https:\/\/api.w.org\/{rel}","templated":true}]}}