{"id":5387,"date":"2024-04-05T17:05:07","date_gmt":"2024-04-05T17:05:07","guid":{"rendered":"https:\/\/koraledetale.pl\/?post_type=product&#038;p=5387"},"modified":"2024-04-05T17:23:25","modified_gmt":"2024-04-05T17:23:25","slug":"kolczyki-malediwy-z-koralami-i-howlitami","status":"publish","type":"product","link":"https:\/\/koraledetale.pl\/?product=kolczyki-malediwy-z-koralami-i-howlitami","title":{"rendered":"Kolczyki MALEDIWY z koralami i howlitami"},"content":{"rendered":"<p>Wielko\u015b\u0107 kamieni:<\/p>\n<ul>\n<li>koral &#8211; 2,5 mm,<\/li>\n<li>howlit &#8211; 3 mm,<\/li>\n<li>hematyt &#8211; 2&#215;1 mm.<\/li>\n<\/ul>\n<p>D\u0142ugo\u015b\u0107 kolczyk\u00f3w &#8211; 6 cm.<\/p>\n<p>Wszystkie elementy metalowe wykonane s\u0105 z nieuczulaj\u0105cej stali szlachetnej.<\/p>\n","protected":false},"excerpt":{"rendered":"<p>D\u0142ugie i lekkie kolczyki z drobnych kamieni &#8211; kuleczek r\u00f3\u017cowego koralu oraz b\u0142\u0119kitnych i morskich howlit\u00f3w, przeplatanych z\u0142otymi hematytami.<\/p>\n","protected":false},"featured_media":5392,"comment_status":"open","ping_status":"closed","template":"","meta":{"advanced_seo_description":"","jetpack_seo_html_title":"","jetpack_seo_noindex":false},"product_brand":[],"product_cat":[18],"product_tag":[493,1980,834,866,897,95,82,31],"class_list":{"0":"post-5387","1":"product","2":"type-product","3":"status-publish","4":"has-post-thumbnail","6":"product_cat-kolczyki","7":"product_tag-drobne-kolczyki-z-rozowymi-kamieniami","8":"product_tag-dlugie-kolczyki-z-pastelowymi-kamieniami","9":"product_tag-dlugie-kolczyki-ze-stali-chirurgicznej","10":"product_tag-dlugie-kolczyki-ze-stali-szlachetnej","11":"product_tag-howlit","12":"product_tag-kolczyki-z-kamieniami-naturalnymi","13":"product_tag-koral","14":"product_tag-zloty-hematyt","16":"first","17":"instock","18":"shipping-taxable","19":"purchasable","20":"product-type-simple"},"jetpack_sharing_enabled":true,"_links":{"self":[{"href":"https:\/\/koraledetale.pl\/index.php?rest_route=\/wp\/v2\/product\/5387","targetHints":{"allow":["GET"]}}],"collection":[{"href":"https:\/\/koraledetale.pl\/index.php?rest_route=\/wp\/v2\/product"}],"about":[{"href":"https:\/\/koraledetale.pl\/index.php?rest_route=\/wp\/v2\/types\/product"}],"replies":[{"embeddable":true,"href":"https:\/\/koraledetale.pl\/index.php?rest_route=%2Fwp%2Fv2%2Fcomments&post=5387"}],"wp:featuredmedia":[{"embeddable":true,"href":"https:\/\/koraledetale.pl\/index.php?rest_route=\/wp\/v2\/media\/5392"}],"wp:attachment":[{"href":"https:\/\/koraledetale.pl\/index.php?rest_route=%2Fwp%2Fv2%2Fmedia&parent=5387"}],"wp:term":[{"taxonomy":"product_brand","embeddable":true,"href":"https:\/\/koraledetale.pl\/index.php?rest_route=%2Fwp%2Fv2%2Fproduct_brand&post=5387"},{"taxonomy":"product_cat","embeddable":true,"href":"https:\/\/koraledetale.pl\/index.php?rest_route=%2Fwp%2Fv2%2Fproduct_cat&post=5387"},{"taxonomy":"product_tag","embeddable":true,"href":"https:\/\/koraledetale.pl\/index.php?rest_route=%2Fwp%2Fv2%2Fproduct_tag&post=5387"}],"curies":[{"name":"wp","href":"https:\/\/api.w.org\/{rel}","templated":true}]}}