{"id":5383,"date":"2024-04-03T14:05:09","date_gmt":"2024-04-03T14:05:09","guid":{"rendered":"https:\/\/koraledetale.pl\/?post_type=product&#038;p=5383"},"modified":"2024-05-25T07:37:37","modified_gmt":"2024-05-25T07:37:37","slug":"kolczyki-motus-z-turmalinami","status":"publish","type":"product","link":"https:\/\/koraledetale.pl\/?product=kolczyki-motus-z-turmalinami","title":{"rendered":"Kolczyki MOTUS z turmalinami"},"content":{"rendered":"<p>Wielko\u015b\u0107 kamieni:<\/p>\n<ul>\n<li>turmalin \u2013 3 mm i 7,5\u00d77,5\u00d75 mm,<\/li>\n<li>hematyt \u2013 2\u00d71 mm.<\/li>\n<\/ul>\n<p>D\u0142ugo\u015b\u0107 kolczyk\u00f3w &#8211; 3 cm.<\/p>\n<p>Wszystkie elementy metalowe wykonane s\u0105 z nieuczulaj\u0105cej stali szlachetnej.<\/p>\n<p><strong>Turmaliny<\/strong>\u00a0maj\u0105 szereg w\u0142a\u015bciwo\u015bci i zastosowa\u0144, oto niekt\u00f3re z nich:<\/p>\n<ul>\n<li><strong>Ochrona<\/strong>\u00a0przed negatywn\u0105 energi\u0105 i wp\u0142ywami. Noszone jako talizmany lub amulety chroni\u0105 przed z\u0142ymi duchami, przekle\u0144stwami i negatywnymi my\u015blami.<\/li>\n<li><strong>Zr\u00f3wnowa\u017cenie energetyczne:<\/strong>\u00a0pomagaj\u0105 w wywa\u017ceniu energii w ciele i otaczaj\u0105cej przestrzeni. Maj\u0105 zdolno\u015b\u0107 do usuwania blokad energetycznych i harmonizowania przep\u0142ywu energii \u017cyciowej.<\/li>\n<li><strong>Wzmacnianie intuicji:<\/strong>\u00a0wzmacniaj\u0105 zdolno\u015bci intuicyjne i umo\u017cliwiaj\u0105 g\u0142\u0119bsze zrozumienie siebie oraz otaczaj\u0105cego \u015bwiata.<\/li>\n<li><strong>Wspomaganie koncentracji<\/strong>\u00a0i umys\u0142owej klarowno\u015bci. Pomagaj\u0105 w zatrzymywaniu rozproszenia uwagi i skupianiu si\u0119 na celach.<\/li>\n<li><strong>Harmonizacja emocji:<\/strong>\u00a0r\u00f3wnowa\u017c\u0105 emocje i pomagaj\u0105 w radzeniu sobie ze stresem, l\u0119kiem i negatywnymi odczuciami. Maj\u0105 dzia\u0142anie uspokajaj\u0105ce i stabilizuj\u0105ce na emocjonalnym poziomie.<\/li>\n<li><strong>Stymulowanie kreatywno\u015bci<\/strong>\u00a0i pomoc w wyra\u017caniu siebie artystycznie poprzez otwieranie kana\u0142\u00f3w kreatywnych.<\/li>\n<\/ul>\n","protected":false},"excerpt":{"rendered":"<p>Kolczyki na sztyftach z czarnym, zielonym i r\u00f3\u017cowym turmalinem, zawieszonymi na a\u017curowej mandali.<\/p>\n","protected":false},"featured_media":5374,"comment_status":"open","ping_status":"closed","template":"","meta":{"advanced_seo_description":"","jetpack_seo_html_title":"","jetpack_seo_noindex":false},"product_brand":[],"product_cat":[229],"product_tag":[1976,1977,95,107,108,87,31],"class_list":{"0":"post-5383","1":"product","2":"type-product","3":"status-publish","4":"has-post-thumbnail","6":"product_cat-sprzedane","7":"product_tag-kolczyki-na-sztyftach-z-turmalinami","8":"product_tag-kolczyki-z-azurowa-mandala-i-kolorowymikamieniami","9":"product_tag-kolczyki-z-kamieniami-naturalnymi","10":"product_tag-kolczyki-ze-stali-chirurgicznej","11":"product_tag-kolczyki-ze-stali-szlachetnej","12":"product_tag-turmalin","13":"product_tag-zloty-hematyt","15":"first","16":"outofstock","17":"shipping-taxable","18":"purchasable","19":"product-type-simple"},"jetpack_sharing_enabled":true,"_links":{"self":[{"href":"https:\/\/koraledetale.pl\/index.php?rest_route=\/wp\/v2\/product\/5383","targetHints":{"allow":["GET"]}}],"collection":[{"href":"https:\/\/koraledetale.pl\/index.php?rest_route=\/wp\/v2\/product"}],"about":[{"href":"https:\/\/koraledetale.pl\/index.php?rest_route=\/wp\/v2\/types\/product"}],"replies":[{"embeddable":true,"href":"https:\/\/koraledetale.pl\/index.php?rest_route=%2Fwp%2Fv2%2Fcomments&post=5383"}],"wp:featuredmedia":[{"embeddable":true,"href":"https:\/\/koraledetale.pl\/index.php?rest_route=\/wp\/v2\/media\/5374"}],"wp:attachment":[{"href":"https:\/\/koraledetale.pl\/index.php?rest_route=%2Fwp%2Fv2%2Fmedia&parent=5383"}],"wp:term":[{"taxonomy":"product_brand","embeddable":true,"href":"https:\/\/koraledetale.pl\/index.php?rest_route=%2Fwp%2Fv2%2Fproduct_brand&post=5383"},{"taxonomy":"product_cat","embeddable":true,"href":"https:\/\/koraledetale.pl\/index.php?rest_route=%2Fwp%2Fv2%2Fproduct_cat&post=5383"},{"taxonomy":"product_tag","embeddable":true,"href":"https:\/\/koraledetale.pl\/index.php?rest_route=%2Fwp%2Fv2%2Fproduct_tag&post=5383"}],"curies":[{"name":"wp","href":"https:\/\/api.w.org\/{rel}","templated":true}]}}