{"id":5373,"date":"2024-04-03T13:23:58","date_gmt":"2024-04-03T13:23:58","guid":{"rendered":"https:\/\/koraledetale.pl\/?post_type=product&#038;p=5373"},"modified":"2024-04-03T13:23:58","modified_gmt":"2024-04-03T13:23:58","slug":"kolczyki-papryczki-i-piorka","status":"publish","type":"product","link":"https:\/\/koraledetale.pl\/?product=kolczyki-papryczki-i-piorka","title":{"rendered":"Kolczyki PAPRYCZKI I PI\u00d3RKA"},"content":{"rendered":"<p>D\u0142ugo\u015b\u0107 kolczyk\u00f3w &#8211; 3,2 cm.<\/p>\n<p>Wszystkie elementy metalowe wykonane s\u0105 z nieuczulaj\u0105cej stali szlachetnej.<\/p>\n","protected":false},"excerpt":{"rendered":"<p>Kolczyki &#8211; k\u00f3\u0142ka na sztyftach z emaliowan\u0105 papryczk\u0105 i india\u0144skim pi\u00f3rkiem.<\/p>\n","protected":false},"featured_media":5379,"comment_status":"open","ping_status":"closed","template":"","meta":{"advanced_seo_description":"","jetpack_seo_html_title":"","jetpack_seo_noindex":false},"product_brand":[],"product_cat":[18],"product_tag":[1975,107,108],"class_list":{"0":"post-5373","1":"product","2":"type-product","3":"status-publish","4":"has-post-thumbnail","6":"product_cat-kolczyki","7":"product_tag-kolczyki-na-sztyftach-z-papryczka-i-piorkiem","8":"product_tag-kolczyki-ze-stali-chirurgicznej","9":"product_tag-kolczyki-ze-stali-szlachetnej","11":"first","12":"instock","13":"shipping-taxable","14":"purchasable","15":"product-type-simple"},"jetpack_sharing_enabled":true,"_links":{"self":[{"href":"https:\/\/koraledetale.pl\/index.php?rest_route=\/wp\/v2\/product\/5373","targetHints":{"allow":["GET"]}}],"collection":[{"href":"https:\/\/koraledetale.pl\/index.php?rest_route=\/wp\/v2\/product"}],"about":[{"href":"https:\/\/koraledetale.pl\/index.php?rest_route=\/wp\/v2\/types\/product"}],"replies":[{"embeddable":true,"href":"https:\/\/koraledetale.pl\/index.php?rest_route=%2Fwp%2Fv2%2Fcomments&post=5373"}],"wp:featuredmedia":[{"embeddable":true,"href":"https:\/\/koraledetale.pl\/index.php?rest_route=\/wp\/v2\/media\/5379"}],"wp:attachment":[{"href":"https:\/\/koraledetale.pl\/index.php?rest_route=%2Fwp%2Fv2%2Fmedia&parent=5373"}],"wp:term":[{"taxonomy":"product_brand","embeddable":true,"href":"https:\/\/koraledetale.pl\/index.php?rest_route=%2Fwp%2Fv2%2Fproduct_brand&post=5373"},{"taxonomy":"product_cat","embeddable":true,"href":"https:\/\/koraledetale.pl\/index.php?rest_route=%2Fwp%2Fv2%2Fproduct_cat&post=5373"},{"taxonomy":"product_tag","embeddable":true,"href":"https:\/\/koraledetale.pl\/index.php?rest_route=%2Fwp%2Fv2%2Fproduct_tag&post=5373"}],"curies":[{"name":"wp","href":"https:\/\/api.w.org\/{rel}","templated":true}]}}