{"id":5368,"date":"2024-04-02T10:16:35","date_gmt":"2024-04-02T10:16:35","guid":{"rendered":"https:\/\/koraledetale.pl\/?post_type=product&#038;p=5368"},"modified":"2024-06-19T14:36:10","modified_gmt":"2024-06-19T14:36:10","slug":"naszyjnik-romantyczny-z-perlami-i-ametystami","status":"publish","type":"product","link":"https:\/\/koraledetale.pl\/?product=naszyjnik-romantyczny-z-perlami-i-ametystami","title":{"rendered":"Naszyjnik ROMANTYCZNY z per\u0142ami i ametystami"},"content":{"rendered":"<p>Wielko\u015b\u0107 kamieni:<\/p>\n<ul>\n<li>per\u0142a &#8211; ok. 8&#215;6 mm,<\/li>\n<li>ametyst &#8211; 6&#215;4 mm,<\/li>\n<li>hematyt &#8211; 4&#215;2 mm, 4&#215;3 mm i 2,5 mm.<\/li>\n<\/ul>\n<p>D\u0142ugo\u015b\u0107 naszyjnika: 47 &#8211; 51 cm + 2,7 cm zawieszka.<\/p>\n<p>Wszystkie elementy metalowe wykonane s\u0105 z nieuczulaj\u0105cej stali szlachetnej.<\/p>\n<p>&nbsp;<\/p>\n","protected":false},"excerpt":{"rendered":"<p>Naszyjnik z r\u00f3\u017cowymi per\u0142ami przeplatanymi ametystami i z\u0142otymi hematytami. Zwie\u0144czeniem naszyjnika jest zawieszka z ametystem.<\/p>\n","protected":false},"featured_media":5371,"comment_status":"open","ping_status":"closed","template":"","meta":{"advanced_seo_description":"","jetpack_seo_html_title":"","jetpack_seo_noindex":false},"product_brand":[],"product_cat":[229],"product_tag":[38,355,1973,1974,75,31],"class_list":{"0":"post-5368","1":"product","2":"type-product","3":"status-publish","4":"has-post-thumbnail","6":"product_cat-sprzedane","7":"product_tag-ametyst","8":"product_tag-naszyjnik-z-rozowymi-kamieniami","9":"product_tag-naszyjnik-z-rozowymi-perlami-i-ametystami","10":"product_tag-perly-z-ametystem","11":"product_tag-rozowa-perla","12":"product_tag-zloty-hematyt","14":"first","15":"outofstock","16":"shipping-taxable","17":"purchasable","18":"product-type-simple"},"jetpack_sharing_enabled":true,"_links":{"self":[{"href":"https:\/\/koraledetale.pl\/index.php?rest_route=\/wp\/v2\/product\/5368","targetHints":{"allow":["GET"]}}],"collection":[{"href":"https:\/\/koraledetale.pl\/index.php?rest_route=\/wp\/v2\/product"}],"about":[{"href":"https:\/\/koraledetale.pl\/index.php?rest_route=\/wp\/v2\/types\/product"}],"replies":[{"embeddable":true,"href":"https:\/\/koraledetale.pl\/index.php?rest_route=%2Fwp%2Fv2%2Fcomments&post=5368"}],"wp:featuredmedia":[{"embeddable":true,"href":"https:\/\/koraledetale.pl\/index.php?rest_route=\/wp\/v2\/media\/5371"}],"wp:attachment":[{"href":"https:\/\/koraledetale.pl\/index.php?rest_route=%2Fwp%2Fv2%2Fmedia&parent=5368"}],"wp:term":[{"taxonomy":"product_brand","embeddable":true,"href":"https:\/\/koraledetale.pl\/index.php?rest_route=%2Fwp%2Fv2%2Fproduct_brand&post=5368"},{"taxonomy":"product_cat","embeddable":true,"href":"https:\/\/koraledetale.pl\/index.php?rest_route=%2Fwp%2Fv2%2Fproduct_cat&post=5368"},{"taxonomy":"product_tag","embeddable":true,"href":"https:\/\/koraledetale.pl\/index.php?rest_route=%2Fwp%2Fv2%2Fproduct_tag&post=5368"}],"curies":[{"name":"wp","href":"https:\/\/api.w.org\/{rel}","templated":true}]}}