{"id":5358,"date":"2024-03-28T15:20:54","date_gmt":"2024-03-28T15:20:54","guid":{"rendered":"https:\/\/koraledetale.pl\/?post_type=product&#038;p=5358"},"modified":"2024-03-28T15:20:55","modified_gmt":"2024-03-28T15:20:55","slug":"lancuszek-chilli-ii-z-koralem","status":"publish","type":"product","link":"https:\/\/koraledetale.pl\/?product=lancuszek-chilli-ii-z-koralem","title":{"rendered":"\u0141a\u0144cuszek CHILLI II z koralem"},"content":{"rendered":"<p>Wielko\u015b\u0107 koralu: 28&#215;5 mm<\/p>\n<p>D\u0142ugo\u015b\u0107\u00a0 \u0142a\u0144cuszka: 40 &#8211; 45 cm.<\/p>\n<p>Naszyjnik wykonany jest z nieuczulaj\u0105cej stali szlachetnej.<\/p>\n","protected":false},"excerpt":{"rendered":"<p>Kuleczkowy \u0142a\u0144cuszek z zawieszk\u0105 &#8211; koralem w kszta\u0142cie papryczki.<\/p>\n","protected":false},"featured_media":5361,"comment_status":"open","ping_status":"closed","template":"","meta":{"advanced_seo_description":"","jetpack_seo_html_title":"","jetpack_seo_noindex":false},"product_brand":[],"product_cat":[15],"product_tag":[82,1970,1969,1971,1134],"class_list":{"0":"post-5358","1":"product","2":"type-product","3":"status-publish","4":"has-post-thumbnail","6":"product_cat-naszyjniki","7":"product_tag-koral","8":"product_tag-lancuszek-z-czerwonym-kamieniem","9":"product_tag-lancuszek-z-koralem","10":"product_tag-lancuszek-z-papryczka-chilli","11":"product_tag-lancuszek-z-zawieszka","13":"first","14":"instock","15":"shipping-taxable","16":"purchasable","17":"product-type-simple"},"jetpack_sharing_enabled":true,"_links":{"self":[{"href":"https:\/\/koraledetale.pl\/index.php?rest_route=\/wp\/v2\/product\/5358","targetHints":{"allow":["GET"]}}],"collection":[{"href":"https:\/\/koraledetale.pl\/index.php?rest_route=\/wp\/v2\/product"}],"about":[{"href":"https:\/\/koraledetale.pl\/index.php?rest_route=\/wp\/v2\/types\/product"}],"replies":[{"embeddable":true,"href":"https:\/\/koraledetale.pl\/index.php?rest_route=%2Fwp%2Fv2%2Fcomments&post=5358"}],"wp:featuredmedia":[{"embeddable":true,"href":"https:\/\/koraledetale.pl\/index.php?rest_route=\/wp\/v2\/media\/5361"}],"wp:attachment":[{"href":"https:\/\/koraledetale.pl\/index.php?rest_route=%2Fwp%2Fv2%2Fmedia&parent=5358"}],"wp:term":[{"taxonomy":"product_brand","embeddable":true,"href":"https:\/\/koraledetale.pl\/index.php?rest_route=%2Fwp%2Fv2%2Fproduct_brand&post=5358"},{"taxonomy":"product_cat","embeddable":true,"href":"https:\/\/koraledetale.pl\/index.php?rest_route=%2Fwp%2Fv2%2Fproduct_cat&post=5358"},{"taxonomy":"product_tag","embeddable":true,"href":"https:\/\/koraledetale.pl\/index.php?rest_route=%2Fwp%2Fv2%2Fproduct_tag&post=5358"}],"curies":[{"name":"wp","href":"https:\/\/api.w.org\/{rel}","templated":true}]}}