{"id":5356,"date":"2024-03-27T14:49:23","date_gmt":"2024-03-27T14:49:23","guid":{"rendered":"https:\/\/koraledetale.pl\/?post_type=product&#038;p=5356"},"modified":"2024-05-09T09:34:29","modified_gmt":"2024-05-09T09:34:29","slug":"bransoletka-motus-z-turmalinami","status":"publish","type":"product","link":"https:\/\/koraledetale.pl\/?product=bransoletka-motus-z-turmalinami","title":{"rendered":"Bransoletka MOTUS z turmalinami"},"content":{"rendered":"<p>Wielko\u015b\u0107 kamieni:<\/p>\n<ul>\n<li>turmalin \u2013 2,5 mm i 4&#215;2,5 mm,<\/li>\n<li>hematyt \u2013 2\u00d71 mm.<\/li>\n<\/ul>\n<p>D\u0142ugo\u015b\u0107 bransoletki: 16,5 &#8211; 19,5 cm.<\/p>\n<p>Wszystkie elementy metalowe wykonane s\u0105 z nieuczulaj\u0105cej stali szlachetnej.<\/p>\n<p>&nbsp;<\/p>\n<p><strong>Turmaliny<\/strong> maj\u0105 szereg w\u0142a\u015bciwo\u015bci i zastosowa\u0144, oto niekt\u00f3re z nich:<\/p>\n<ul>\n<li><strong>Ochrona<\/strong> przed negatywn\u0105 energi\u0105 i wp\u0142ywami. Noszone jako talizmany lub amulety chroni\u0105 przed z\u0142ymi duchami, przekle\u0144stwami i negatywnymi my\u015blami.<\/li>\n<li><strong>Zr\u00f3wnowa\u017cenie energetyczne:<\/strong> pomagaj\u0105 w wywa\u017ceniu energii w ciele i otaczaj\u0105cej przestrzeni. Maj\u0105 zdolno\u015b\u0107 do usuwania blokad energetycznych i harmonizowania przep\u0142ywu energii \u017cyciowej.<\/li>\n<li><strong>Wzmacnianie intuicji:<\/strong> wzmacniaj\u0105 zdolno\u015bci intuicyjne i umo\u017cliwiaj\u0105 g\u0142\u0119bsze zrozumienie siebie oraz otaczaj\u0105cego \u015bwiata.<\/li>\n<li><strong>Wspomaganie koncentracji<\/strong>\u00a0i umys\u0142owej klarowno\u015bci. Pomagaj\u0105 w zatrzymywaniu rozproszenia uwagi i skupianiu si\u0119 na celach.<\/li>\n<li><strong>Harmonizacja emocji:<\/strong> r\u00f3wnowa\u017c\u0105 emocje i pomagaj\u0105 w radzeniu sobie ze stresem, l\u0119kiem i negatywnymi odczuciami. Maj\u0105 dzia\u0142anie uspokajaj\u0105ce i stabilizuj\u0105ce na emocjonalnym poziomie.<\/li>\n<li><strong>Stymulowanie kreatywno\u015bci<\/strong> i pomoc w wyra\u017caniu siebie artystycznie poprzez otwieranie kana\u0142\u00f3w kreatywnych.<\/li>\n<\/ul>\n","protected":false},"excerpt":{"rendered":"<p>Bransoletka z drobnych turmalin\u00f3w przeplatanych oponkami z\u0142otego hematytu, z monetk\u0105 zielonego turmalinu w centrum.<\/p>\n","protected":false},"featured_media":5353,"comment_status":"open","ping_status":"closed","template":"","meta":{"advanced_seo_description":"","jetpack_seo_html_title":"","jetpack_seo_noindex":false},"product_brand":[],"product_cat":[229],"product_tag":[79,889,133,80,237,189,87,31],"class_list":{"0":"post-5356","1":"product","2":"type-product","3":"status-publish","4":"has-post-thumbnail","6":"product_cat-sprzedane","7":"product_tag-bransoletka-z-drobnych-kamieni","8":"product_tag-bransoletka-z-drobnymi-kamieniami","9":"product_tag-bransoletka-z-kamieni-naturalnych","10":"product_tag-bransoletka-z-kamieniami-naturalnymi","11":"product_tag-bransoletka-z-kolorowymi-kamieniami","12":"product_tag-bransoletka-z-turmalinami","13":"product_tag-turmalin","14":"product_tag-zloty-hematyt","16":"first","17":"outofstock","18":"shipping-taxable","19":"purchasable","20":"product-type-simple"},"jetpack_sharing_enabled":true,"_links":{"self":[{"href":"https:\/\/koraledetale.pl\/index.php?rest_route=\/wp\/v2\/product\/5356","targetHints":{"allow":["GET"]}}],"collection":[{"href":"https:\/\/koraledetale.pl\/index.php?rest_route=\/wp\/v2\/product"}],"about":[{"href":"https:\/\/koraledetale.pl\/index.php?rest_route=\/wp\/v2\/types\/product"}],"replies":[{"embeddable":true,"href":"https:\/\/koraledetale.pl\/index.php?rest_route=%2Fwp%2Fv2%2Fcomments&post=5356"}],"wp:featuredmedia":[{"embeddable":true,"href":"https:\/\/koraledetale.pl\/index.php?rest_route=\/wp\/v2\/media\/5353"}],"wp:attachment":[{"href":"https:\/\/koraledetale.pl\/index.php?rest_route=%2Fwp%2Fv2%2Fmedia&parent=5356"}],"wp:term":[{"taxonomy":"product_brand","embeddable":true,"href":"https:\/\/koraledetale.pl\/index.php?rest_route=%2Fwp%2Fv2%2Fproduct_brand&post=5356"},{"taxonomy":"product_cat","embeddable":true,"href":"https:\/\/koraledetale.pl\/index.php?rest_route=%2Fwp%2Fv2%2Fproduct_cat&post=5356"},{"taxonomy":"product_tag","embeddable":true,"href":"https:\/\/koraledetale.pl\/index.php?rest_route=%2Fwp%2Fv2%2Fproduct_tag&post=5356"}],"curies":[{"name":"wp","href":"https:\/\/api.w.org\/{rel}","templated":true}]}}