{"id":5332,"date":"2024-03-21T11:31:58","date_gmt":"2024-03-21T11:31:58","guid":{"rendered":"https:\/\/koraledetale.pl\/?post_type=product&#038;p=5332"},"modified":"2024-09-30T10:56:30","modified_gmt":"2024-09-30T10:56:30","slug":"naszyjnik-inspiracja-z-howlitami-turkusowymi","status":"publish","type":"product","link":"https:\/\/koraledetale.pl\/?product=naszyjnik-inspiracja-z-howlitami-turkusowymi","title":{"rendered":"Naszyjnik INSPIRACJA z howlitami turkusowymi"},"content":{"rendered":"<p>Wielko\u015b\u0107 kamieni:<\/p>\n<ul>\n<li>howlit &#8211; 3,5 mm,<\/li>\n<li>hematyt &#8211; 2,5 mm, 2&#215;1 mm i 3,5&#215;2 mm.<\/li>\n<\/ul>\n<p>D\u0142ugo\u015b\u0107 naszyjnika: 46 cm + zawieszka z k\u00f3\u0142kiem 2,7 cm.<\/p>\n<p>Wszystkie elementy metalowe wykonane s\u0105 z nieuczulaj\u0105cej stali szlachetnej.<\/p>\n<p>&nbsp;<\/p>\n<p><strong>Howlit<\/strong> jest kamieniem wspieraj\u0105cym:<\/p>\n<p><strong>Spok\u00f3j i opanowanie<\/strong>: promuje spok\u00f3j i opanowanie w trudnych sytuacjach. Pomaga w zmniejszaniu stresu, nerwowo\u015bci oraz w uspokajaniu umys\u0142u i emocji.<\/p>\n<p><strong>Kontakt z duchowo\u015bci\u0105<\/strong>: u\u0142atwia kontakt z p\u0142aszczyzn\u0105 duchow\u0105 oraz pomaga w interpretacji sn\u00f3w i intuicyjnego odbierania informacji.<\/p>\n<p><strong>Ochrona i oczyszczanie<\/strong>: chroni przed negatywn\u0105 energi\u0105 oraz oczyszcza aur\u0119 i przestrze\u0144 \u017cyciow\u0105.<\/p>\n<p><strong>Pomoc w medytacji<\/strong>: jest wsparciem w praktyce medytacji. Kamie\u0144 ten pomaga w wyciszeniu umys\u0142u, osi\u0105gni\u0119ciu g\u0142\u0119bokiego stanu relaksu oraz zwi\u0119kszeniu koncentracji.<\/p>\n<p><strong>Wzmacnianie komunikacji<\/strong>: pomaga we wzmacnianiu komunikacji, zar\u00f3wno wewn\u0119trznej, jak i zewn\u0119trznej. U\u0142atwia wyra\u017canie my\u015bli i uczu\u0107 oraz poprawia zdolno\u015b\u0107 s\u0142uchania i empatii.<\/p>\n<p><strong>Motywacja i inspiracja<\/strong>: howlit jest kamieniem motywacji i inspiracji, pomaga w podejmowaniu wyzwa\u0144 oraz przyci\u0105ganiu pozytywnej energii do realizacji cel\u00f3w.<\/p>\n<p>Natomiast <strong>czerwona nitka<\/strong> zapewnia ochron\u0119 przed z\u0142em, szcz\u0119\u015bcie, dobrobyt, zdrowie i witalno\u015b\u0107, wzmacniania wi\u0119zi emocjonalne, jest symbolem duchowego przebudzenia, o\u015bwiecenia oraz rozwoju osobistego.<\/p>\n","protected":false},"excerpt":{"rendered":"<p>Naszyjnik z howlitami turkusowymi przeplatanymi z\u0142otymi hematytami, zasupe\u0142kowanymi na czerwonej, mocnej nici jubilerskiej. Zapinany z przodu, z k\u00f3\u0142eczkiem, na kt\u00f3rym zawieszone s\u0105 zawieszki &#8211; prostok\u0105tna blaszka i hematyty na czerwonej nitce.<\/p>\n","protected":false},"featured_media":5328,"comment_status":"open","ping_status":"closed","template":"","meta":{"advanced_seo_description":"","jetpack_seo_html_title":"","jetpack_seo_noindex":false},"product_brand":[],"product_cat":[229],"product_tag":[606,463,1964,668,1965,31],"class_list":{"0":"post-5332","1":"product","2":"type-product","3":"status-publish","4":"has-post-thumbnail","6":"product_cat-sprzedane","7":"product_tag-czerwona-nitka","8":"product_tag-howlit-turkusowy","9":"product_tag-naszyjnik-z-howlitami-na-czerwonej-nitce","10":"product_tag-naszyjnik-z-turkusowymi-kamieniami","11":"product_tag-turkusowy-naszyjnik-z-zawieszkami","12":"product_tag-zloty-hematyt","14":"first","15":"outofstock","16":"shipping-taxable","17":"purchasable","18":"product-type-simple"},"jetpack_sharing_enabled":true,"_links":{"self":[{"href":"https:\/\/koraledetale.pl\/index.php?rest_route=\/wp\/v2\/product\/5332","targetHints":{"allow":["GET"]}}],"collection":[{"href":"https:\/\/koraledetale.pl\/index.php?rest_route=\/wp\/v2\/product"}],"about":[{"href":"https:\/\/koraledetale.pl\/index.php?rest_route=\/wp\/v2\/types\/product"}],"replies":[{"embeddable":true,"href":"https:\/\/koraledetale.pl\/index.php?rest_route=%2Fwp%2Fv2%2Fcomments&post=5332"}],"wp:featuredmedia":[{"embeddable":true,"href":"https:\/\/koraledetale.pl\/index.php?rest_route=\/wp\/v2\/media\/5328"}],"wp:attachment":[{"href":"https:\/\/koraledetale.pl\/index.php?rest_route=%2Fwp%2Fv2%2Fmedia&parent=5332"}],"wp:term":[{"taxonomy":"product_brand","embeddable":true,"href":"https:\/\/koraledetale.pl\/index.php?rest_route=%2Fwp%2Fv2%2Fproduct_brand&post=5332"},{"taxonomy":"product_cat","embeddable":true,"href":"https:\/\/koraledetale.pl\/index.php?rest_route=%2Fwp%2Fv2%2Fproduct_cat&post=5332"},{"taxonomy":"product_tag","embeddable":true,"href":"https:\/\/koraledetale.pl\/index.php?rest_route=%2Fwp%2Fv2%2Fproduct_tag&post=5332"}],"curies":[{"name":"wp","href":"https:\/\/api.w.org\/{rel}","templated":true}]}}