{"id":5315,"date":"2024-03-17T16:18:18","date_gmt":"2024-03-17T16:18:18","guid":{"rendered":"https:\/\/koraledetale.pl\/?post_type=product&#038;p=5315"},"modified":"2024-03-22T15:42:56","modified_gmt":"2024-03-22T15:42:56","slug":"bransoletka-jedwab-z-granatami","status":"publish","type":"product","link":"https:\/\/koraledetale.pl\/?product=bransoletka-jedwab-z-granatami","title":{"rendered":"Bransoletka JEDWAB z granatami"},"content":{"rendered":"<p>Wielko\u015b\u0107 kamieni:<\/p>\n<ul>\n<li>granat &#8211; 2,5&#215;2,5 mm<\/li>\n<li>hematyt &#8211; 2,5 mm.<\/li>\n<\/ul>\n<p>Bransoletka posiada \u0142atw\u0105 regulacj\u0119 d\u0142ugo\u015bci do 22,5 cm, poprzez przeci\u0105gniecie sznureczk\u00f3w przez koralik-stoper (ze stali szlachetnej).<\/p>\n<p>&nbsp;<\/p>\n","protected":false},"excerpt":{"rendered":"<p>Bransoletka na jedwabnej nici z kosteczkami granatu i zawieszk\u0105 &#8211; motylkiem w centrum bransoletki.<\/p>\n","protected":false},"featured_media":5318,"comment_status":"open","ping_status":"closed","template":"","meta":{"advanced_seo_description":"","jetpack_seo_html_title":"","jetpack_seo_noindex":false},"product_brand":[],"product_cat":[229],"product_tag":[379,1958,80,71,478,1957,1959,31],"class_list":{"0":"post-5315","1":"product","2":"type-product","3":"status-publish","4":"has-post-thumbnail","6":"product_cat-sprzedane","7":"product_tag-bransoletka-na-sznureczku","8":"product_tag-bransoletka-z-granatami-na-jedwabiu","9":"product_tag-bransoletka-z-kamieniami-naturalnymi","10":"product_tag-granat","11":"product_tag-jedwab","12":"product_tag-jedwabna-bransoletka-z-granatami","13":"product_tag-motyl","14":"product_tag-zloty-hematyt","16":"first","17":"outofstock","18":"shipping-taxable","19":"purchasable","20":"product-type-simple"},"jetpack_sharing_enabled":true,"_links":{"self":[{"href":"https:\/\/koraledetale.pl\/index.php?rest_route=\/wp\/v2\/product\/5315","targetHints":{"allow":["GET"]}}],"collection":[{"href":"https:\/\/koraledetale.pl\/index.php?rest_route=\/wp\/v2\/product"}],"about":[{"href":"https:\/\/koraledetale.pl\/index.php?rest_route=\/wp\/v2\/types\/product"}],"replies":[{"embeddable":true,"href":"https:\/\/koraledetale.pl\/index.php?rest_route=%2Fwp%2Fv2%2Fcomments&post=5315"}],"wp:featuredmedia":[{"embeddable":true,"href":"https:\/\/koraledetale.pl\/index.php?rest_route=\/wp\/v2\/media\/5318"}],"wp:attachment":[{"href":"https:\/\/koraledetale.pl\/index.php?rest_route=%2Fwp%2Fv2%2Fmedia&parent=5315"}],"wp:term":[{"taxonomy":"product_brand","embeddable":true,"href":"https:\/\/koraledetale.pl\/index.php?rest_route=%2Fwp%2Fv2%2Fproduct_brand&post=5315"},{"taxonomy":"product_cat","embeddable":true,"href":"https:\/\/koraledetale.pl\/index.php?rest_route=%2Fwp%2Fv2%2Fproduct_cat&post=5315"},{"taxonomy":"product_tag","embeddable":true,"href":"https:\/\/koraledetale.pl\/index.php?rest_route=%2Fwp%2Fv2%2Fproduct_tag&post=5315"}],"curies":[{"name":"wp","href":"https:\/\/api.w.org\/{rel}","templated":true}]}}