{"id":5308,"date":"2024-03-15T09:35:24","date_gmt":"2024-03-15T09:35:24","guid":{"rendered":"https:\/\/koraledetale.pl\/?post_type=product&#038;p=5308"},"modified":"2025-03-16T18:45:11","modified_gmt":"2025-03-16T18:45:11","slug":"bransoletka-wiosna-z-perlami-i-spinelami","status":"publish","type":"product","link":"https:\/\/koraledetale.pl\/?product=bransoletka-wiosna-z-perlami-i-spinelami","title":{"rendered":"Bransoletka WIOSNA z per\u0142ami i spinelami"},"content":{"rendered":"<p>Wielko\u015b\u0107 kamieni:<\/p>\n<ul>\n<li>per\u0142a \u2013 8,5&#215;6,5 mm, 4,5&#215;3,5 mm, 5&#215;4 mm,<\/li>\n<li>spinel \u2013 3 mm,<\/li>\n<li>hematyt \u2013 4\u00d72 mm, 3\u00d71 mm, 2\u00d71 mm i 2,5 mm.<\/li>\n<\/ul>\n<p>D\u0142ugo\u015b\u0107 bransoletki: 16,8 \u2013 19,5 cm.<\/p>\n<p>Wszystkie elementy metalowe wykonane s\u0105 z nieuczulaj\u0105cej stali szlachetnej.<\/p>\n","protected":false},"excerpt":{"rendered":"<p>Bransoletka z per\u0142ami (szarymi, czarnymi i jedn\u0105 wi\u0119ksz\u0105 &#8211; jasnor\u00f3\u017cow\u0105) oraz spinelami, przeplatanymi z\u0142otymi hematytami.<\/p>\n","protected":false},"featured_media":5312,"comment_status":"open","ping_status":"closed","template":"","meta":{"advanced_seo_description":"","jetpack_seo_html_title":"","jetpack_seo_noindex":false},"product_brand":[],"product_cat":[229],"product_tag":[1148,80,1903,57,39,31],"class_list":{"0":"post-5308","1":"product","2":"type-product","3":"status-publish","4":"has-post-thumbnail","6":"product_cat-sprzedane","7":"product_tag-bransoletka-z-czarnymi-kamieniami","8":"product_tag-bransoletka-z-kamieniami-naturalnymi","9":"product_tag-bransoletka-ze-spinelami-i-perlami","10":"product_tag-perla","11":"product_tag-spinel","12":"product_tag-zloty-hematyt","14":"first","15":"outofstock","16":"shipping-taxable","17":"purchasable","18":"product-type-simple"},"jetpack_sharing_enabled":true,"_links":{"self":[{"href":"https:\/\/koraledetale.pl\/index.php?rest_route=\/wp\/v2\/product\/5308","targetHints":{"allow":["GET"]}}],"collection":[{"href":"https:\/\/koraledetale.pl\/index.php?rest_route=\/wp\/v2\/product"}],"about":[{"href":"https:\/\/koraledetale.pl\/index.php?rest_route=\/wp\/v2\/types\/product"}],"replies":[{"embeddable":true,"href":"https:\/\/koraledetale.pl\/index.php?rest_route=%2Fwp%2Fv2%2Fcomments&post=5308"}],"wp:featuredmedia":[{"embeddable":true,"href":"https:\/\/koraledetale.pl\/index.php?rest_route=\/wp\/v2\/media\/5312"}],"wp:attachment":[{"href":"https:\/\/koraledetale.pl\/index.php?rest_route=%2Fwp%2Fv2%2Fmedia&parent=5308"}],"wp:term":[{"taxonomy":"product_brand","embeddable":true,"href":"https:\/\/koraledetale.pl\/index.php?rest_route=%2Fwp%2Fv2%2Fproduct_brand&post=5308"},{"taxonomy":"product_cat","embeddable":true,"href":"https:\/\/koraledetale.pl\/index.php?rest_route=%2Fwp%2Fv2%2Fproduct_cat&post=5308"},{"taxonomy":"product_tag","embeddable":true,"href":"https:\/\/koraledetale.pl\/index.php?rest_route=%2Fwp%2Fv2%2Fproduct_tag&post=5308"}],"curies":[{"name":"wp","href":"https:\/\/api.w.org\/{rel}","templated":true}]}}