{"id":5304,"date":"2024-03-14T08:45:30","date_gmt":"2024-03-14T08:45:30","guid":{"rendered":"https:\/\/koraledetale.pl\/?post_type=product&#038;p=5304"},"modified":"2024-05-23T10:55:31","modified_gmt":"2024-05-23T10:55:31","slug":"naszyjnik-amazonit-i-rozgwiazda","status":"publish","type":"product","link":"https:\/\/koraledetale.pl\/?product=naszyjnik-amazonit-i-rozgwiazda","title":{"rendered":"Naszyjnik AMAZONIT I ROZGWIAZDA"},"content":{"rendered":"<p>Wielko\u015b\u0107 amazonit\u00f3w &#8211; 2 mm.<\/p>\n<p>D\u0142ugo\u015b\u0107 naszyjnika: 40-45 cm + zawieszka 2 cm.<\/p>\n<p>Wszystkie elementy metalowe wykonane s\u0105 z nieuczulaj\u0105cej stali chirurgicznej szlachetnej.<\/p>\n","protected":false},"excerpt":{"rendered":"<p>Podw\u00f3jny naszyjnik ze sznurem drobnych, cieniowanych amazonit\u00f3w oraz \u0142a\u0144cuszka z kuleczkami, zwie\u0144czony zawieszk\u0105 \u2013 rozgwiazd\u0105. Kamienie zasupe\u0142kowane s\u0105 na\u00a0 mocnej nici jubilerskiej.<\/p>\n","protected":false},"featured_media":5305,"comment_status":"open","ping_status":"closed","template":"","meta":{"advanced_seo_description":"","jetpack_seo_html_title":"","jetpack_seo_noindex":false},"product_brand":[],"product_cat":[229],"product_tag":[53,1954,1955,594,66,796],"class_list":{"0":"post-5304","1":"product","2":"type-product","3":"status-publish","4":"has-post-thumbnail","6":"product_cat-sprzedane","7":"product_tag-amazonit","8":"product_tag-choker-z-amazonitami","9":"product_tag-morski-naszyjnik","10":"product_tag-naszyjnik-z-amazonitem","11":"product_tag-naszyjnik-z-kamieniami-naturalnymi","12":"product_tag-rozgwiazda","14":"first","15":"outofstock","16":"shipping-taxable","17":"purchasable","18":"product-type-simple"},"jetpack_sharing_enabled":true,"_links":{"self":[{"href":"https:\/\/koraledetale.pl\/index.php?rest_route=\/wp\/v2\/product\/5304","targetHints":{"allow":["GET"]}}],"collection":[{"href":"https:\/\/koraledetale.pl\/index.php?rest_route=\/wp\/v2\/product"}],"about":[{"href":"https:\/\/koraledetale.pl\/index.php?rest_route=\/wp\/v2\/types\/product"}],"replies":[{"embeddable":true,"href":"https:\/\/koraledetale.pl\/index.php?rest_route=%2Fwp%2Fv2%2Fcomments&post=5304"}],"wp:featuredmedia":[{"embeddable":true,"href":"https:\/\/koraledetale.pl\/index.php?rest_route=\/wp\/v2\/media\/5305"}],"wp:attachment":[{"href":"https:\/\/koraledetale.pl\/index.php?rest_route=%2Fwp%2Fv2%2Fmedia&parent=5304"}],"wp:term":[{"taxonomy":"product_brand","embeddable":true,"href":"https:\/\/koraledetale.pl\/index.php?rest_route=%2Fwp%2Fv2%2Fproduct_brand&post=5304"},{"taxonomy":"product_cat","embeddable":true,"href":"https:\/\/koraledetale.pl\/index.php?rest_route=%2Fwp%2Fv2%2Fproduct_cat&post=5304"},{"taxonomy":"product_tag","embeddable":true,"href":"https:\/\/koraledetale.pl\/index.php?rest_route=%2Fwp%2Fv2%2Fproduct_tag&post=5304"}],"curies":[{"name":"wp","href":"https:\/\/api.w.org\/{rel}","templated":true}]}}