{"id":5301,"date":"2024-03-13T17:01:23","date_gmt":"2024-03-13T17:01:23","guid":{"rendered":"https:\/\/koraledetale.pl\/?post_type=product&#038;p=5301"},"modified":"2024-03-15T14:27:21","modified_gmt":"2024-03-15T14:27:21","slug":"bransoletka-wiosna-z-ametystami-kwarcami-truskawkowymi-lepidolitami-i-rodochrozytem","status":"publish","type":"product","link":"https:\/\/koraledetale.pl\/?product=bransoletka-wiosna-z-ametystami-kwarcami-truskawkowymi-lepidolitami-i-rodochrozytem","title":{"rendered":"Bransoletka WIOSNA z ametystami, kwarcami truskawkowymi, lepidolitami i rodochrozytem"},"content":{"rendered":"<p>Wielko\u015b\u0107 kamieni:<\/p>\n<ul>\n<li>ametyst &#8211; 9x7x5 mm i 4,5 mm,<\/li>\n<li>lepidolit &#8211; 4,5 mm,<\/li>\n<li>kwarc truskawkowy &#8211; 4 mm,<\/li>\n<li>rodochrozyt &#8211; 4,5&#215;3,5 mm,<\/li>\n<li>hematyt &#8211; 4&#215;2 mm, 3&#215;2 mm, 2&#215;1 mm i 2,5 mm.<\/li>\n<\/ul>\n<p>D\u0142ugo\u015b\u0107 bransoletki: 16,5 &#8211; 20 cm.<\/p>\n<p>Wszystkie elementy metalowe wykonane s\u0105 z nieuczulaj\u0105cej stali szlachetnej.<\/p>\n","protected":false},"excerpt":{"rendered":"<p>Bransoletka z kolorowymi kamieniami naturalnymi: ametystami, kwarcami truskawkowymi, lepidolitami i rodochrozytem, przeplatanymi z\u0142otymi hematytami.<\/p>\n","protected":false},"featured_media":5297,"comment_status":"open","ping_status":"closed","template":"","meta":{"advanced_seo_description":"","jetpack_seo_html_title":"","jetpack_seo_noindex":false},"product_brand":[],"product_cat":[229],"product_tag":[38,1952,1951,58,1215,545,31],"class_list":{"0":"post-5301","1":"product","2":"type-product","3":"status-publish","4":"has-post-thumbnail","6":"product_cat-sprzedane","7":"product_tag-ametyst","8":"product_tag-bransoletka-z-ametystami-i-kwarcami-truskawkowymi","9":"product_tag-bransoletka-z-rozowymi-i-fioletowymi-kamieniami-naturalnymi","10":"product_tag-kwarc-truskawkowy","11":"product_tag-lepidolit","12":"product_tag-rodochrozyt","13":"product_tag-zloty-hematyt","15":"first","16":"outofstock","17":"shipping-taxable","18":"purchasable","19":"product-type-simple"},"jetpack_sharing_enabled":true,"_links":{"self":[{"href":"https:\/\/koraledetale.pl\/index.php?rest_route=\/wp\/v2\/product\/5301","targetHints":{"allow":["GET"]}}],"collection":[{"href":"https:\/\/koraledetale.pl\/index.php?rest_route=\/wp\/v2\/product"}],"about":[{"href":"https:\/\/koraledetale.pl\/index.php?rest_route=\/wp\/v2\/types\/product"}],"replies":[{"embeddable":true,"href":"https:\/\/koraledetale.pl\/index.php?rest_route=%2Fwp%2Fv2%2Fcomments&post=5301"}],"wp:featuredmedia":[{"embeddable":true,"href":"https:\/\/koraledetale.pl\/index.php?rest_route=\/wp\/v2\/media\/5297"}],"wp:attachment":[{"href":"https:\/\/koraledetale.pl\/index.php?rest_route=%2Fwp%2Fv2%2Fmedia&parent=5301"}],"wp:term":[{"taxonomy":"product_brand","embeddable":true,"href":"https:\/\/koraledetale.pl\/index.php?rest_route=%2Fwp%2Fv2%2Fproduct_brand&post=5301"},{"taxonomy":"product_cat","embeddable":true,"href":"https:\/\/koraledetale.pl\/index.php?rest_route=%2Fwp%2Fv2%2Fproduct_cat&post=5301"},{"taxonomy":"product_tag","embeddable":true,"href":"https:\/\/koraledetale.pl\/index.php?rest_route=%2Fwp%2Fv2%2Fproduct_tag&post=5301"}],"curies":[{"name":"wp","href":"https:\/\/api.w.org\/{rel}","templated":true}]}}