{"id":5294,"date":"2024-03-13T16:37:09","date_gmt":"2024-03-13T16:37:09","guid":{"rendered":"https:\/\/koraledetale.pl\/?post_type=product&#038;p=5294"},"modified":"2024-03-21T19:49:26","modified_gmt":"2024-03-21T19:49:26","slug":"bransoletka-wiosna-z-malachitami-pirytami-kamieniami-slonecznymi-i-ksiezycowymi","status":"publish","type":"product","link":"https:\/\/koraledetale.pl\/?product=bransoletka-wiosna-z-malachitami-pirytami-kamieniami-slonecznymi-i-ksiezycowymi","title":{"rendered":"Bransoletka WIOSNA z malachitami, pirytami, kamieniami s\u0142onecznymi i ksi\u0119\u017cycowymi"},"content":{"rendered":"<p>Wielko\u015b\u0107 kamieni:<\/p>\n<ul>\n<li>malachit &#8211; 4 mm,<\/li>\n<li>kamie\u0144 s\u0142oneczny i ksi\u0119\u017cycowy &#8211; 4,5 cm,<\/li>\n<li>piryt &#8211; 3,5 cm,<\/li>\n<li>hematyt &#8211; 3&#215;2 mm, 3&#215;1 mm 2&#215;1 mm i 2,5 mm.<\/li>\n<\/ul>\n<p>D\u0142ugo\u015b\u0107 bransoletki: 16,8 &#8211; 20 cm.<\/p>\n<p>Wszystkie elementy metalowe wykonane s\u0105 z nieuczulaj\u0105cej stali szlachetnej.<\/p>\n","protected":false},"excerpt":{"rendered":"<p>Bransoletka z kolorowymi kamieniami naturalnymi: malachitami, kamieniami s\u0142onecznymi i ksi\u0119\u017cycowymi, pirytami, przeplatanymi z\u0142otymi hematytami.<\/p>\n","protected":false},"featured_media":5296,"comment_status":"open","ping_status":"closed","template":"","meta":{"advanced_seo_description":"","jetpack_seo_html_title":"","jetpack_seo_noindex":false},"product_brand":[],"product_cat":[229],"product_tag":[1949,1950,64,94,158,156,31],"class_list":{"0":"post-5294","1":"product","2":"type-product","3":"status-publish","4":"has-post-thumbnail","6":"product_cat-sprzedane","7":"product_tag-bransoletka-z-kolorowymi-kamieniami-naturalnymi","8":"product_tag-bransoletka-z-malachitami-i-kamieniami-slonecznymi","9":"product_tag-kamien-ksiezycowy","10":"product_tag-kamien-sloneczny","11":"product_tag-malachit","12":"product_tag-piryt","13":"product_tag-zloty-hematyt","15":"first","16":"outofstock","17":"shipping-taxable","18":"purchasable","19":"product-type-simple"},"jetpack_sharing_enabled":true,"_links":{"self":[{"href":"https:\/\/koraledetale.pl\/index.php?rest_route=\/wp\/v2\/product\/5294","targetHints":{"allow":["GET"]}}],"collection":[{"href":"https:\/\/koraledetale.pl\/index.php?rest_route=\/wp\/v2\/product"}],"about":[{"href":"https:\/\/koraledetale.pl\/index.php?rest_route=\/wp\/v2\/types\/product"}],"replies":[{"embeddable":true,"href":"https:\/\/koraledetale.pl\/index.php?rest_route=%2Fwp%2Fv2%2Fcomments&post=5294"}],"wp:featuredmedia":[{"embeddable":true,"href":"https:\/\/koraledetale.pl\/index.php?rest_route=\/wp\/v2\/media\/5296"}],"wp:attachment":[{"href":"https:\/\/koraledetale.pl\/index.php?rest_route=%2Fwp%2Fv2%2Fmedia&parent=5294"}],"wp:term":[{"taxonomy":"product_brand","embeddable":true,"href":"https:\/\/koraledetale.pl\/index.php?rest_route=%2Fwp%2Fv2%2Fproduct_brand&post=5294"},{"taxonomy":"product_cat","embeddable":true,"href":"https:\/\/koraledetale.pl\/index.php?rest_route=%2Fwp%2Fv2%2Fproduct_cat&post=5294"},{"taxonomy":"product_tag","embeddable":true,"href":"https:\/\/koraledetale.pl\/index.php?rest_route=%2Fwp%2Fv2%2Fproduct_tag&post=5294"}],"curies":[{"name":"wp","href":"https:\/\/api.w.org\/{rel}","templated":true}]}}