{"id":5265,"date":"2024-03-01T15:52:52","date_gmt":"2024-03-01T15:52:52","guid":{"rendered":"https:\/\/koraledetale.pl\/?post_type=product&#038;p=5265"},"modified":"2024-04-05T05:58:42","modified_gmt":"2024-04-05T05:58:42","slug":"bransoletka-jedwabny-szlak-z-turmalinami","status":"publish","type":"product","link":"https:\/\/koraledetale.pl\/?product=bransoletka-jedwabny-szlak-z-turmalinami","title":{"rendered":"Bransoletka JEDWABNY SZLAK z turmalinami"},"content":{"rendered":"<p>Wielko\u015b\u0107 kamieni:<\/p>\n<ul>\n<li>turmalin \u2013 2,5 mm,<\/li>\n<li>hematyt \u2013 2 mm.<\/li>\n<\/ul>\n<p>Bransoletka posiada \u0142atw\u0105 regulacj\u0119 d\u0142ugo\u015bci w zakresie 15 \u2013 26 cm, poprzez przeci\u0105gniecie sznureczk\u00f3w przez koralik-stoper (ze stali szlachetnej).<\/p>\n","protected":false},"excerpt":{"rendered":"<p>Bransoletka z fasetowanymi turmalinami w odcieniach jasnego r\u00f3\u017cu i zieleni, przeplatanymi z\u0142otymi hematytami, zasupe\u0142kowanymi na r\u00f3\u017cowej, jedwabnej nici.<\/p>\n","protected":false},"featured_media":5257,"comment_status":"open","ping_status":"closed","template":"","meta":{"advanced_seo_description":"","jetpack_seo_html_title":"","jetpack_seo_noindex":false},"product_brand":[],"product_cat":[229],"product_tag":[79,889,133,80,237,1937,1938,87,31],"class_list":{"0":"post-5265","1":"product","2":"type-product","3":"status-publish","4":"has-post-thumbnail","6":"product_cat-sprzedane","7":"product_tag-bransoletka-z-drobnych-kamieni","8":"product_tag-bransoletka-z-drobnymi-kamieniami","9":"product_tag-bransoletka-z-kamieni-naturalnych","10":"product_tag-bransoletka-z-kamieniami-naturalnymi","11":"product_tag-bransoletka-z-kolorowymi-kamieniami","12":"product_tag-bransoletka-z-pastelowymi-kamieniami-na-jedwabiu","13":"product_tag-jedwabna-bransoletka-z-turmalinami","14":"product_tag-turmalin","15":"product_tag-zloty-hematyt","17":"first","18":"outofstock","19":"shipping-taxable","20":"purchasable","21":"product-type-simple"},"jetpack_sharing_enabled":true,"_links":{"self":[{"href":"https:\/\/koraledetale.pl\/index.php?rest_route=\/wp\/v2\/product\/5265","targetHints":{"allow":["GET"]}}],"collection":[{"href":"https:\/\/koraledetale.pl\/index.php?rest_route=\/wp\/v2\/product"}],"about":[{"href":"https:\/\/koraledetale.pl\/index.php?rest_route=\/wp\/v2\/types\/product"}],"replies":[{"embeddable":true,"href":"https:\/\/koraledetale.pl\/index.php?rest_route=%2Fwp%2Fv2%2Fcomments&post=5265"}],"wp:featuredmedia":[{"embeddable":true,"href":"https:\/\/koraledetale.pl\/index.php?rest_route=\/wp\/v2\/media\/5257"}],"wp:attachment":[{"href":"https:\/\/koraledetale.pl\/index.php?rest_route=%2Fwp%2Fv2%2Fmedia&parent=5265"}],"wp:term":[{"taxonomy":"product_brand","embeddable":true,"href":"https:\/\/koraledetale.pl\/index.php?rest_route=%2Fwp%2Fv2%2Fproduct_brand&post=5265"},{"taxonomy":"product_cat","embeddable":true,"href":"https:\/\/koraledetale.pl\/index.php?rest_route=%2Fwp%2Fv2%2Fproduct_cat&post=5265"},{"taxonomy":"product_tag","embeddable":true,"href":"https:\/\/koraledetale.pl\/index.php?rest_route=%2Fwp%2Fv2%2Fproduct_tag&post=5265"}],"curies":[{"name":"wp","href":"https:\/\/api.w.org\/{rel}","templated":true}]}}