{"id":5243,"date":"2024-03-01T15:18:55","date_gmt":"2024-03-01T15:18:55","guid":{"rendered":"https:\/\/koraledetale.pl\/?post_type=product&#038;p=5243"},"modified":"2025-09-22T19:38:16","modified_gmt":"2025-09-22T19:38:16","slug":"bransoletka-jedwabny-szlak-z-cytrynami","status":"publish","type":"product","link":"https:\/\/koraledetale.pl\/?product=bransoletka-jedwabny-szlak-z-cytrynami","title":{"rendered":"Bransoletka JEDWABNY SZLAK z cytrynami"},"content":{"rendered":"<p>Wielko\u015b\u0107 kamieni:<\/p>\n<ul>\n<li>cytryn \u2013 3 mm,<\/li>\n<li>hematyt \u2013 2 mm.<\/li>\n<\/ul>\n<p>Bransoletka posiada \u0142atw\u0105 regulacj\u0119 d\u0142ugo\u015bci w zakresie 15 \u2013 27 cm, poprzez przeci\u0105gniecie sznureczk\u00f3w przez koralik-stoper (ze stali szlachetnej).<\/p>\n","protected":false},"excerpt":{"rendered":"<p>Bransoletka z fasetowanymi ccytrynami przeplatanymi z\u0142otymi hematytami, zasupe\u0142kowanymi na szarej, jedwabnej nici.<\/p>\n","protected":false},"featured_media":5251,"comment_status":"open","ping_status":"closed","template":"","meta":{"advanced_seo_description":"","jetpack_seo_html_title":"","jetpack_seo_noindex":false},"product_brand":[],"product_cat":[229],"product_tag":[1305,1563,1932,79,133,80,193,478],"class_list":{"0":"post-5243","1":"product","2":"type-product","3":"status-publish","4":"has-post-thumbnail","6":"product_cat-sprzedane","7":"product_tag-bransoletka-na-jedwabnej-nici","8":"product_tag-bransoletka-na-jedwabnym-sznureczku-z-kamieniami-naturalnymi","9":"product_tag-bransoletka-z-cytrynami-na-jedwabiu","10":"product_tag-bransoletka-z-drobnych-kamieni","11":"product_tag-bransoletka-z-kamieni-naturalnych","12":"product_tag-bransoletka-z-kamieniami-naturalnymi","13":"product_tag-cytryn","14":"product_tag-jedwab","16":"first","17":"outofstock","18":"shipping-taxable","19":"purchasable","20":"product-type-simple"},"jetpack_sharing_enabled":true,"_links":{"self":[{"href":"https:\/\/koraledetale.pl\/index.php?rest_route=\/wp\/v2\/product\/5243","targetHints":{"allow":["GET"]}}],"collection":[{"href":"https:\/\/koraledetale.pl\/index.php?rest_route=\/wp\/v2\/product"}],"about":[{"href":"https:\/\/koraledetale.pl\/index.php?rest_route=\/wp\/v2\/types\/product"}],"replies":[{"embeddable":true,"href":"https:\/\/koraledetale.pl\/index.php?rest_route=%2Fwp%2Fv2%2Fcomments&post=5243"}],"wp:featuredmedia":[{"embeddable":true,"href":"https:\/\/koraledetale.pl\/index.php?rest_route=\/wp\/v2\/media\/5251"}],"wp:attachment":[{"href":"https:\/\/koraledetale.pl\/index.php?rest_route=%2Fwp%2Fv2%2Fmedia&parent=5243"}],"wp:term":[{"taxonomy":"product_brand","embeddable":true,"href":"https:\/\/koraledetale.pl\/index.php?rest_route=%2Fwp%2Fv2%2Fproduct_brand&post=5243"},{"taxonomy":"product_cat","embeddable":true,"href":"https:\/\/koraledetale.pl\/index.php?rest_route=%2Fwp%2Fv2%2Fproduct_cat&post=5243"},{"taxonomy":"product_tag","embeddable":true,"href":"https:\/\/koraledetale.pl\/index.php?rest_route=%2Fwp%2Fv2%2Fproduct_tag&post=5243"}],"curies":[{"name":"wp","href":"https:\/\/api.w.org\/{rel}","templated":true}]}}