{"id":5241,"date":"2024-03-04T15:19:55","date_gmt":"2024-03-04T15:19:55","guid":{"rendered":"https:\/\/koraledetale.pl\/?post_type=product&#038;p=5241"},"modified":"2024-06-06T17:06:38","modified_gmt":"2024-06-06T17:06:38","slug":"naszyjnik-dary-morza-z-koralami-i-perla","status":"publish","type":"product","link":"https:\/\/koraledetale.pl\/?product=naszyjnik-dary-morza-z-koralami-i-perla","title":{"rendered":"Naszyjnik DARY MORZA z koralami i per\u0142\u0105"},"content":{"rendered":"<p>Wielko\u015b\u0107 kamieni:<\/p>\n<ul>\n<li>koral &#8211; ok. 4&#215;3 mm,<\/li>\n<li>per\u0142a &#8211; 22x17x8 mm,<\/li>\n<li>hematyt &#8211; 4&#215;2 mm.<\/li>\n<\/ul>\n<p>D\u0142ugo\u015b\u0107 naszyjnika &#8211; 40 cm.<\/p>\n","protected":false},"excerpt":{"rendered":"<p>Naszyjnik z plastr\u00f3w pomara\u0144czowego koralu z du\u017c\u0105 per\u0142\u0105 przy zapi\u0119ciu.<\/p>\n","protected":false},"featured_media":5269,"comment_status":"open","ping_status":"closed","template":"","meta":{"advanced_seo_description":"","jetpack_seo_html_title":"","jetpack_seo_noindex":false},"product_brand":[],"product_cat":[229],"product_tag":[1944,1942,1943,57,1088],"class_list":{"0":"post-5241","1":"product","2":"type-product","3":"status-publish","4":"has-post-thumbnail","6":"product_cat-sprzedane","7":"product_tag-koralowy-naszyjnik-z-perla","8":"product_tag-naszyjnik-z-koralem-i-perla","9":"product_tag-naszyjnik-z-pomaranczowymi-kamieniami-naturalnymi","10":"product_tag-perla","11":"product_tag-pomaranczowy-koral","13":"first","14":"outofstock","15":"shipping-taxable","16":"purchasable","17":"product-type-simple"},"jetpack_sharing_enabled":true,"_links":{"self":[{"href":"https:\/\/koraledetale.pl\/index.php?rest_route=\/wp\/v2\/product\/5241","targetHints":{"allow":["GET"]}}],"collection":[{"href":"https:\/\/koraledetale.pl\/index.php?rest_route=\/wp\/v2\/product"}],"about":[{"href":"https:\/\/koraledetale.pl\/index.php?rest_route=\/wp\/v2\/types\/product"}],"replies":[{"embeddable":true,"href":"https:\/\/koraledetale.pl\/index.php?rest_route=%2Fwp%2Fv2%2Fcomments&post=5241"}],"wp:featuredmedia":[{"embeddable":true,"href":"https:\/\/koraledetale.pl\/index.php?rest_route=\/wp\/v2\/media\/5269"}],"wp:attachment":[{"href":"https:\/\/koraledetale.pl\/index.php?rest_route=%2Fwp%2Fv2%2Fmedia&parent=5241"}],"wp:term":[{"taxonomy":"product_brand","embeddable":true,"href":"https:\/\/koraledetale.pl\/index.php?rest_route=%2Fwp%2Fv2%2Fproduct_brand&post=5241"},{"taxonomy":"product_cat","embeddable":true,"href":"https:\/\/koraledetale.pl\/index.php?rest_route=%2Fwp%2Fv2%2Fproduct_cat&post=5241"},{"taxonomy":"product_tag","embeddable":true,"href":"https:\/\/koraledetale.pl\/index.php?rest_route=%2Fwp%2Fv2%2Fproduct_tag&post=5241"}],"curies":[{"name":"wp","href":"https:\/\/api.w.org\/{rel}","templated":true}]}}