{"id":5234,"date":"2024-02-27T15:28:47","date_gmt":"2024-02-27T15:28:47","guid":{"rendered":"https:\/\/koraledetale.pl\/?post_type=product&#038;p=5234"},"modified":"2024-03-11T14:57:36","modified_gmt":"2024-03-11T14:57:36","slug":"bransoletka-margarita-ze-spinelami-i-perla","status":"publish","type":"product","link":"https:\/\/koraledetale.pl\/?product=bransoletka-margarita-ze-spinelami-i-perla","title":{"rendered":"Bransoletka MARGARITA ze spinelami i per\u0142\u0105"},"content":{"rendered":"<p>Wielko\u015b\u0107 kamieni:<\/p>\n<ul>\n<li>spinel \u2013 2 mm,<\/li>\n<li>per\u0142a \u2013 8\u00d73,5 mm (w centrum) i 5&#215;3,5 mm (przy przed\u0142u\u017cce),<\/li>\n<li>hematyt \u2013 2\u00d71 mm.<\/li>\n<\/ul>\n<p>D\u0142ugo\u015b\u0107 bransoletki: 16,3 \u2013 19 cm.<\/p>\n<p>Wszystkie elementy metalowe wykonane s\u0105 z nieuczulaj\u0105cej stali szlachetnej.<\/p>\n","protected":false},"excerpt":{"rendered":"<p>Bransoletka z drobnych spineli przeplatanych z\u0142otymi hematytami, z ciemn\u0105 per\u0142\u0105 w centrum i przy przed\u0142u\u017cce.<\/p>\n","protected":false},"featured_media":5228,"comment_status":"open","ping_status":"closed","template":"","meta":{"advanced_seo_description":"","jetpack_seo_html_title":"","jetpack_seo_noindex":false},"product_brand":[],"product_cat":[229],"product_tag":[1925,608,1927,79,80,1926,758,1751,31],"class_list":{"0":"post-5234","1":"product","2":"type-product","3":"status-publish","4":"has-post-thumbnail","6":"product_cat-sprzedane","7":"product_tag-bransoletka-z-ciemna-perla","8":"product_tag-bransoletka-z-czarnych-kamieni","9":"product_tag-bransoletka-z-czarnymi-kamieniami-naturalnymi","10":"product_tag-bransoletka-z-drobnych-kamieni","11":"product_tag-bransoletka-z-kamieniami-naturalnymi","12":"product_tag-bransoletka-ze-spinelami-i-perla","13":"product_tag-ciemna-perla","14":"product_tag-czarny-spinel","15":"product_tag-zloty-hematyt","17":"first","18":"outofstock","19":"shipping-taxable","20":"purchasable","21":"product-type-simple"},"jetpack_sharing_enabled":true,"_links":{"self":[{"href":"https:\/\/koraledetale.pl\/index.php?rest_route=\/wp\/v2\/product\/5234","targetHints":{"allow":["GET"]}}],"collection":[{"href":"https:\/\/koraledetale.pl\/index.php?rest_route=\/wp\/v2\/product"}],"about":[{"href":"https:\/\/koraledetale.pl\/index.php?rest_route=\/wp\/v2\/types\/product"}],"replies":[{"embeddable":true,"href":"https:\/\/koraledetale.pl\/index.php?rest_route=%2Fwp%2Fv2%2Fcomments&post=5234"}],"wp:featuredmedia":[{"embeddable":true,"href":"https:\/\/koraledetale.pl\/index.php?rest_route=\/wp\/v2\/media\/5228"}],"wp:attachment":[{"href":"https:\/\/koraledetale.pl\/index.php?rest_route=%2Fwp%2Fv2%2Fmedia&parent=5234"}],"wp:term":[{"taxonomy":"product_brand","embeddable":true,"href":"https:\/\/koraledetale.pl\/index.php?rest_route=%2Fwp%2Fv2%2Fproduct_brand&post=5234"},{"taxonomy":"product_cat","embeddable":true,"href":"https:\/\/koraledetale.pl\/index.php?rest_route=%2Fwp%2Fv2%2Fproduct_cat&post=5234"},{"taxonomy":"product_tag","embeddable":true,"href":"https:\/\/koraledetale.pl\/index.php?rest_route=%2Fwp%2Fv2%2Fproduct_tag&post=5234"}],"curies":[{"name":"wp","href":"https:\/\/api.w.org\/{rel}","templated":true}]}}