{"id":5218,"date":"2024-02-26T09:51:32","date_gmt":"2024-02-26T09:51:32","guid":{"rendered":"https:\/\/koraledetale.pl\/?post_type=product&#038;p=5218"},"modified":"2025-09-29T05:58:26","modified_gmt":"2025-09-29T05:58:26","slug":"naszyjnik-rozowy-z-kwarcami","status":"publish","type":"product","link":"https:\/\/koraledetale.pl\/?product=naszyjnik-rozowy-z-kwarcami","title":{"rendered":"Naszyjnik R\u00d3\u017bOWY z kwarcami"},"content":{"rendered":"<p>Wielko\u015b\u0107 kamieni:<\/p>\n<ul>\n<li>kwarc r\u00f3\u017cowy &#8211; 4 mm, 20x16x5 mm, 20&#215;10 mm,<\/li>\n<li>pozosta\u0142e kwarce &#8211; 6 mm,<\/li>\n<li>hematyt &#8211; 2,5 mm i 4&#215;2 mm.<\/li>\n<\/ul>\n<p>D\u0142ugo\u015b\u0107 naszyjnika &#8211; 80 cm + zawieszka 5,5 cm.<\/p>\n<p>Wszystkie elementy metalowe wykonane s\u0105 z nieuczulaj\u0105cej stali szlachetnej.<\/p>\n","protected":false},"excerpt":{"rendered":"<p>D\u0142ugi naszyjnik z fasetowanych kwarc\u00f3w &#8211; kryszta\u0142\u00f3w g\u00f3rskich, kwarc\u00f3w truskawkowych, malinowych, dymnych, pojedynczych kwarc\u00f3w z inkluzjami rutylu i czarnego turmalinu, przeplatanych mniejszymi kuleczkami r\u00f3\u017cowego kwarcu i malutkimi z\u0142otymi hematytami. Zwie\u0144czeniem naszyjnika jest zawieszka z dw\u00f3ch du\u017cych r\u00f3\u017cowych kwarc\u00f3w.<\/p>\n","protected":false},"featured_media":5221,"comment_status":"open","ping_status":"closed","template":"","meta":{"advanced_seo_description":"","jetpack_seo_html_title":"","jetpack_seo_noindex":false},"product_brand":[],"product_cat":[15],"product_tag":[456,1918,702,63,1920,216,58,480,355,1919,31],"class_list":{"0":"post-5218","1":"product","2":"type-product","3":"status-publish","4":"has-post-thumbnail","6":"product_cat-naszyjniki","7":"product_tag-dlugi-naszyjnik-z-kamieniami-naturalnymi","8":"product_tag-dlugi-naszyjnik-z-kwarcami","9":"product_tag-krysztal-gorski","10":"product_tag-kwarc-dymny","11":"product_tag-kwarc-malinowy","12":"product_tag-kwarc-rozowy","13":"product_tag-kwarc-truskawkowy","14":"product_tag-kwarc-z-rutylem","15":"product_tag-naszyjnik-z-rozowymi-kamieniami","16":"product_tag-naszyjnik-z-rozowymi-kwarcami","17":"product_tag-zloty-hematyt","19":"first","20":"instock","21":"shipping-taxable","22":"purchasable","23":"product-type-simple"},"jetpack_sharing_enabled":true,"_links":{"self":[{"href":"https:\/\/koraledetale.pl\/index.php?rest_route=\/wp\/v2\/product\/5218","targetHints":{"allow":["GET"]}}],"collection":[{"href":"https:\/\/koraledetale.pl\/index.php?rest_route=\/wp\/v2\/product"}],"about":[{"href":"https:\/\/koraledetale.pl\/index.php?rest_route=\/wp\/v2\/types\/product"}],"replies":[{"embeddable":true,"href":"https:\/\/koraledetale.pl\/index.php?rest_route=%2Fwp%2Fv2%2Fcomments&post=5218"}],"wp:featuredmedia":[{"embeddable":true,"href":"https:\/\/koraledetale.pl\/index.php?rest_route=\/wp\/v2\/media\/5221"}],"wp:attachment":[{"href":"https:\/\/koraledetale.pl\/index.php?rest_route=%2Fwp%2Fv2%2Fmedia&parent=5218"}],"wp:term":[{"taxonomy":"product_brand","embeddable":true,"href":"https:\/\/koraledetale.pl\/index.php?rest_route=%2Fwp%2Fv2%2Fproduct_brand&post=5218"},{"taxonomy":"product_cat","embeddable":true,"href":"https:\/\/koraledetale.pl\/index.php?rest_route=%2Fwp%2Fv2%2Fproduct_cat&post=5218"},{"taxonomy":"product_tag","embeddable":true,"href":"https:\/\/koraledetale.pl\/index.php?rest_route=%2Fwp%2Fv2%2Fproduct_tag&post=5218"}],"curies":[{"name":"wp","href":"https:\/\/api.w.org\/{rel}","templated":true}]}}