{"id":5210,"date":"2024-02-24T17:34:26","date_gmt":"2024-02-24T17:34:26","guid":{"rendered":"https:\/\/koraledetale.pl\/?post_type=product&#038;p=5210"},"modified":"2024-03-13T11:06:36","modified_gmt":"2024-03-13T11:06:36","slug":"bransoletka-adalligatum-z-krysztalem-gorskim-i-czarnym-turmalinem","status":"publish","type":"product","link":"https:\/\/koraledetale.pl\/?product=bransoletka-adalligatum-z-krysztalem-gorskim-i-czarnym-turmalinem","title":{"rendered":"Bransoletka ADALLIGATUM z kryszta\u0142em g\u00f3rskim i czarnym turmalinem"},"content":{"rendered":"<p>Wielko\u015b\u0107 kamieni:<\/p>\n<ul>\n<li>kryszta\u0142 g\u00f3rski &#8211; 3,5 mm,<\/li>\n<li>czarny turmalin &#8211; 3,2 mm,<\/li>\n<li>hematyt &#8211; 2,5 mm i 2&#215;1 mm.<\/li>\n<\/ul>\n<p>D\u0142ugo\u015b\u0107 bransoletki &#8211; do 22 cm.<\/p>\n","protected":false},"excerpt":{"rendered":"<p>Regulowana bransoletka na sznureczku z dwoma najsilniejszymi kamieniami ochronnymi &#8211; kryszta\u0142em g\u00f3rskim i czarnym turmalinem, z przek\u0142adkami ze z\u0142otego hematytu.<\/p>\n","protected":false},"featured_media":5212,"comment_status":"open","ping_status":"closed","template":"","meta":{"advanced_seo_description":"","jetpack_seo_html_title":"","jetpack_seo_noindex":false},"product_brand":[],"product_cat":[229],"product_tag":[379,80,1916,1915,1914],"class_list":{"0":"post-5210","1":"product","2":"type-product","3":"status-publish","4":"has-post-thumbnail","6":"product_cat-sprzedane","7":"product_tag-bransoletka-na-sznureczku","8":"product_tag-bransoletka-z-kamieniami-naturalnymi","9":"product_tag-bransoletka-z-krysztalem-gorskim-i-czarnym-turmalinem","10":"product_tag-ochronna-bransoletka","11":"product_tag-regulowana-bransoletka-z-kamieniami-ochronnymi","13":"first","14":"outofstock","15":"shipping-taxable","16":"purchasable","17":"product-type-simple"},"jetpack_sharing_enabled":true,"_links":{"self":[{"href":"https:\/\/koraledetale.pl\/index.php?rest_route=\/wp\/v2\/product\/5210","targetHints":{"allow":["GET"]}}],"collection":[{"href":"https:\/\/koraledetale.pl\/index.php?rest_route=\/wp\/v2\/product"}],"about":[{"href":"https:\/\/koraledetale.pl\/index.php?rest_route=\/wp\/v2\/types\/product"}],"replies":[{"embeddable":true,"href":"https:\/\/koraledetale.pl\/index.php?rest_route=%2Fwp%2Fv2%2Fcomments&post=5210"}],"wp:featuredmedia":[{"embeddable":true,"href":"https:\/\/koraledetale.pl\/index.php?rest_route=\/wp\/v2\/media\/5212"}],"wp:attachment":[{"href":"https:\/\/koraledetale.pl\/index.php?rest_route=%2Fwp%2Fv2%2Fmedia&parent=5210"}],"wp:term":[{"taxonomy":"product_brand","embeddable":true,"href":"https:\/\/koraledetale.pl\/index.php?rest_route=%2Fwp%2Fv2%2Fproduct_brand&post=5210"},{"taxonomy":"product_cat","embeddable":true,"href":"https:\/\/koraledetale.pl\/index.php?rest_route=%2Fwp%2Fv2%2Fproduct_cat&post=5210"},{"taxonomy":"product_tag","embeddable":true,"href":"https:\/\/koraledetale.pl\/index.php?rest_route=%2Fwp%2Fv2%2Fproduct_tag&post=5210"}],"curies":[{"name":"wp","href":"https:\/\/api.w.org\/{rel}","templated":true}]}}