{"id":5206,"date":"2024-02-22T17:21:49","date_gmt":"2024-02-22T17:21:49","guid":{"rendered":"https:\/\/koraledetale.pl\/?post_type=product&#038;p=5206"},"modified":"2024-02-22T17:21:49","modified_gmt":"2024-02-22T17:21:49","slug":"kolczyki-sople-iv-z-krysztalem-gorskim-wersja-zlota","status":"publish","type":"product","link":"https:\/\/koraledetale.pl\/?product=kolczyki-sople-iv-z-krysztalem-gorskim-wersja-zlota","title":{"rendered":"Kolczyki SOPLE IV z kryszta\u0142em g\u00f3rskim \u2013 wersja z\u0142ota"},"content":{"rendered":"<p>Wielko\u015b\u0107 kryszta\u0142u g\u00f3rskiego: ok. 30 x 6 mm.<\/p>\n<p>D\u0142ugo\u015b\u0107 kolczyk\u00f3w: 4,7 cm.<\/p>\n<p>Wszystkie elementy metalowe wykonane s\u0105 z nieuczulaj\u0105cej stali chirurgicznej szlachetnej.<\/p>\n","protected":false},"excerpt":{"rendered":"<p>Kolczyki\u00a0 z surowym kryszta\u0142em g\u00f3rskim zawieszonym na otwartych biglach.<\/p>\n","protected":false},"featured_media":5199,"comment_status":"open","ping_status":"closed","template":"","meta":{"advanced_seo_description":"","jetpack_seo_html_title":"","jetpack_seo_noindex":false},"product_brand":[],"product_cat":[18],"product_tag":[809,702],"class_list":{"0":"post-5206","1":"product","2":"type-product","3":"status-publish","4":"has-post-thumbnail","6":"product_cat-kolczyki","7":"product_tag-kolczyki-z-krysztalem-gorskim","8":"product_tag-krysztal-gorski","10":"first","11":"instock","12":"shipping-taxable","13":"purchasable","14":"product-type-simple"},"jetpack_sharing_enabled":true,"_links":{"self":[{"href":"https:\/\/koraledetale.pl\/index.php?rest_route=\/wp\/v2\/product\/5206","targetHints":{"allow":["GET"]}}],"collection":[{"href":"https:\/\/koraledetale.pl\/index.php?rest_route=\/wp\/v2\/product"}],"about":[{"href":"https:\/\/koraledetale.pl\/index.php?rest_route=\/wp\/v2\/types\/product"}],"replies":[{"embeddable":true,"href":"https:\/\/koraledetale.pl\/index.php?rest_route=%2Fwp%2Fv2%2Fcomments&post=5206"}],"wp:featuredmedia":[{"embeddable":true,"href":"https:\/\/koraledetale.pl\/index.php?rest_route=\/wp\/v2\/media\/5199"}],"wp:attachment":[{"href":"https:\/\/koraledetale.pl\/index.php?rest_route=%2Fwp%2Fv2%2Fmedia&parent=5206"}],"wp:term":[{"taxonomy":"product_brand","embeddable":true,"href":"https:\/\/koraledetale.pl\/index.php?rest_route=%2Fwp%2Fv2%2Fproduct_brand&post=5206"},{"taxonomy":"product_cat","embeddable":true,"href":"https:\/\/koraledetale.pl\/index.php?rest_route=%2Fwp%2Fv2%2Fproduct_cat&post=5206"},{"taxonomy":"product_tag","embeddable":true,"href":"https:\/\/koraledetale.pl\/index.php?rest_route=%2Fwp%2Fv2%2Fproduct_tag&post=5206"}],"curies":[{"name":"wp","href":"https:\/\/api.w.org\/{rel}","templated":true}]}}