{"id":5205,"date":"2024-02-22T17:17:59","date_gmt":"2024-02-22T17:17:59","guid":{"rendered":"https:\/\/koraledetale.pl\/?post_type=product&#038;p=5205"},"modified":"2024-03-10T17:23:15","modified_gmt":"2024-03-10T17:23:15","slug":"lancuszek-sopel-ii-z-krysztalem-gorskim-wersja-zlota","status":"publish","type":"product","link":"https:\/\/koraledetale.pl\/?product=lancuszek-sopel-ii-z-krysztalem-gorskim-wersja-zlota","title":{"rendered":"\u0141a\u0144cuszek SOPEL II z kryszta\u0142em g\u00f3rskim \u2013 wersja z\u0142ota"},"content":{"rendered":"<p>Wielko\u015b\u0107 kryszta\u0142u g\u00f3rskiego: 32 x 7 x 5 mm.<\/p>\n<p>D\u0142ugo\u015b\u0107 \u0142a\u0144cuszka: 55-60 cm.<\/p>\n<p>Wszystkie elementy metalowe wykonane s\u0105 z nieuczulaj\u0105cej stali szlachetnej.<\/p>\n","protected":false},"excerpt":{"rendered":"<p>\u0141a\u0144cuszek z zawieszk\u0105 \u2013 surowym kryszta\u0142em g\u00f3rskim.<\/p>\n","protected":false},"featured_media":5198,"comment_status":"open","ping_status":"closed","template":"","meta":{"advanced_seo_description":"","jetpack_seo_html_title":"","jetpack_seo_noindex":false},"product_brand":[],"product_cat":[229],"product_tag":[1913,702,807,991],"class_list":{"0":"post-5205","1":"product","2":"type-product","3":"status-publish","4":"has-post-thumbnail","6":"product_cat-sprzedane","7":"product_tag-amulet-z-krysztalem-gorskim","8":"product_tag-krysztal-gorski","9":"product_tag-naszyjnik-z-krysztalem-gorskim","10":"product_tag-lancuszek-z-krysztalem-gorskim","12":"first","13":"outofstock","14":"shipping-taxable","15":"purchasable","16":"product-type-simple"},"jetpack_sharing_enabled":true,"_links":{"self":[{"href":"https:\/\/koraledetale.pl\/index.php?rest_route=\/wp\/v2\/product\/5205","targetHints":{"allow":["GET"]}}],"collection":[{"href":"https:\/\/koraledetale.pl\/index.php?rest_route=\/wp\/v2\/product"}],"about":[{"href":"https:\/\/koraledetale.pl\/index.php?rest_route=\/wp\/v2\/types\/product"}],"replies":[{"embeddable":true,"href":"https:\/\/koraledetale.pl\/index.php?rest_route=%2Fwp%2Fv2%2Fcomments&post=5205"}],"wp:featuredmedia":[{"embeddable":true,"href":"https:\/\/koraledetale.pl\/index.php?rest_route=\/wp\/v2\/media\/5198"}],"wp:attachment":[{"href":"https:\/\/koraledetale.pl\/index.php?rest_route=%2Fwp%2Fv2%2Fmedia&parent=5205"}],"wp:term":[{"taxonomy":"product_brand","embeddable":true,"href":"https:\/\/koraledetale.pl\/index.php?rest_route=%2Fwp%2Fv2%2Fproduct_brand&post=5205"},{"taxonomy":"product_cat","embeddable":true,"href":"https:\/\/koraledetale.pl\/index.php?rest_route=%2Fwp%2Fv2%2Fproduct_cat&post=5205"},{"taxonomy":"product_tag","embeddable":true,"href":"https:\/\/koraledetale.pl\/index.php?rest_route=%2Fwp%2Fv2%2Fproduct_tag&post=5205"}],"curies":[{"name":"wp","href":"https:\/\/api.w.org\/{rel}","templated":true}]}}