{"id":5179,"date":"2024-02-21T10:05:14","date_gmt":"2024-02-21T10:05:14","guid":{"rendered":"https:\/\/koraledetale.pl\/?post_type=product&#038;p=5179"},"modified":"2024-02-21T10:10:47","modified_gmt":"2024-02-21T10:10:47","slug":"lancuszek-zoledzie-z-perla","status":"publish","type":"product","link":"https:\/\/koraledetale.pl\/?product=lancuszek-zoledzie-z-perla","title":{"rendered":"\u0141a\u0144cuszek \u017bO\u0141\u0118DZIE z per\u0142\u0105"},"content":{"rendered":"<p>Wielko\u015b\u0107 per\u0142y &#8211; 10&#215;7 mm.<\/p>\n<p>D\u0142ugo\u015b\u0107 \u0142a\u0144cuszka &#8211; 46 cm.<\/p>\n","protected":false},"excerpt":{"rendered":"<p>Minimalistyczny i kobiecy z \u0142a\u0144cuszek z per\u0142\u0105.<\/p>\n","protected":false},"featured_media":5180,"comment_status":"open","ping_status":"closed","template":"","meta":{"advanced_seo_description":"","jetpack_seo_html_title":"","jetpack_seo_noindex":false},"product_brand":[],"product_cat":[15],"product_tag":[222,57,221,1911],"class_list":{"0":"post-5179","1":"product","2":"type-product","3":"status-publish","4":"has-post-thumbnail","6":"product_cat-naszyjniki","7":"product_tag-naszyjnik-z-perla","8":"product_tag-perla","9":"product_tag-lancuszek-z-perla","10":"product_tag-lancuszek-z-perlowa-zawieszka","12":"first","13":"instock","14":"shipping-taxable","15":"purchasable","16":"product-type-simple"},"jetpack_sharing_enabled":true,"_links":{"self":[{"href":"https:\/\/koraledetale.pl\/index.php?rest_route=\/wp\/v2\/product\/5179","targetHints":{"allow":["GET"]}}],"collection":[{"href":"https:\/\/koraledetale.pl\/index.php?rest_route=\/wp\/v2\/product"}],"about":[{"href":"https:\/\/koraledetale.pl\/index.php?rest_route=\/wp\/v2\/types\/product"}],"replies":[{"embeddable":true,"href":"https:\/\/koraledetale.pl\/index.php?rest_route=%2Fwp%2Fv2%2Fcomments&post=5179"}],"wp:featuredmedia":[{"embeddable":true,"href":"https:\/\/koraledetale.pl\/index.php?rest_route=\/wp\/v2\/media\/5180"}],"wp:attachment":[{"href":"https:\/\/koraledetale.pl\/index.php?rest_route=%2Fwp%2Fv2%2Fmedia&parent=5179"}],"wp:term":[{"taxonomy":"product_brand","embeddable":true,"href":"https:\/\/koraledetale.pl\/index.php?rest_route=%2Fwp%2Fv2%2Fproduct_brand&post=5179"},{"taxonomy":"product_cat","embeddable":true,"href":"https:\/\/koraledetale.pl\/index.php?rest_route=%2Fwp%2Fv2%2Fproduct_cat&post=5179"},{"taxonomy":"product_tag","embeddable":true,"href":"https:\/\/koraledetale.pl\/index.php?rest_route=%2Fwp%2Fv2%2Fproduct_tag&post=5179"}],"curies":[{"name":"wp","href":"https:\/\/api.w.org\/{rel}","templated":true}]}}