{"id":5176,"date":"2024-02-19T11:07:50","date_gmt":"2024-02-19T11:07:50","guid":{"rendered":"https:\/\/koraledetale.pl\/?post_type=product&#038;p=5176"},"modified":"2024-03-20T12:19:36","modified_gmt":"2024-03-20T12:19:36","slug":"bransoletka-joga-iii-z-hematytami","status":"publish","type":"product","link":"https:\/\/koraledetale.pl\/?product=bransoletka-joga-iii-z-hematytami","title":{"rendered":"Bransoletka JOGA III z hematytami"},"content":{"rendered":"<p>Wielko\u015b\u0107 hematyt\u00f3w \u2013 2 mm.<\/p>\n<p>\u015arednica zawieszki \u2013 6 mm.<\/p>\n<p>D\u0142ugo\u015b\u0107 bransoletki: 16,5-18,5 cm.<\/p>\n<p>Wszystkie elementy metalowe wykonane s\u0105 z nieuczulaj\u0105cej stali szlachetnej.<\/p>\n","protected":false},"excerpt":{"rendered":"<p>Bransoletka z drobnymi hematytami \u2013 metalicznie niebieskimi i z\u0142otymi, z zawieszk\u0105 \u2013 okr\u0105g\u0142\u0105 blaszk\u0105, oraz czerwon\u0105 nitk\u0105 przy przed\u0142u\u017cce. Kamienie zasupe\u0142kowane s\u0105 na czerwonej, mocnej nici jubilerskiej.<\/p>\n","protected":false},"featured_media":5167,"comment_status":"open","ping_status":"closed","template":"","meta":{"advanced_seo_description":"","jetpack_seo_html_title":"","jetpack_seo_noindex":false},"product_brand":[],"product_cat":[229],"product_tag":[374,79,889,133,80,237,1248,635,1906,31],"class_list":{"0":"post-5176","1":"product","2":"type-product","3":"status-publish","4":"has-post-thumbnail","6":"product_cat-sprzedane","7":"product_tag-bransoletka-na-czerwonej-nitce","8":"product_tag-bransoletka-z-drobnych-kamieni","9":"product_tag-bransoletka-z-drobnymi-kamieniami","10":"product_tag-bransoletka-z-kamieni-naturalnych","11":"product_tag-bransoletka-z-kamieniami-naturalnymi","12":"product_tag-bransoletka-z-kolorowymi-kamieniami","13":"product_tag-bransoletka-z-niebieskimi-hematytami","14":"product_tag-bransoletka-z-niebieskimi-kamieniami","15":"product_tag-niebieski-hematyt","16":"product_tag-zloty-hematyt","18":"first","19":"outofstock","20":"shipping-taxable","21":"purchasable","22":"product-type-simple"},"jetpack_sharing_enabled":true,"_links":{"self":[{"href":"https:\/\/koraledetale.pl\/index.php?rest_route=\/wp\/v2\/product\/5176","targetHints":{"allow":["GET"]}}],"collection":[{"href":"https:\/\/koraledetale.pl\/index.php?rest_route=\/wp\/v2\/product"}],"about":[{"href":"https:\/\/koraledetale.pl\/index.php?rest_route=\/wp\/v2\/types\/product"}],"replies":[{"embeddable":true,"href":"https:\/\/koraledetale.pl\/index.php?rest_route=%2Fwp%2Fv2%2Fcomments&post=5176"}],"wp:featuredmedia":[{"embeddable":true,"href":"https:\/\/koraledetale.pl\/index.php?rest_route=\/wp\/v2\/media\/5167"}],"wp:attachment":[{"href":"https:\/\/koraledetale.pl\/index.php?rest_route=%2Fwp%2Fv2%2Fmedia&parent=5176"}],"wp:term":[{"taxonomy":"product_brand","embeddable":true,"href":"https:\/\/koraledetale.pl\/index.php?rest_route=%2Fwp%2Fv2%2Fproduct_brand&post=5176"},{"taxonomy":"product_cat","embeddable":true,"href":"https:\/\/koraledetale.pl\/index.php?rest_route=%2Fwp%2Fv2%2Fproduct_cat&post=5176"},{"taxonomy":"product_tag","embeddable":true,"href":"https:\/\/koraledetale.pl\/index.php?rest_route=%2Fwp%2Fv2%2Fproduct_tag&post=5176"}],"curies":[{"name":"wp","href":"https:\/\/api.w.org\/{rel}","templated":true}]}}