{"id":5164,"date":"2024-02-17T15:42:25","date_gmt":"2024-02-17T15:42:25","guid":{"rendered":"https:\/\/koraledetale.pl\/?post_type=product&#038;p=5164"},"modified":"2024-06-22T05:46:29","modified_gmt":"2024-06-22T05:46:29","slug":"bransoletka-czarno-biala-ze-spinelami-i-perlami","status":"publish","type":"product","link":"https:\/\/koraledetale.pl\/?product=bransoletka-czarno-biala-ze-spinelami-i-perlami","title":{"rendered":"Bransoletka CZARNO-BIA\u0141A ze spinelami i per\u0142ami"},"content":{"rendered":"<p>Wielko\u015b\u0107 kamieni:<\/p>\n<ul>\n<li>spinel \u2013 2 mm,<\/li>\n<li>per\u0142a \u2013 ok. 2,5\u00d72 mm,<\/li>\n<li>hematyt \u2013 2\u00d71 mm.<\/li>\n<\/ul>\n<p>D\u0142ugo\u015b\u0107 bransoletki: 16,5 &#8211; 18 cm.<\/p>\n<p>Wszystkie elementy metalowe wykonane s\u0105 z nieuczulaj\u0105cej stali szlachetnej.<\/p>\n","protected":false},"excerpt":{"rendered":"<p>Bransoletka z drobnymi spinelami przeplatanymi drobnymi per\u0142ami i srebrnymi hematytami, zasupe\u0142kowanymi na mocnej nici jubilerskiej.<\/p>\n","protected":false},"featured_media":5161,"comment_status":"open","ping_status":"closed","template":"","meta":{"advanced_seo_description":"","jetpack_seo_html_title":"","jetpack_seo_noindex":false},"product_brand":[],"product_cat":[229],"product_tag":[1902,547,1903,57,39,26],"class_list":{"0":"post-5164","1":"product","2":"type-product","3":"status-publish","4":"has-post-thumbnail","6":"product_cat-sprzedane","7":"product_tag-bransoletka-z-czarnych-kamieni-naturalnych","8":"product_tag-bransoletka-z-drobnych-kamieni-naturalnych","9":"product_tag-bransoletka-ze-spinelami-i-perlami","10":"product_tag-perla","11":"product_tag-spinel","12":"product_tag-srebrny-hematyt","14":"first","15":"outofstock","16":"shipping-taxable","17":"purchasable","18":"product-type-simple"},"jetpack_sharing_enabled":true,"_links":{"self":[{"href":"https:\/\/koraledetale.pl\/index.php?rest_route=\/wp\/v2\/product\/5164","targetHints":{"allow":["GET"]}}],"collection":[{"href":"https:\/\/koraledetale.pl\/index.php?rest_route=\/wp\/v2\/product"}],"about":[{"href":"https:\/\/koraledetale.pl\/index.php?rest_route=\/wp\/v2\/types\/product"}],"replies":[{"embeddable":true,"href":"https:\/\/koraledetale.pl\/index.php?rest_route=%2Fwp%2Fv2%2Fcomments&post=5164"}],"wp:featuredmedia":[{"embeddable":true,"href":"https:\/\/koraledetale.pl\/index.php?rest_route=\/wp\/v2\/media\/5161"}],"wp:attachment":[{"href":"https:\/\/koraledetale.pl\/index.php?rest_route=%2Fwp%2Fv2%2Fmedia&parent=5164"}],"wp:term":[{"taxonomy":"product_brand","embeddable":true,"href":"https:\/\/koraledetale.pl\/index.php?rest_route=%2Fwp%2Fv2%2Fproduct_brand&post=5164"},{"taxonomy":"product_cat","embeddable":true,"href":"https:\/\/koraledetale.pl\/index.php?rest_route=%2Fwp%2Fv2%2Fproduct_cat&post=5164"},{"taxonomy":"product_tag","embeddable":true,"href":"https:\/\/koraledetale.pl\/index.php?rest_route=%2Fwp%2Fv2%2Fproduct_tag&post=5164"}],"curies":[{"name":"wp","href":"https:\/\/api.w.org\/{rel}","templated":true}]}}