{"id":5157,"date":"2024-02-17T15:37:20","date_gmt":"2024-02-17T15:37:20","guid":{"rendered":"https:\/\/koraledetale.pl\/?post_type=product&#038;p=5157"},"modified":"2024-06-22T05:46:34","modified_gmt":"2024-06-22T05:46:34","slug":"naszyjnik-czarno-bialy-ze-spinelami-i-perlami","status":"publish","type":"product","link":"https:\/\/koraledetale.pl\/?product=naszyjnik-czarno-bialy-ze-spinelami-i-perlami","title":{"rendered":"Naszyjnik CZARNO-BIA\u0141Y ze spinelami i per\u0142ami"},"content":{"rendered":"<p>Wielko\u015b\u0107 kamieni:<\/p>\n<ul>\n<li>spinel &#8211; 2 mm,<\/li>\n<li>per\u0142a &#8211; ok. 2,5&#215;2 mm,<\/li>\n<li>hematyt &#8211; 2&#215;1 mm.<\/li>\n<\/ul>\n<p>D\u0142ugo\u015b\u0107 naszyjnika: 38,5 &#8211; 43 cm + zawieszka 9 mm.<\/p>\n","protected":false},"excerpt":{"rendered":"<p>Delikatny naszyjnik ze spinelami przeplatanymi drobnymi per\u0142ami i srebrnymi hematytami, zasupe\u0142kowanymi na mocnej nici jubilerskiej. Zwie\u0144czeniem naszyjnika jest per\u0142a w srebrnej oprawie.<\/p>\n","protected":false},"featured_media":5158,"comment_status":"open","ping_status":"closed","template":"","meta":{"advanced_seo_description":"","jetpack_seo_html_title":"","jetpack_seo_noindex":false},"product_brand":[],"product_cat":[229],"product_tag":[1899,1740,1900,1901,57,39,26],"class_list":{"0":"post-5157","1":"product","2":"type-product","3":"status-publish","4":"has-post-thumbnail","6":"product_cat-sprzedane","7":"product_tag-choker-ze-spinelami-i-perlami","8":"product_tag-czarny-naszyjnik","9":"product_tag-krotki-naszyjnik-z-czarnymi-kamieniami","10":"product_tag-krotki-naszyjnik-z-deobnymi-kamieniami-naturalnymi","11":"product_tag-perla","12":"product_tag-spinel","13":"product_tag-srebrny-hematyt","15":"first","16":"outofstock","17":"shipping-taxable","18":"purchasable","19":"product-type-simple"},"jetpack_sharing_enabled":true,"_links":{"self":[{"href":"https:\/\/koraledetale.pl\/index.php?rest_route=\/wp\/v2\/product\/5157","targetHints":{"allow":["GET"]}}],"collection":[{"href":"https:\/\/koraledetale.pl\/index.php?rest_route=\/wp\/v2\/product"}],"about":[{"href":"https:\/\/koraledetale.pl\/index.php?rest_route=\/wp\/v2\/types\/product"}],"replies":[{"embeddable":true,"href":"https:\/\/koraledetale.pl\/index.php?rest_route=%2Fwp%2Fv2%2Fcomments&post=5157"}],"wp:featuredmedia":[{"embeddable":true,"href":"https:\/\/koraledetale.pl\/index.php?rest_route=\/wp\/v2\/media\/5158"}],"wp:attachment":[{"href":"https:\/\/koraledetale.pl\/index.php?rest_route=%2Fwp%2Fv2%2Fmedia&parent=5157"}],"wp:term":[{"taxonomy":"product_brand","embeddable":true,"href":"https:\/\/koraledetale.pl\/index.php?rest_route=%2Fwp%2Fv2%2Fproduct_brand&post=5157"},{"taxonomy":"product_cat","embeddable":true,"href":"https:\/\/koraledetale.pl\/index.php?rest_route=%2Fwp%2Fv2%2Fproduct_cat&post=5157"},{"taxonomy":"product_tag","embeddable":true,"href":"https:\/\/koraledetale.pl\/index.php?rest_route=%2Fwp%2Fv2%2Fproduct_tag&post=5157"}],"curies":[{"name":"wp","href":"https:\/\/api.w.org\/{rel}","templated":true}]}}