{"id":5154,"date":"2024-02-13T11:36:34","date_gmt":"2024-02-13T11:36:34","guid":{"rendered":"https:\/\/koraledetale.pl\/?post_type=product&#038;p=5154"},"modified":"2025-02-15T10:47:38","modified_gmt":"2025-02-15T10:47:38","slug":"kolczyki-bursztynowa-energia-iv","status":"publish","type":"product","link":"https:\/\/koraledetale.pl\/?product=kolczyki-bursztynowa-energia-iv","title":{"rendered":"Kolczyki NOMAD z k\u00f3\u0142kami"},"content":{"rendered":"<p>D\u0142ugo\u015b\u0107 kolczyk\u00f3w \u2013 5,5 cm.<\/p>\n<p>Wszystkie elementy metalowe wykonane s\u0105 z nieuczulaj\u0105cej stali szlachetnej.<\/p>\n","protected":false},"excerpt":{"rendered":"<p>D\u0142ugie i lekkie kolczyki z du\u017cymi, plecionymi ko\u0142ami zwie\u0144czonymi okr\u0105g\u0142\u0105 blaszk\u0105 z m\u0142otkowan\u0105 faktur\u0105, zawieszonymi na sztyftach z du\u017cym, okr\u0105g\u0142ym, t\u0142oczonym frontem.<\/p>\n","protected":false},"featured_media":5151,"comment_status":"open","ping_status":"closed","template":"","meta":{"advanced_seo_description":"","jetpack_seo_html_title":"","jetpack_seo_noindex":false},"product_brand":[],"product_cat":[229],"product_tag":[1895,1898,1897,1896],"class_list":{"0":"post-5154","1":"product","2":"type-product","3":"status-publish","4":"has-post-thumbnail","6":"product_cat-sprzedane","7":"product_tag-dlugie-i-lekkie-kolczyki-kolka","8":"product_tag-dlugie-i-lekkie-kolczyki-na-sztyftach","9":"product_tag-dlugie-i-lekkie-kolczyki-ze-stali-chirurgicznej","10":"product_tag-dlugie-i-lekkie-kolczyki-ze-stali-szlachetnej","12":"first","13":"outofstock","14":"shipping-taxable","15":"product-type-simple"},"jetpack_sharing_enabled":true,"_links":{"self":[{"href":"https:\/\/koraledetale.pl\/index.php?rest_route=\/wp\/v2\/product\/5154","targetHints":{"allow":["GET"]}}],"collection":[{"href":"https:\/\/koraledetale.pl\/index.php?rest_route=\/wp\/v2\/product"}],"about":[{"href":"https:\/\/koraledetale.pl\/index.php?rest_route=\/wp\/v2\/types\/product"}],"replies":[{"embeddable":true,"href":"https:\/\/koraledetale.pl\/index.php?rest_route=%2Fwp%2Fv2%2Fcomments&post=5154"}],"wp:featuredmedia":[{"embeddable":true,"href":"https:\/\/koraledetale.pl\/index.php?rest_route=\/wp\/v2\/media\/5151"}],"wp:attachment":[{"href":"https:\/\/koraledetale.pl\/index.php?rest_route=%2Fwp%2Fv2%2Fmedia&parent=5154"}],"wp:term":[{"taxonomy":"product_brand","embeddable":true,"href":"https:\/\/koraledetale.pl\/index.php?rest_route=%2Fwp%2Fv2%2Fproduct_brand&post=5154"},{"taxonomy":"product_cat","embeddable":true,"href":"https:\/\/koraledetale.pl\/index.php?rest_route=%2Fwp%2Fv2%2Fproduct_cat&post=5154"},{"taxonomy":"product_tag","embeddable":true,"href":"https:\/\/koraledetale.pl\/index.php?rest_route=%2Fwp%2Fv2%2Fproduct_tag&post=5154"}],"curies":[{"name":"wp","href":"https:\/\/api.w.org\/{rel}","templated":true}]}}