{"id":5149,"date":"2024-02-13T11:09:52","date_gmt":"2024-02-13T11:09:52","guid":{"rendered":"https:\/\/koraledetale.pl\/?post_type=product&#038;p=5149"},"modified":"2024-07-07T14:24:39","modified_gmt":"2024-07-07T14:24:39","slug":"kolczyki-bursztynowa-energia-iii","status":"publish","type":"product","link":"https:\/\/koraledetale.pl\/?product=kolczyki-bursztynowa-energia-iii","title":{"rendered":"Kolczyki BURSZTYNOWA ENERGIA III"},"content":{"rendered":"<p>Wielko\u015b\u0107 bursztyn\u00f3w: 7 mm.<\/p>\n<p>D\u0142ugo\u015b\u0107 kolczyk\u00f3w \u2013 5,2 cm.<\/p>\n<p>Wszystkie elementy metalowe wykonane s\u0105 z nieuczulaj\u0105cej stali szlachetnej.<\/p>\n","protected":false},"excerpt":{"rendered":"<p>D\u0142ugie i lekkie kolczyki z du\u017cymi, plecionymi ko\u0142ami zwie\u0144czonymi bursztynow\u0105 kuleczk\u0105, zawieszonymi na mniejszych, grawerowanych k\u00f3\u0142kach.<\/p>\n","protected":false},"featured_media":5152,"comment_status":"open","ping_status":"closed","template":"","meta":{"advanced_seo_description":"","jetpack_seo_html_title":"","jetpack_seo_noindex":false},"product_brand":[],"product_cat":[229],"product_tag":[1895,1894,1897,1896],"class_list":{"0":"post-5149","1":"product","2":"type-product","3":"status-publish","4":"has-post-thumbnail","6":"product_cat-sprzedane","7":"product_tag-dlugie-i-lekkie-kolczyki-kolka","8":"product_tag-dlugie-i-lekkie-kolczyki-z-bursztynem","9":"product_tag-dlugie-i-lekkie-kolczyki-ze-stali-chirurgicznej","10":"product_tag-dlugie-i-lekkie-kolczyki-ze-stali-szlachetnej","12":"first","13":"outofstock","14":"shipping-taxable","15":"purchasable","16":"product-type-simple"},"jetpack_sharing_enabled":true,"_links":{"self":[{"href":"https:\/\/koraledetale.pl\/index.php?rest_route=\/wp\/v2\/product\/5149","targetHints":{"allow":["GET"]}}],"collection":[{"href":"https:\/\/koraledetale.pl\/index.php?rest_route=\/wp\/v2\/product"}],"about":[{"href":"https:\/\/koraledetale.pl\/index.php?rest_route=\/wp\/v2\/types\/product"}],"replies":[{"embeddable":true,"href":"https:\/\/koraledetale.pl\/index.php?rest_route=%2Fwp%2Fv2%2Fcomments&post=5149"}],"wp:featuredmedia":[{"embeddable":true,"href":"https:\/\/koraledetale.pl\/index.php?rest_route=\/wp\/v2\/media\/5152"}],"wp:attachment":[{"href":"https:\/\/koraledetale.pl\/index.php?rest_route=%2Fwp%2Fv2%2Fmedia&parent=5149"}],"wp:term":[{"taxonomy":"product_brand","embeddable":true,"href":"https:\/\/koraledetale.pl\/index.php?rest_route=%2Fwp%2Fv2%2Fproduct_brand&post=5149"},{"taxonomy":"product_cat","embeddable":true,"href":"https:\/\/koraledetale.pl\/index.php?rest_route=%2Fwp%2Fv2%2Fproduct_cat&post=5149"},{"taxonomy":"product_tag","embeddable":true,"href":"https:\/\/koraledetale.pl\/index.php?rest_route=%2Fwp%2Fv2%2Fproduct_tag&post=5149"}],"curies":[{"name":"wp","href":"https:\/\/api.w.org\/{rel}","templated":true}]}}