{"id":5146,"date":"2024-02-12T07:33:00","date_gmt":"2024-02-12T07:33:00","guid":{"rendered":"https:\/\/koraledetale.pl\/?post_type=product&#038;p=5146"},"modified":"2024-02-14T14:26:32","modified_gmt":"2024-02-14T14:26:32","slug":"naszyjnik-powitanie-wiosny-z-ametystami-kunzytami-spinelami-i-fosfosyderytami","status":"publish","type":"product","link":"https:\/\/koraledetale.pl\/?product=naszyjnik-powitanie-wiosny-z-ametystami-kunzytami-spinelami-i-fosfosyderytami","title":{"rendered":"Naszyjnik POWITANIE WIOSNY z ametystami, kunzytami, spinelami i fosfosyderytami"},"content":{"rendered":"<p>Wielko\u015b\u0107 kamieni:<\/p>\n<ul>\n<li>ametyst \u2013 2 mm, 3&#215;2,5 mm, 13&#215;7,5 mm (\u0142ezka),<\/li>\n<li>spinel \u2013 2,5 mm,<\/li>\n<li>kunzyt \u2013 2 mm,<\/li>\n<li>fosfosyderyt \u2013 2 mm,<\/li>\n<li>hematyt \u2013 2,5 mm.<\/li>\n<\/ul>\n<p>D\u0142ugo\u015b\u0107 naszyjnika: 45 &#8211; 50 cm.<\/p>\n<p>Wszystkie elementy metalowe wykonane s\u0105 z nieuczulaj\u0105cej stali szlachetnej.<\/p>\n","protected":false},"excerpt":{"rendered":"<p>Naszyjnik z drobnymi, fioletowymi kamieniami \u2013 ametystem, spinelem, kunzytem i fosfosyderytem, przeplatanymi z\u0142otymi hematytami, zwie\u0144czony kropl\u0105 ametystu. Kamienie zasupe\u0142kowane s\u0105 na fioletowej, mocnej nici jubilerskiej.<\/p>\n","protected":false},"featured_media":5133,"comment_status":"open","ping_status":"closed","template":"","meta":{"advanced_seo_description":"","jetpack_seo_html_title":"","jetpack_seo_noindex":false},"product_brand":[],"product_cat":[229],"product_tag":[38,1888,241,512,1889,66,1890,39,31],"class_list":{"0":"post-5146","1":"product","2":"type-product","3":"status-publish","4":"has-post-thumbnail","6":"product_cat-sprzedane","7":"product_tag-ametyst","8":"product_tag-delikatny-naszyjnik-z-fioletowymi-kamieniami","9":"product_tag-fosfosyderyt","10":"product_tag-kunzyt","11":"product_tag-naszyjnik-z-ametystami-spinelami-fosfosyderytami-kunzytami","12":"product_tag-naszyjnik-z-kamieniami-naturalnymi","13":"product_tag-naszyjnik-z-kropla-ametystu","14":"product_tag-spinel","15":"product_tag-zloty-hematyt","17":"first","18":"outofstock","19":"shipping-taxable","20":"purchasable","21":"product-type-simple"},"jetpack_sharing_enabled":true,"_links":{"self":[{"href":"https:\/\/koraledetale.pl\/index.php?rest_route=\/wp\/v2\/product\/5146","targetHints":{"allow":["GET"]}}],"collection":[{"href":"https:\/\/koraledetale.pl\/index.php?rest_route=\/wp\/v2\/product"}],"about":[{"href":"https:\/\/koraledetale.pl\/index.php?rest_route=\/wp\/v2\/types\/product"}],"replies":[{"embeddable":true,"href":"https:\/\/koraledetale.pl\/index.php?rest_route=%2Fwp%2Fv2%2Fcomments&post=5146"}],"wp:featuredmedia":[{"embeddable":true,"href":"https:\/\/koraledetale.pl\/index.php?rest_route=\/wp\/v2\/media\/5133"}],"wp:attachment":[{"href":"https:\/\/koraledetale.pl\/index.php?rest_route=%2Fwp%2Fv2%2Fmedia&parent=5146"}],"wp:term":[{"taxonomy":"product_brand","embeddable":true,"href":"https:\/\/koraledetale.pl\/index.php?rest_route=%2Fwp%2Fv2%2Fproduct_brand&post=5146"},{"taxonomy":"product_cat","embeddable":true,"href":"https:\/\/koraledetale.pl\/index.php?rest_route=%2Fwp%2Fv2%2Fproduct_cat&post=5146"},{"taxonomy":"product_tag","embeddable":true,"href":"https:\/\/koraledetale.pl\/index.php?rest_route=%2Fwp%2Fv2%2Fproduct_tag&post=5146"}],"curies":[{"name":"wp","href":"https:\/\/api.w.org\/{rel}","templated":true}]}}