{"id":5130,"date":"2024-02-10T16:32:54","date_gmt":"2024-02-10T16:32:54","guid":{"rendered":"https:\/\/koraledetale.pl\/?post_type=product&#038;p=5130"},"modified":"2024-11-26T12:26:39","modified_gmt":"2024-11-26T12:26:39","slug":"kolczyki-bursztynowa-energia-unikat-ii","status":"publish","type":"product","link":"https:\/\/koraledetale.pl\/?product=kolczyki-bursztynowa-energia-unikat-ii","title":{"rendered":"Kolczyki BURSZTYNOWA ENERGIA \u2013 unikat II"},"content":{"rendered":"<p>Wielko\u015b\u0107 bursztyn\u00f3w: 7 mm, 26x15x9 i 32x18x6 mm (mierzone w najszerszych miejscach).<\/p>\n<p>D\u0142ugo\u015b\u0107 kolczyk\u00f3w \u2013 4,3 i 5,7 cm.<\/p>\n<p>Wszystkie elementy metalowe wykonane s\u0105 z nieuczulaj\u0105cej stali szlachetnej.<\/p>\n","protected":false},"excerpt":{"rendered":"<p>Kolczyki dla odwa\u017cnych &#8211; d\u0142ugie, asymetryczne, na k\u00f3\u0142kach, z bursztynami. Wyj\u0105tkowe, dla wyj\u0105tkowej kobiety.<\/p>\n","protected":false},"featured_media":5127,"comment_status":"open","ping_status":"closed","template":"","meta":{"advanced_seo_description":"","jetpack_seo_html_title":"","jetpack_seo_noindex":false},"product_brand":[],"product_cat":[229],"product_tag":[1878,1136,1884,1883,1882,1879],"class_list":{"0":"post-5130","1":"product","2":"type-product","3":"status-publish","4":"has-post-thumbnail","6":"product_cat-sprzedane","7":"product_tag-asymetryczne-kolczyki-z-bursztynami","8":"product_tag-bursztyn","9":"product_tag-dlugie-kolczyki-kolka-z-bursztynami","10":"product_tag-kolczyki-ze-stali-chirurgicznej-z-bursztynami","11":"product_tag-kolczyki-ze-stali-szlachetnej-z-bursztynami","12":"product_tag-oryginalne-kolczyki-z-bursztynami","14":"first","15":"outofstock","16":"shipping-taxable","17":"product-type-simple"},"jetpack_sharing_enabled":true,"_links":{"self":[{"href":"https:\/\/koraledetale.pl\/index.php?rest_route=\/wp\/v2\/product\/5130","targetHints":{"allow":["GET"]}}],"collection":[{"href":"https:\/\/koraledetale.pl\/index.php?rest_route=\/wp\/v2\/product"}],"about":[{"href":"https:\/\/koraledetale.pl\/index.php?rest_route=\/wp\/v2\/types\/product"}],"replies":[{"embeddable":true,"href":"https:\/\/koraledetale.pl\/index.php?rest_route=%2Fwp%2Fv2%2Fcomments&post=5130"}],"wp:featuredmedia":[{"embeddable":true,"href":"https:\/\/koraledetale.pl\/index.php?rest_route=\/wp\/v2\/media\/5127"}],"wp:attachment":[{"href":"https:\/\/koraledetale.pl\/index.php?rest_route=%2Fwp%2Fv2%2Fmedia&parent=5130"}],"wp:term":[{"taxonomy":"product_brand","embeddable":true,"href":"https:\/\/koraledetale.pl\/index.php?rest_route=%2Fwp%2Fv2%2Fproduct_brand&post=5130"},{"taxonomy":"product_cat","embeddable":true,"href":"https:\/\/koraledetale.pl\/index.php?rest_route=%2Fwp%2Fv2%2Fproduct_cat&post=5130"},{"taxonomy":"product_tag","embeddable":true,"href":"https:\/\/koraledetale.pl\/index.php?rest_route=%2Fwp%2Fv2%2Fproduct_tag&post=5130"}],"curies":[{"name":"wp","href":"https:\/\/api.w.org\/{rel}","templated":true}]}}